{"id":4584,"date":"2022-06-21T20:32:27","date_gmt":"2022-06-21T18:32:27","guid":{"rendered":"https:\/\/quizzical-haslett.91-121-78-195.plesk.page\/?page_id=4584"},"modified":"2025-06-30T11:58:25","modified_gmt":"2025-06-30T09:58:25","slug":"la-region","status":"publish","type":"page","link":"https:\/\/scandola-girolata-piana.com\/en\/la-region\/","title":{"rendered":"Region"},"content":{"rendered":"\t\t<div data-elementor-type=\"wp-page\" data-elementor-id=\"4584\" class=\"elementor elementor-4584\" data-elementor-post-type=\"page\">\n\t\t\t\t\t\t<section class=\"elementor-section elementor-top-section elementor-element elementor-element-3e1f209 elementor-section-boxed elementor-section-height-default elementor-section-height-default\" data-id=\"3e1f209\" data-element_type=\"section\" data-e-type=\"section\">\n\t\t\t\t\t\t<div class=\"elementor-container elementor-column-gap-default\">\n\t\t\t\t\t<div class=\"elementor-column elementor-col-100 elementor-top-column elementor-element elementor-element-03f947b\" data-id=\"03f947b\" data-element_type=\"column\" data-e-type=\"column\">\n\t\t\t<div class=\"elementor-widget-wrap elementor-element-populated\">\n\t\t\t\t\t\t\t<\/div>\n\t\t<\/div>\n\t\t\t\t\t<\/div>\n\t\t<\/section>\n\t\t\t\t<section class=\"elementor-section elementor-top-section elementor-element elementor-element-f19af50 elementor-section-boxed elementor-section-height-default elementor-section-height-default\" data-id=\"f19af50\" data-element_type=\"section\" data-e-type=\"section\">\n\t\t\t\t\t\t<div class=\"elementor-container elementor-column-gap-default\">\n\t\t\t\t\t<div class=\"elementor-column elementor-col-50 elementor-top-column elementor-element elementor-element-bf859d4\" data-id=\"bf859d4\" data-element_type=\"column\" data-e-type=\"column\" data-settings=\"{&quot;background_background&quot;:&quot;classic&quot;}\">\n\t\t\t<div class=\"elementor-widget-wrap elementor-element-populated\">\n\t\t\t\t\t\t<div class=\"elementor-element elementor-element-f50d298 elementor-widget elementor-widget-text-editor\" data-id=\"f50d298\" data-element_type=\"widget\" data-e-type=\"widget\" data-widget_type=\"text-editor.default\">\n\t\t\t\t<div class=\"elementor-widget-container\">\n\t\t\t\t\t\t\t\t\t<h2 class=\"default-title\">D\u00e9couvrez la c\u00f4te Ouest de la Corse<\/h2>\n<h3 class=\"default-title\">Les r\u00e9gions de Porto, Cargese en passant par Galeria et Porticcio<\/h3>\n<p>La c\u00f4te Ouest de la Corse est une des plus belles r\u00e9gions de l\u2019Ile de Beaut\u00e9\u00a0de part son patrimoine historique et naturel. <strong>De\u00a0Galeria<\/strong>\u00a0\u00e0\u00a0<strong>Porticcio<\/strong>\u00a0en passant par\u00a0<a href=\"https:\/\/scandola-girolata-piana.com\/porto\/\" target=\"_blank\" rel=\"noopener\" data-saferedirecturl=\"https:\/\/www.google.com\/url?q=https:\/\/scandola-girolata-piana.com\/porto\/&amp;source=gmail&amp;ust=1527775562231000&amp;usg=AFQjCNHaR7o5hB9NUuaf3HBGGCf64Qd63w\">Porto\u00a0<\/a>et\u00a0<a href=\"https:\/\/scandola-girolata-piana.com\/cargese\/\" target=\"_blank\" rel=\"noopener\" data-saferedirecturl=\"https:\/\/www.google.com\/url?q=https:\/\/scandola-girolata-piana.com\/cargese\/&amp;source=gmail&amp;ust=1527775562231000&amp;usg=AFQjCNEYFXuWn-AI-jkjK6m9NZPo7IWINg\">Cargese<\/a>, la c\u00f4te ouest de la Corse et ses golfes aux reliefs tourment\u00e9s ne pourront vous laisser insensible.\n<\/p>\t\t\t\t\t\t\t\t<\/div>\n\t\t\t\t<\/div>\n\t\t\t\t<div class=\"elementor-element elementor-element-1da763a elementor-widget elementor-widget-text-editor\" data-id=\"1da763a\" data-element_type=\"widget\" data-e-type=\"widget\" data-widget_type=\"text-editor.default\">\n\t\t\t\t<div class=\"elementor-widget-container\">\n\t\t\t\t\t\t\t\t\t<p><br \/><em>\u00ab Les deux-s\u00e9vi \u00bb<\/em>\u00a0signifiant \u00ab\u00a0territoire de vie\u00a0\u00bb comprend de nombreux villages \u00e0 la typicit\u00e9 superbe, aux richesses naturelles surabondantes, et aux paysages granitiques et volcaniques. La c\u00f4te comprend de nombreux reliefs, \u00e0 la couleur ardente, tombant \u00e0 pic sur la mer rappelant les c\u00e9l\u00e8bres\u00a0falaises de Bonifacio.<\/p><h3 class=\"default-title\">Excursion en bateau \u00e0 Scandola \u2013 Girolata<\/h3><p>Le site de\u00a0Porto-<a href=\"\/decouvrir-scandola-girolata\/\" target=\"_blank\" rel=\"noopener\" data-saferedirecturl=\"https:\/\/www.google.com\/url?q=https:\/\/scandola-girolata-piana.com\/decouvrir-scandola-girolata\/&amp;source=gmail&amp;ust=1527775562232000&amp;usg=AFQjCNFalI7MzQIXZoq2L4oe7aS7yCeXOw\">Girolata<\/a>\u00a0est l\u2019un des sites les plus prestigieux de la Corse. Il est inscrit au\u00a0<strong>patrimoine mondial de l\u2019UNESCO<\/strong>\u00a0et est le point de d\u00e9part de nombreuses balades en mer.<\/p><p>Embarquez pour une\u00a0<a href=\"\/balades-en-mer-circuit-depart-porto\/\" target=\"_blank\" rel=\"noopener\" data-saferedirecturl=\"https:\/\/www.google.com\/url?q=https:\/\/scandola-girolata-piana.com\/balades-en-mer-circuit-depart-porto\/&amp;source=gmail&amp;ust=1527775562232000&amp;usg=AFQjCNHj3fYYfFXi_Sf_Q99kjstYAkO2hQ\">promenade en mer<\/a>\u00a0au d\u00e9part de <a href=\"\/porto\/\">Porto<\/a> pour admirer en bateau la\u00a0<a href=\"\/tour\/scandola-girolata\/\" target=\"_blank\" rel=\"noopener\" data-saferedirecturl=\"https:\/\/www.google.com\/url?q=https:\/\/scandola-girolata-piana.com\/tour\/scandola-girolata\/&amp;source=gmail&amp;ust=1527775562232000&amp;usg=AFQjCNEJShX7vaNNod6DFu2DeXLWSQZHyQ\">r\u00e9serve de Scandola<\/a>, sanctuaire de roches volcaniques qui abrite une faune et une flore end\u00e9miques. Vous passerez par le village de Girolata, prot\u00e9g\u00e9 par un fortin g\u00e9nois du XVIII\u00e8 si\u00e8cle.\u00a0<a href=\"\/tour\/calanche-de-piana-grottes-capo-rosso\/\" target=\"_blank\" rel=\"noopener\" data-saferedirecturl=\"https:\/\/www.google.com\/url?q=https:\/\/scandola-girolata-piana.com\/tour\/calanche-de-piana-grottes-capo-rosso\/&amp;source=gmail&amp;ust=1527775562232000&amp;usg=AFQjCNGlB2FSz0sf3njCkKllbAoUGY9ueA\">Les calanques de Piana<\/a>\u00a0et les\u00a0grottes du Capo Rosso\u00a0vous d\u00e9voileront leurs nombreux secrets.<\/p><h3 class=\"default-title\">Promenade en bateau dans les calanques de Piana<\/h3><p><strong>De retour \u00e0 Porto<\/strong>, les villages de l\u2019arri\u00e8re-pays valent \u00e9galement le coup d\u2019\u0153il comme le\u00a0Village de\u00a0<a href=\"\/decouvrir-piana-calanques\/\" target=\"_blank\" rel=\"noopener\" data-saferedirecturl=\"https:\/\/www.google.com\/url?q=https:\/\/scandola-girolata-piana.com\/decouvrir-piana-calanques\/&amp;source=gmail&amp;ust=1527775562232000&amp;usg=AFQjCNG8w5GukcB-drLQryFXCfImMpfaAA\">Piana<\/a>, l\u2019un des plus beaux village de France, ainsi que la for\u00eat d\u2019A\u00eftone, ses pins laricios et ses piscines naturelles d\u2019eau douce. Plantez ensuite votre parasol sur la c\u00e9l\u00e8bre plage d\u2019Arone o<strong>u la plage cach\u00e9e de\u00a0Ficaghjola<\/strong>, apr\u00e8s une route de toute beaut\u00e9 qui vous fera notamment d\u00e9couvrir les calanques de\u00a0<a href=\"\/decouvrir-piana-calanques\/\" target=\"_blank\" rel=\"noopener\" data-saferedirecturl=\"https:\/\/www.google.com\/url?q=https:\/\/scandola-girolata-piana.com\/decouvrir-piana-calanques\/&amp;source=gmail&amp;ust=1527775562232000&amp;usg=AFQjCNG8w5GukcB-drLQryFXCfImMpfaAA\">Piana<\/a>, formations rocheuses rouges class\u00e9es \u00e0 l\u2019UNESCO et son c\u00e9l\u00e8bre coeur des calanques.<\/p><p><strong>Le voyage ne s\u2019arr\u00eate pas l\u00e0\u2026<\/strong>d\u2019autres merveilles vous attendent, comme le sublime\u00a0Golfe de Sagone\u00a0qui comblera les plongeurs ou encore le village de <a href=\"\/cargese\/\">Carg\u00e8se<\/a>, qui surplombe la mer du haut de son promontoire de granit. Prenez le temps de visiter ses deux \u00e9glises et de <strong>vous d\u00e9tendre sur ses superbes plages<\/strong>,\u00a0Pero,\u00a0Stagnoli\u00a0ou encore\u00a0Chiuni.<\/p><h3 class=\"default-title\">Balade en bateau dans le golfe de Porto<\/h3><p>Avant de reprendre votre avion ou votre bateau \u00e0\u00a0Ajaccio, faites un petit d\u00e9tour par la vieille ville. Vous pourrez visiter la maison de <strong>naissance de\u00a0Napol\u00e9on Bonaparte<\/strong>. Et si vous avez encore un peu de temps, une derni\u00e8re journ\u00e9e dans la baie de Porticcio att\u00e9nuera un peu la nostalgie du d\u00e9part.<\/p>\t\t\t\t\t\t\t\t<\/div>\n\t\t\t\t<\/div>\n\t\t\t\t<div class=\"elementor-element elementor-element-16cb1f6 elementor-widget elementor-widget-google_maps\" data-id=\"16cb1f6\" data-element_type=\"widget\" data-e-type=\"widget\" data-widget_type=\"google_maps.default\">\n\t\t\t\t<div class=\"elementor-widget-container\">\n\t\t\t\t\t\t\t<div class=\"elementor-custom-embed\">\n\t\t\t<iframe loading=\"lazy\"\n\t\t\t\t\tsrc=\"https:\/\/maps.google.com\/maps?q=porto%2C%20corse&#038;t=m&#038;z=12&#038;output=embed&#038;iwloc=near\"\n\t\t\t\t\ttitle=\"porto, corse\"\n\t\t\t\t\taria-label=\"porto, corse\"\n\t\t\t><\/iframe>\n\t\t<\/div>\n\t\t\t\t\t\t<\/div>\n\t\t\t\t<\/div>\n\t\t\t\t\t<\/div>\n\t\t<\/div>\n\t\t\t\t<div class=\"elementor-column elementor-col-50 elementor-top-column elementor-element elementor-element-cbb460c\" data-id=\"cbb460c\" data-element_type=\"column\" data-e-type=\"column\" data-settings=\"{&quot;background_background&quot;:&quot;classic&quot;}\">\n\t\t\t<div class=\"elementor-widget-wrap elementor-element-populated\">\n\t\t\t\t\t\t<section class=\"elementor-section elementor-inner-section elementor-element elementor-element-840ce89 elementor-section-boxed elementor-section-height-default elementor-section-height-default\" data-id=\"840ce89\" data-element_type=\"section\" data-e-type=\"section\" data-settings=\"{&quot;sticky&quot;:&quot;top&quot;,&quot;sticky_parent&quot;:&quot;yes&quot;,&quot;sticky_on&quot;:[&quot;desktop&quot;,&quot;tablet&quot;,&quot;mobile&quot;],&quot;sticky_offset&quot;:0,&quot;sticky_effects_offset&quot;:0,&quot;sticky_anchor_link_offset&quot;:0}\">\n\t\t\t\t\t\t<div class=\"elementor-container elementor-column-gap-default\">\n\t\t\t\t\t<div class=\"elementor-column elementor-col-100 elementor-inner-column elementor-element elementor-element-5a0a859\" data-id=\"5a0a859\" data-element_type=\"column\" data-e-type=\"column\">\n\t\t\t<div class=\"elementor-widget-wrap elementor-element-populated\">\n\t\t\t\t\t\t<div class=\"elementor-element elementor-element-0668317 elementor-widget elementor-widget-heading\" data-id=\"0668317\" data-element_type=\"widget\" data-e-type=\"widget\" data-widget_type=\"heading.default\">\n\t\t\t\t<div class=\"elementor-widget-container\">\n\t\t\t\t\t<h4 class=\"elementor-heading-title elementor-size-default\">Excursions en Corse<\/h4>\t\t\t\t<\/div>\n\t\t\t\t<\/div>\n\t\t\t\t<div class=\"elementor-element elementor-element-01b67ff elementor-align-center sidebar-reservez elementor-widget elementor-widget-button\" data-id=\"01b67ff\" data-element_type=\"widget\" data-e-type=\"widget\" data-widget_type=\"button.default\">\n\t\t\t\t<div class=\"elementor-widget-container\">\n\t\t\t\t\t\t\t\t\t<div class=\"elementor-button-wrapper\">\n\t\t\t\t\t<a class=\"elementor-button elementor-button-link elementor-size-md\" href=\"#elementor-action%3Aaction%3Dpopup%3Aopen%26settings%3DeyJpZCI6IjU0OTEiLCJ0b2dnbGUiOmZhbHNlfQ%3D%3D\">\n\t\t\t\t\t\t<span class=\"elementor-button-content-wrapper\">\n\t\t\t\t\t\t\t\t\t<span class=\"elementor-button-text\">r\u00e9servez ici<\/span>\n\t\t\t\t\t<\/span>\n\t\t\t\t\t<\/a>\n\t\t\t\t<\/div>\n\t\t\t\t\t\t\t\t<\/div>\n\t\t\t\t<\/div>\n\t\t\t\t<div class=\"elementor-element elementor-element-3cd0d0f elementor-icon-list--layout-traditional elementor-list-item-link-full_width elementor-widget elementor-widget-icon-list\" data-id=\"3cd0d0f\" data-element_type=\"widget\" data-e-type=\"widget\" data-widget_type=\"icon-list.default\">\n\t\t\t\t<div class=\"elementor-widget-container\">\n\t\t\t\t\t\t\t<ul class=\"elementor-icon-list-items\">\n\t\t\t\t\t\t\t<li class=\"elementor-icon-list-item\">\n\t\t\t\t\t\t\t\t\t\t\t<span class=\"elementor-icon-list-icon\">\n\t\t\t\t\t\t\t<i aria-hidden=\"true\" class=\"icofont icofont-certificate-alt-1\"><\/i>\t\t\t\t\t\t<\/span>\n\t\t\t\t\t\t\t\t\t\t<span class=\"elementor-icon-list-text\">Guide professionnel agr\u00e9\u00e9<\/span>\n\t\t\t\t\t\t\t\t\t<\/li>\n\t\t\t\t\t\t\t\t<li class=\"elementor-icon-list-item\">\n\t\t\t\t\t\t\t\t\t\t\t<span class=\"elementor-icon-list-icon\">\n\t\t\t\t\t\t\t<i aria-hidden=\"true\" class=\" ti-lock\"><\/i>\t\t\t\t\t\t<\/span>\n\t\t\t\t\t\t\t\t\t\t<span class=\"elementor-icon-list-text\">Paiement s\u00e9curis\u00e9<\/span>\n\t\t\t\t\t\t\t\t\t<\/li>\n\t\t\t\t\t\t\t\t<li class=\"elementor-icon-list-item\">\n\t\t\t\t\t\t\t\t\t\t\t<span class=\"elementor-icon-list-icon\">\n\t\t\t\t\t\t\t<i aria-hidden=\"true\" class=\"icofont icofont-eco-energy\"><\/i>\t\t\t\t\t\t<\/span>\n\t\t\t\t\t\t\t\t\t\t<span class=\"elementor-icon-list-text\">Une attitude eco-responsable<\/span>\n\t\t\t\t\t\t\t\t\t<\/li>\n\t\t\t\t\t\t<\/ul>\n\t\t\t\t\t\t<\/div>\n\t\t\t\t<\/div>\n\t\t\t\t<div class=\"elementor-element elementor-element-3c75131 elementor-widget elementor-widget-html\" data-id=\"3c75131\" data-element_type=\"widget\" data-e-type=\"widget\" data-widget_type=\"html.default\">\n\t\t\t\t<div class=\"elementor-widget-container\">\n\t\t\t\t\t<script src=\"https:\/\/apps.elfsight.com\/p\/platform.js\" defer><\/script>\n<div class=\"elfsight-app-27fadf7b-a6c3-4b52-9e0b-62bd26c4e533\"><\/div>\t\t\t\t<\/div>\n\t\t\t\t<\/div>\n\t\t\t\t<div class=\"elementor-element elementor-element-7e34570 elementor-align-center sidebar-reservez elementor-widget elementor-widget-button\" data-id=\"7e34570\" data-element_type=\"widget\" data-e-type=\"widget\" data-widget_type=\"button.default\">\n\t\t\t\t<div class=\"elementor-widget-container\">\n\t\t\t\t\t\t\t\t\t<div class=\"elementor-button-wrapper\">\n\t\t\t\t\t<a class=\"elementor-button elementor-button-link elementor-size-md\" href=\"#elementor-action%3Aaction%3Dpopup%3Aopen%26settings%3DeyJpZCI6IjU0OTEiLCJ0b2dnbGUiOmZhbHNlfQ%3D%3D\">\n\t\t\t\t\t\t<span class=\"elementor-button-content-wrapper\">\n\t\t\t\t\t\t\t\t\t<span class=\"elementor-button-text\">Contactez-nous<\/span>\n\t\t\t\t\t<\/span>\n\t\t\t\t\t<\/a>\n\t\t\t\t<\/div>\n\t\t\t\t\t\t\t\t<\/div>\n\t\t\t\t<\/div>\n\t\t\t\t\t<\/div>\n\t\t<\/div>\n\t\t\t\t\t<\/div>\n\t\t<\/section>\n\t\t\t\t\t<\/div>\n\t\t<\/div>\n\t\t\t\t\t<\/div>\n\t\t<\/section>\n\t\t\t\t<section class=\"elementor-section elementor-top-section elementor-element elementor-element-d4bbe03 elementor-section-boxed elementor-section-height-default elementor-section-height-default\" data-id=\"d4bbe03\" data-element_type=\"section\" data-e-type=\"section\">\n\t\t\t\t\t\t<div class=\"elementor-container elementor-column-gap-default\">\n\t\t\t\t\t<div class=\"elementor-column elementor-col-25 elementor-top-column elementor-element elementor-element-5667680\" data-id=\"5667680\" data-element_type=\"column\" data-e-type=\"column\">\n\t\t\t<div class=\"elementor-widget-wrap elementor-element-populated\">\n\t\t\t\t\t\t<div class=\"elementor-element elementor-element-67d00a5 elementor-widget elementor-widget-image\" data-id=\"67d00a5\" data-element_type=\"widget\" data-e-type=\"widget\" data-widget_type=\"image.default\">\n\t\t\t\t<div class=\"elementor-widget-container\">\n\t\t\t\t\t\t\t\t\t\t\t\t\t\t\t\t<a href=\"\/decouvrir-scandola-girolata\/\">\n\t\t\t\t\t\t\t<img fetchpriority=\"high\" decoding=\"async\" width=\"545\" height=\"364\" src=\"https:\/\/scandola-girolata-piana.com\/wp-content\/uploads\/2017\/03\/scandola-et-girolata-alpana-1.jpg\" class=\"attachment-full size-full wp-image-3594\" alt=\"balade sortie en mer corse alpana depart porto scandola girolata piana\" srcset=\"https:\/\/scandola-girolata-piana.com\/wp-content\/uploads\/2017\/03\/scandola-et-girolata-alpana-1.jpg 545w, https:\/\/scandola-girolata-piana.com\/wp-content\/uploads\/2017\/03\/scandola-et-girolata-alpana-1-300x200.jpg 300w\" sizes=\"(max-width: 545px) 100vw, 545px\" \/>\t\t\t\t\t\t\t\t<\/a>\n\t\t\t\t\t\t\t\t\t\t\t\t\t\t\t<\/div>\n\t\t\t\t<\/div>\n\t\t\t\t<div class=\"elementor-element elementor-element-6f89a83 elementor-widget elementor-widget-text-editor\" data-id=\"6f89a83\" data-element_type=\"widget\" data-e-type=\"widget\" data-widget_type=\"text-editor.default\">\n\t\t\t\t<div class=\"elementor-widget-container\">\n\t\t\t\t\t\t\t\t\t<p style=\"text-align: center;\"><a href=\"\/decouvrir-scandola-girolata\/\">D\u00c9COUVRIR SCANDOLA &#8211; GIROLATA<\/a><\/p>\t\t\t\t\t\t\t\t<\/div>\n\t\t\t\t<\/div>\n\t\t\t\t\t<\/div>\n\t\t<\/div>\n\t\t\t\t<div class=\"elementor-column elementor-col-25 elementor-top-column elementor-element elementor-element-452939b\" data-id=\"452939b\" data-element_type=\"column\" data-e-type=\"column\">\n\t\t\t<div class=\"elementor-widget-wrap elementor-element-populated\">\n\t\t\t\t\t\t<div class=\"elementor-element elementor-element-edd2bb3 elementor-widget elementor-widget-image\" data-id=\"edd2bb3\" data-element_type=\"widget\" data-e-type=\"widget\" data-widget_type=\"image.default\">\n\t\t\t\t<div class=\"elementor-widget-container\">\n\t\t\t\t\t\t\t\t\t\t\t\t\t\t\t\t<a href=\"\/decouvrir-piana-calanques\/\">\n\t\t\t\t\t\t\t<img decoding=\"async\" width=\"2000\" height=\"1251\" src=\"https:\/\/scandola-girolata-piana.com\/wp-content\/uploads\/2017\/03\/piana-et-ses-calanques-alpana-1.jpg\" class=\"attachment-full size-full wp-image-3592\" alt=\"balade sortie en mer corse alpana depart porto scandola girolata piana\" srcset=\"https:\/\/scandola-girolata-piana.com\/wp-content\/uploads\/2017\/03\/piana-et-ses-calanques-alpana-1.jpg 2000w, https:\/\/scandola-girolata-piana.com\/wp-content\/uploads\/2017\/03\/piana-et-ses-calanques-alpana-1-300x188.jpg 300w, https:\/\/scandola-girolata-piana.com\/wp-content\/uploads\/2017\/03\/piana-et-ses-calanques-alpana-1-1024x641.jpg 1024w, https:\/\/scandola-girolata-piana.com\/wp-content\/uploads\/2017\/03\/piana-et-ses-calanques-alpana-1-768x480.jpg 768w, https:\/\/scandola-girolata-piana.com\/wp-content\/uploads\/2017\/03\/piana-et-ses-calanques-alpana-1-1536x961.jpg 1536w\" sizes=\"(max-width: 2000px) 100vw, 2000px\" \/>\t\t\t\t\t\t\t\t<\/a>\n\t\t\t\t\t\t\t\t\t\t\t\t\t\t\t<\/div>\n\t\t\t\t<\/div>\n\t\t\t\t<div class=\"elementor-element elementor-element-c65db75 elementor-widget elementor-widget-text-editor\" data-id=\"c65db75\" data-element_type=\"widget\" data-e-type=\"widget\" data-widget_type=\"text-editor.default\">\n\t\t\t\t<div class=\"elementor-widget-container\">\n\t\t\t\t\t\t\t\t\t<p style=\"text-align: center;\"><a href=\"https:\/\/scandola-girolata-piana.com\/la-region\/decouvrir-piana-et-ses-calanques\/\">D\u00c9COUVRIR PIANA ET SES CALANQUES<\/a><\/p>\t\t\t\t\t\t\t\t<\/div>\n\t\t\t\t<\/div>\n\t\t\t\t\t<\/div>\n\t\t<\/div>\n\t\t\t\t<div class=\"elementor-column elementor-col-25 elementor-top-column elementor-element elementor-element-19f68a5\" data-id=\"19f68a5\" data-element_type=\"column\" data-e-type=\"column\">\n\t\t\t<div class=\"elementor-widget-wrap elementor-element-populated\">\n\t\t\t\t\t\t<div class=\"elementor-element elementor-element-d8b3a5d elementor-widget elementor-widget-image\" data-id=\"d8b3a5d\" data-element_type=\"widget\" data-e-type=\"widget\" data-widget_type=\"image.default\">\n\t\t\t\t<div class=\"elementor-widget-container\">\n\t\t\t\t\t\t\t\t\t\t\t\t\t\t\t\t<a href=\"\/decouvrir-porto\/\">\n\t\t\t\t\t\t\t<img decoding=\"async\" width=\"545\" height=\"364\" src=\"https:\/\/scandola-girolata-piana.com\/wp-content\/uploads\/2017\/04\/porto-alpana-2-1.jpg\" class=\"attachment-full size-full wp-image-3660\" alt=\"Alpana promenade excursions en mer Scandola girolata porto en bateau\" srcset=\"https:\/\/scandola-girolata-piana.com\/wp-content\/uploads\/2017\/04\/porto-alpana-2-1.jpg 545w, https:\/\/scandola-girolata-piana.com\/wp-content\/uploads\/2017\/04\/porto-alpana-2-1-300x200.jpg 300w\" sizes=\"(max-width: 545px) 100vw, 545px\" \/>\t\t\t\t\t\t\t\t<\/a>\n\t\t\t\t\t\t\t\t\t\t\t\t\t\t\t<\/div>\n\t\t\t\t<\/div>\n\t\t\t\t<div class=\"elementor-element elementor-element-245594f elementor-widget elementor-widget-text-editor\" data-id=\"245594f\" data-element_type=\"widget\" data-e-type=\"widget\" data-widget_type=\"text-editor.default\">\n\t\t\t\t<div class=\"elementor-widget-container\">\n\t\t\t\t\t\t\t\t\t<p style=\"text-align: center;\"><a href=\"\/decouvrir-porto\/\">D\u00c9COUVRIR PORTO<\/a><\/p>\t\t\t\t\t\t\t\t<\/div>\n\t\t\t\t<\/div>\n\t\t\t\t\t<\/div>\n\t\t<\/div>\n\t\t\t\t<div class=\"elementor-column elementor-col-25 elementor-top-column elementor-element elementor-element-8e48e01\" data-id=\"8e48e01\" data-element_type=\"column\" data-e-type=\"column\">\n\t\t\t<div class=\"elementor-widget-wrap elementor-element-populated\">\n\t\t\t\t\t\t<div class=\"elementor-element elementor-element-cced201 elementor-widget elementor-widget-image\" data-id=\"cced201\" data-element_type=\"widget\" data-e-type=\"widget\" data-widget_type=\"image.default\">\n\t\t\t\t<div class=\"elementor-widget-container\">\n\t\t\t\t\t\t\t\t\t\t\t\t\t\t\t\t<a href=\"\/decouvrir-cargese\/\">\n\t\t\t\t\t\t\t<img loading=\"lazy\" decoding=\"async\" width=\"1280\" height=\"853\" src=\"https:\/\/scandola-girolata-piana.com\/wp-content\/uploads\/2017\/03\/cargese-1.jpg\" class=\"attachment-full size-full wp-image-3591\" alt=\"balade sortie en mer corse alpana depart porto scandola girolata piana\" srcset=\"https:\/\/scandola-girolata-piana.com\/wp-content\/uploads\/2017\/03\/cargese-1.jpg 1280w, https:\/\/scandola-girolata-piana.com\/wp-content\/uploads\/2017\/03\/cargese-1-300x200.jpg 300w, https:\/\/scandola-girolata-piana.com\/wp-content\/uploads\/2017\/03\/cargese-1-1024x682.jpg 1024w, https:\/\/scandola-girolata-piana.com\/wp-content\/uploads\/2017\/03\/cargese-1-768x512.jpg 768w\" sizes=\"(max-width: 1280px) 100vw, 1280px\" \/>\t\t\t\t\t\t\t\t<\/a>\n\t\t\t\t\t\t\t\t\t\t\t\t\t\t\t<\/div>\n\t\t\t\t<\/div>\n\t\t\t\t<div class=\"elementor-element elementor-element-cbdbf3e elementor-widget elementor-widget-text-editor\" data-id=\"cbdbf3e\" data-element_type=\"widget\" data-e-type=\"widget\" data-widget_type=\"text-editor.default\">\n\t\t\t\t<div class=\"elementor-widget-container\">\n\t\t\t\t\t\t\t\t\t<p style=\"text-align: center;\"><a href=\"\/decouvrir-cargese\/\">D\u00c9COUVRIR CARG\u00c8SE<\/a><\/p>\t\t\t\t\t\t\t\t<\/div>\n\t\t\t\t<\/div>\n\t\t\t\t\t<\/div>\n\t\t<\/div>\n\t\t\t\t\t<\/div>\n\t\t<\/section>\n\t\t\t\t<\/div>\n\t\t","protected":false},"excerpt":{"rendered":"<p>D\u00e9couvrez la c\u00f4te Ouest de la Corse Les r\u00e9gions de Porto, Cargese en passant par Galeria et Porticcio La c\u00f4te Ouest de la Corse est une des plus belles r\u00e9gions de l\u2019Ile de Beaut\u00e9\u00a0de part son patrimoine historique et naturel. De\u00a0Galeria\u00a0\u00e0\u00a0Porticcio\u00a0en passant par\u00a0Porto\u00a0et\u00a0Cargese, la c\u00f4te ouest de la Corse et ses golfes aux reliefs tourment\u00e9s [&hellip;]<\/p>\n","protected":false},"author":1,"featured_media":0,"parent":0,"menu_order":0,"comment_status":"closed","ping_status":"closed","template":"","meta":{"footnotes":""},"class_list":["post-4584","page","type-page","status-publish","hentry"],"_links":{"self":[{"href":"https:\/\/scandola-girolata-piana.com\/en\/wp-json\/wp\/v2\/pages\/4584","targetHints":{"allow":["GET"]}}],"collection":[{"href":"https:\/\/scandola-girolata-piana.com\/en\/wp-json\/wp\/v2\/pages"}],"about":[{"href":"https:\/\/scandola-girolata-piana.com\/en\/wp-json\/wp\/v2\/types\/page"}],"author":[{"embeddable":true,"href":"https:\/\/scandola-girolata-piana.com\/en\/wp-json\/wp\/v2\/users\/1"}],"replies":[{"embeddable":true,"href":"https:\/\/scandola-girolata-piana.com\/en\/wp-json\/wp\/v2\/comments?post=4584"}],"version-history":[{"count":72,"href":"https:\/\/scandola-girolata-piana.com\/en\/wp-json\/wp\/v2\/pages\/4584\/revisions"}],"predecessor-version":[{"id":7102,"href":"https:\/\/scandola-girolata-piana.com\/en\/wp-json\/wp\/v2\/pages\/4584\/revisions\/7102"}],"wp:attachment":[{"href":"https:\/\/scandola-girolata-piana.com\/en\/wp-json\/wp\/v2\/media?parent=4584"}],"curies":[{"name":"wp","href":"https:\/\/api.w.org\/{rel}","templated":true}]}}