{"id":4645,"date":"2022-06-21T21:37:42","date_gmt":"2022-06-21T19:37:42","guid":{"rendered":"https:\/\/quizzical-haslett.91-121-78-195.plesk.page\/?page_id=4645"},"modified":"2025-06-30T11:58:02","modified_gmt":"2025-06-30T09:58:02","slug":"decouvrir-cargese","status":"publish","type":"page","link":"https:\/\/scandola-girolata-piana.com\/en\/la-region\/decouvrir-cargese\/","title":{"rendered":"Discover Carg\u00e8se"},"content":{"rendered":"\t\t<div data-elementor-type=\"wp-page\" data-elementor-id=\"4645\" class=\"elementor elementor-4645\" data-elementor-post-type=\"page\">\n\t\t\t\t\t\t<section class=\"elementor-section elementor-top-section elementor-element elementor-element-aa6ad76 elementor-section-boxed elementor-section-height-default elementor-section-height-default\" data-id=\"aa6ad76\" data-element_type=\"section\" data-e-type=\"section\">\n\t\t\t\t\t\t<div class=\"elementor-container elementor-column-gap-default\">\n\t\t\t\t\t<div class=\"elementor-column elementor-col-100 elementor-top-column elementor-element elementor-element-94f22f8\" data-id=\"94f22f8\" data-element_type=\"column\" data-e-type=\"column\">\n\t\t\t<div class=\"elementor-widget-wrap elementor-element-populated\">\n\t\t\t\t\t\t\t<\/div>\n\t\t<\/div>\n\t\t\t\t\t<\/div>\n\t\t<\/section>\n\t\t\t\t<section class=\"elementor-section elementor-top-section elementor-element elementor-element-e4767cb elementor-section-boxed elementor-section-height-default elementor-section-height-default\" data-id=\"e4767cb\" data-element_type=\"section\" data-e-type=\"section\">\n\t\t\t\t\t\t<div class=\"elementor-container elementor-column-gap-default\">\n\t\t\t\t\t<div class=\"elementor-column elementor-col-50 elementor-top-column elementor-element elementor-element-f8b37af\" data-id=\"f8b37af\" data-element_type=\"column\" data-e-type=\"column\" data-settings=\"{&quot;background_background&quot;:&quot;classic&quot;}\">\n\t\t\t<div class=\"elementor-widget-wrap elementor-element-populated\">\n\t\t\t\t\t\t<div class=\"elementor-element elementor-element-70484dd elementor-widget elementor-widget-image\" data-id=\"70484dd\" data-element_type=\"widget\" data-e-type=\"widget\" data-widget_type=\"image.default\">\n\t\t\t\t<div class=\"elementor-widget-container\">\n\t\t\t\t\t\t\t\t\t\t\t\t\t\t\t<img fetchpriority=\"high\" decoding=\"async\" width=\"1280\" height=\"853\" src=\"https:\/\/scandola-girolata-piana.com\/wp-content\/uploads\/2017\/03\/cargese-1.jpg\" class=\"attachment-full size-full wp-image-3591\" alt=\"balade sortie en mer corse alpana depart porto scandola girolata piana\" srcset=\"https:\/\/scandola-girolata-piana.com\/wp-content\/uploads\/2017\/03\/cargese-1.jpg 1280w, https:\/\/scandola-girolata-piana.com\/wp-content\/uploads\/2017\/03\/cargese-1-300x200.jpg 300w, https:\/\/scandola-girolata-piana.com\/wp-content\/uploads\/2017\/03\/cargese-1-1024x682.jpg 1024w, https:\/\/scandola-girolata-piana.com\/wp-content\/uploads\/2017\/03\/cargese-1-768x512.jpg 768w\" sizes=\"(max-width: 1280px) 100vw, 1280px\" \/>\t\t\t\t\t\t\t\t\t\t\t\t\t\t\t<\/div>\n\t\t\t\t<\/div>\n\t\t\t\t<div class=\"elementor-element elementor-element-0fb0bef elementor-widget elementor-widget-text-editor\" data-id=\"0fb0bef\" data-element_type=\"widget\" data-e-type=\"widget\" data-widget_type=\"text-editor.default\">\n\t\t\t\t<div class=\"elementor-widget-container\">\n\t\t\t\t\t\t\t\t\t<p><strong>Carg\u00e8se<\/strong> est un petit village de Corse du Sud. Ancienne <strong>cit\u00e9 grecque orthodoxe<\/strong>, l\u2019architecture du village rappelle son histoire notamment avec ses maisons blanches \u00e0 volets bleus.<\/p><p>Une des sp\u00e9cificit\u00e9s du village est de poss\u00e9der <strong>deux \u00e9glises<\/strong> : une \u00e9glise orthodoxe faisant face \u00e0 l\u2019\u00e9glise latine toutes deux datant du XIXe si\u00e8cle.<\/p><p><strong>A voir \u00e0 Carg\u00e8se :\u00a0<\/strong><\/p><ul><li>L\u2019\u00e9glise grecque de Saint Spyridon<\/li><li>L\u2019\u00e9glise latine de l\u2019assomption<\/li><li>Le couvent de la nativit\u00e9 de la Vierge<\/li><li>L\u2019\u00e9glise Saint Jean-Baptiste<\/li><li>Les trois tours g\u00e9noises : Tour d\u2019Orchinu, Tour D\u2019ormigna et Tour de Carg\u00e8se<\/li><\/ul><p>Carg\u00e8se accueille \u00e9galement le <strong>Carg\u00e8se Sound System Festival<\/strong> tous les \u00e9t\u00e9s sur la c\u00e9l\u00e8bre plage du P\u00e9ro et aux ar\u00e8nes de la Sara.<\/p>\t\t\t\t\t\t\t\t<\/div>\n\t\t\t\t<\/div>\n\t\t\t\t<div class=\"elementor-element elementor-element-a5e53d2 elementor-widget elementor-widget-google_maps\" data-id=\"a5e53d2\" data-element_type=\"widget\" data-e-type=\"widget\" data-widget_type=\"google_maps.default\">\n\t\t\t\t<div class=\"elementor-widget-container\">\n\t\t\t\t\t\t\t<div class=\"elementor-custom-embed\">\n\t\t\t<iframe loading=\"lazy\"\n\t\t\t\t\tsrc=\"https:\/\/maps.google.com\/maps?q=carg%C3%A8se%2C%20corse&#038;t=m&#038;z=11&#038;output=embed&#038;iwloc=near\"\n\t\t\t\t\ttitle=\"carg\u00e8se, corse\"\n\t\t\t\t\taria-label=\"carg\u00e8se, corse\"\n\t\t\t><\/iframe>\n\t\t<\/div>\n\t\t\t\t\t\t<\/div>\n\t\t\t\t<\/div>\n\t\t\t\t\t<\/div>\n\t\t<\/div>\n\t\t\t\t<div class=\"elementor-column elementor-col-50 elementor-top-column elementor-element elementor-element-cd9c681\" data-id=\"cd9c681\" data-element_type=\"column\" data-e-type=\"column\" data-settings=\"{&quot;background_background&quot;:&quot;classic&quot;}\">\n\t\t\t<div class=\"elementor-widget-wrap elementor-element-populated\">\n\t\t\t\t\t\t<section class=\"elementor-section elementor-inner-section elementor-element elementor-element-9504cb6 elementor-section-boxed elementor-section-height-default elementor-section-height-default\" data-id=\"9504cb6\" data-element_type=\"section\" data-e-type=\"section\" data-settings=\"{&quot;sticky&quot;:&quot;top&quot;,&quot;sticky_parent&quot;:&quot;yes&quot;,&quot;sticky_on&quot;:[&quot;desktop&quot;,&quot;tablet&quot;,&quot;mobile&quot;],&quot;sticky_offset&quot;:0,&quot;sticky_effects_offset&quot;:0,&quot;sticky_anchor_link_offset&quot;:0}\">\n\t\t\t\t\t\t<div class=\"elementor-container elementor-column-gap-default\">\n\t\t\t\t\t<div class=\"elementor-column elementor-col-100 elementor-inner-column elementor-element elementor-element-a116c88\" data-id=\"a116c88\" data-element_type=\"column\" data-e-type=\"column\">\n\t\t\t<div class=\"elementor-widget-wrap elementor-element-populated\">\n\t\t\t\t\t\t<div class=\"elementor-element elementor-element-d4578e2 elementor-widget elementor-widget-heading\" data-id=\"d4578e2\" data-element_type=\"widget\" data-e-type=\"widget\" data-widget_type=\"heading.default\">\n\t\t\t\t<div class=\"elementor-widget-container\">\n\t\t\t\t\t<h4 class=\"elementor-heading-title elementor-size-default\">Excursions en Corse<\/h4>\t\t\t\t<\/div>\n\t\t\t\t<\/div>\n\t\t\t\t<div class=\"elementor-element elementor-element-f66ff91 elementor-align-center sidebar-reservez elementor-widget elementor-widget-button\" data-id=\"f66ff91\" data-element_type=\"widget\" data-e-type=\"widget\" data-widget_type=\"button.default\">\n\t\t\t\t<div class=\"elementor-widget-container\">\n\t\t\t\t\t\t\t\t\t<div class=\"elementor-button-wrapper\">\n\t\t\t\t\t<a class=\"elementor-button elementor-button-link elementor-size-md\" href=\"#elementor-action%3Aaction%3Dpopup%3Aopen%26settings%3DeyJpZCI6IjU0OTEiLCJ0b2dnbGUiOmZhbHNlfQ%3D%3D\">\n\t\t\t\t\t\t<span class=\"elementor-button-content-wrapper\">\n\t\t\t\t\t\t\t\t\t<span class=\"elementor-button-text\">r\u00e9servez ici<\/span>\n\t\t\t\t\t<\/span>\n\t\t\t\t\t<\/a>\n\t\t\t\t<\/div>\n\t\t\t\t\t\t\t\t<\/div>\n\t\t\t\t<\/div>\n\t\t\t\t<div class=\"elementor-element elementor-element-f523d55 elementor-icon-list--layout-traditional elementor-list-item-link-full_width elementor-widget elementor-widget-icon-list\" data-id=\"f523d55\" data-element_type=\"widget\" data-e-type=\"widget\" data-widget_type=\"icon-list.default\">\n\t\t\t\t<div class=\"elementor-widget-container\">\n\t\t\t\t\t\t\t<ul class=\"elementor-icon-list-items\">\n\t\t\t\t\t\t\t<li class=\"elementor-icon-list-item\">\n\t\t\t\t\t\t\t\t\t\t\t<span class=\"elementor-icon-list-icon\">\n\t\t\t\t\t\t\t<i aria-hidden=\"true\" class=\"icofont icofont-certificate-alt-1\"><\/i>\t\t\t\t\t\t<\/span>\n\t\t\t\t\t\t\t\t\t\t<span class=\"elementor-icon-list-text\">Guide professionnel agr\u00e9\u00e9<\/span>\n\t\t\t\t\t\t\t\t\t<\/li>\n\t\t\t\t\t\t\t\t<li class=\"elementor-icon-list-item\">\n\t\t\t\t\t\t\t\t\t\t\t<span class=\"elementor-icon-list-icon\">\n\t\t\t\t\t\t\t<i aria-hidden=\"true\" class=\" ti-lock\"><\/i>\t\t\t\t\t\t<\/span>\n\t\t\t\t\t\t\t\t\t\t<span class=\"elementor-icon-list-text\">Paiement s\u00e9curis\u00e9<\/span>\n\t\t\t\t\t\t\t\t\t<\/li>\n\t\t\t\t\t\t\t\t<li class=\"elementor-icon-list-item\">\n\t\t\t\t\t\t\t\t\t\t\t<span class=\"elementor-icon-list-icon\">\n\t\t\t\t\t\t\t<i aria-hidden=\"true\" class=\"icofont icofont-eco-energy\"><\/i>\t\t\t\t\t\t<\/span>\n\t\t\t\t\t\t\t\t\t\t<span class=\"elementor-icon-list-text\">Une attitude eco-responsable<\/span>\n\t\t\t\t\t\t\t\t\t<\/li>\n\t\t\t\t\t\t<\/ul>\n\t\t\t\t\t\t<\/div>\n\t\t\t\t<\/div>\n\t\t\t\t<div class=\"elementor-element elementor-element-540d227 elementor-widget elementor-widget-html\" data-id=\"540d227\" data-element_type=\"widget\" data-e-type=\"widget\" data-widget_type=\"html.default\">\n\t\t\t\t<div class=\"elementor-widget-container\">\n\t\t\t\t\t<script src=\"https:\/\/apps.elfsight.com\/p\/platform.js\" defer><\/script>\n<div class=\"elfsight-app-27fadf7b-a6c3-4b52-9e0b-62bd26c4e533\"><\/div>\t\t\t\t<\/div>\n\t\t\t\t<\/div>\n\t\t\t\t<div class=\"elementor-element elementor-element-95b261c elementor-align-center sidebar-reservez elementor-widget elementor-widget-button\" data-id=\"95b261c\" data-element_type=\"widget\" data-e-type=\"widget\" data-widget_type=\"button.default\">\n\t\t\t\t<div class=\"elementor-widget-container\">\n\t\t\t\t\t\t\t\t\t<div class=\"elementor-button-wrapper\">\n\t\t\t\t\t<a class=\"elementor-button elementor-button-link elementor-size-md\" href=\"#elementor-action%3Aaction%3Dpopup%3Aopen%26settings%3DeyJpZCI6IjU0OTEiLCJ0b2dnbGUiOmZhbHNlfQ%3D%3D\">\n\t\t\t\t\t\t<span class=\"elementor-button-content-wrapper\">\n\t\t\t\t\t\t\t\t\t<span class=\"elementor-button-text\">Contactez-nous<\/span>\n\t\t\t\t\t<\/span>\n\t\t\t\t\t<\/a>\n\t\t\t\t<\/div>\n\t\t\t\t\t\t\t\t<\/div>\n\t\t\t\t<\/div>\n\t\t\t\t\t<\/div>\n\t\t<\/div>\n\t\t\t\t\t<\/div>\n\t\t<\/section>\n\t\t\t\t\t<\/div>\n\t\t<\/div>\n\t\t\t\t\t<\/div>\n\t\t<\/section>\n\t\t\t\t<\/div>\n\t\t","protected":false},"excerpt":{"rendered":"<p>Carg\u00e8se est un petit village de Corse du Sud. Ancienne cit\u00e9 grecque orthodoxe, l\u2019architecture du village rappelle son histoire notamment avec ses maisons blanches \u00e0 volets bleus. Une des sp\u00e9cificit\u00e9s du village est de poss\u00e9der deux \u00e9glises : une \u00e9glise orthodoxe faisant face \u00e0 l\u2019\u00e9glise latine toutes deux datant du XIXe si\u00e8cle. A voir \u00e0 [&hellip;]<\/p>\n","protected":false},"author":1,"featured_media":0,"parent":4584,"menu_order":0,"comment_status":"closed","ping_status":"closed","template":"","meta":{"footnotes":""},"class_list":["post-4645","page","type-page","status-publish","hentry"],"_links":{"self":[{"href":"https:\/\/scandola-girolata-piana.com\/en\/wp-json\/wp\/v2\/pages\/4645","targetHints":{"allow":["GET"]}}],"collection":[{"href":"https:\/\/scandola-girolata-piana.com\/en\/wp-json\/wp\/v2\/pages"}],"about":[{"href":"https:\/\/scandola-girolata-piana.com\/en\/wp-json\/wp\/v2\/types\/page"}],"author":[{"embeddable":true,"href":"https:\/\/scandola-girolata-piana.com\/en\/wp-json\/wp\/v2\/users\/1"}],"replies":[{"embeddable":true,"href":"https:\/\/scandola-girolata-piana.com\/en\/wp-json\/wp\/v2\/comments?post=4645"}],"version-history":[{"count":25,"href":"https:\/\/scandola-girolata-piana.com\/en\/wp-json\/wp\/v2\/pages\/4645\/revisions"}],"predecessor-version":[{"id":7099,"href":"https:\/\/scandola-girolata-piana.com\/en\/wp-json\/wp\/v2\/pages\/4645\/revisions\/7099"}],"up":[{"embeddable":true,"href":"https:\/\/scandola-girolata-piana.com\/en\/wp-json\/wp\/v2\/pages\/4584"}],"wp:attachment":[{"href":"https:\/\/scandola-girolata-piana.com\/en\/wp-json\/wp\/v2\/media?parent=4645"}],"curies":[{"name":"wp","href":"https:\/\/api.w.org\/{rel}","templated":true}]}}