{"id":4660,"date":"2022-06-21T21:48:38","date_gmt":"2022-06-21T19:48:38","guid":{"rendered":"https:\/\/quizzical-haslett.91-121-78-195.plesk.page\/?page_id=4660"},"modified":"2025-06-30T11:57:08","modified_gmt":"2025-06-30T09:57:08","slug":"decouvrir-piana-et-ses-calanques","status":"publish","type":"page","link":"https:\/\/scandola-girolata-piana.com\/en\/la-region\/decouvrir-piana-et-ses-calanques\/","title":{"rendered":"Discover Piana and its calanques"},"content":{"rendered":"\t\t<div data-elementor-type=\"wp-page\" data-elementor-id=\"4660\" class=\"elementor elementor-4660\" data-elementor-post-type=\"page\">\n\t\t\t\t\t\t<section class=\"elementor-section elementor-top-section elementor-element elementor-element-b35aa73 elementor-section-boxed elementor-section-height-default elementor-section-height-default\" data-id=\"b35aa73\" data-element_type=\"section\" data-e-type=\"section\">\n\t\t\t\t\t\t<div class=\"elementor-container elementor-column-gap-default\">\n\t\t\t\t\t<div class=\"elementor-column elementor-col-100 elementor-top-column elementor-element elementor-element-b067403\" data-id=\"b067403\" data-element_type=\"column\" data-e-type=\"column\">\n\t\t\t<div class=\"elementor-widget-wrap elementor-element-populated\">\n\t\t\t\t\t\t\t<\/div>\n\t\t<\/div>\n\t\t\t\t\t<\/div>\n\t\t<\/section>\n\t\t\t\t<section class=\"elementor-section elementor-top-section elementor-element elementor-element-0803814 elementor-section-boxed elementor-section-height-default elementor-section-height-default\" data-id=\"0803814\" data-element_type=\"section\" data-e-type=\"section\">\n\t\t\t\t\t\t<div class=\"elementor-container elementor-column-gap-default\">\n\t\t\t\t\t<div class=\"elementor-column elementor-col-50 elementor-top-column elementor-element elementor-element-6b4990c\" data-id=\"6b4990c\" data-element_type=\"column\" data-e-type=\"column\" data-settings=\"{&quot;background_background&quot;:&quot;classic&quot;}\">\n\t\t\t<div class=\"elementor-widget-wrap elementor-element-populated\">\n\t\t\t\t\t\t<div class=\"elementor-element elementor-element-c67250f elementor-widget elementor-widget-image\" data-id=\"c67250f\" data-element_type=\"widget\" data-e-type=\"widget\" data-widget_type=\"image.default\">\n\t\t\t\t<div class=\"elementor-widget-container\">\n\t\t\t\t\t\t\t\t\t\t\t\t\t\t\t<img fetchpriority=\"high\" decoding=\"async\" width=\"2000\" height=\"1251\" src=\"https:\/\/scandola-girolata-piana.com\/wp-content\/uploads\/2017\/03\/piana-et-ses-calanques-alpana-1.jpg\" class=\"attachment-full size-full wp-image-3592\" alt=\"balade sortie en mer corse alpana depart porto scandola girolata piana\" srcset=\"https:\/\/scandola-girolata-piana.com\/wp-content\/uploads\/2017\/03\/piana-et-ses-calanques-alpana-1.jpg 2000w, https:\/\/scandola-girolata-piana.com\/wp-content\/uploads\/2017\/03\/piana-et-ses-calanques-alpana-1-300x188.jpg 300w, https:\/\/scandola-girolata-piana.com\/wp-content\/uploads\/2017\/03\/piana-et-ses-calanques-alpana-1-1024x641.jpg 1024w, https:\/\/scandola-girolata-piana.com\/wp-content\/uploads\/2017\/03\/piana-et-ses-calanques-alpana-1-768x480.jpg 768w, https:\/\/scandola-girolata-piana.com\/wp-content\/uploads\/2017\/03\/piana-et-ses-calanques-alpana-1-1536x961.jpg 1536w\" sizes=\"(max-width: 2000px) 100vw, 2000px\" \/>\t\t\t\t\t\t\t\t\t\t\t\t\t\t\t<\/div>\n\t\t\t\t<\/div>\n\t\t\t\t<div class=\"elementor-element elementor-element-cb5e1db elementor-widget elementor-widget-text-editor\" data-id=\"cb5e1db\" data-element_type=\"widget\" data-e-type=\"widget\" data-widget_type=\"text-editor.default\">\n\t\t\t\t<div class=\"elementor-widget-container\">\n\t\t\t\t\t\t\t\t\t<h2 class=\"default-title\">Excursion dans les calanques de Piana<\/h2><p>Au d\u00e9part du port de Porto, Alpana vous propose de visiter les <a href=\"https:\/\/scandola-girolata-piana.com\/tour\/calanche-de-piana-grottes-capo-rosso\/\">Calanques de Piana<\/a> lors d\u2019une balade en mer.\u00a0<strong>Accessible uniquement par <a href=\"https:\/\/scandola-girolata-piana.com\/votre-bateau\/\">bateau<\/a><\/strong>, vous longerez ces 10kms de c\u00f4te et d\u00e9couvrirez les nombreuses grottes qui s\u2019y cachent.<\/p><p>Pour ceux qui souhaitent un autre point de vue,\u00a0il est possible de visiter <strong>les calanques<\/strong> \u00e0 pied en rejoignant le village de Piana situ\u00e9 \u00e0 440m d\u2019altitude et \u00e0 seulement 12km de Porto.<\/p><p>Ses calanques <em>-Calanche di Piana en Corse-<\/em> aux roches rougeoyantes font de\u00a0Piana l\u2019un des plus beaux sites de Corse.<\/p><h2 class=\"default-title\">Excursion depuis Porto, dans le golfe du Capo Rosso<\/h2><p>Son village est class\u00e9 parmi les plus beaux villages de France.\u00a0<strong>Entre Porto et Piana<\/strong>, la route \u00e9troite et tortueuse s\u2019accroche en corniche. Les calanques tombent \u00e0 pic dans la mer.\u00a0Guy de Maupassant\u00a0dans \u201cLe monast\u00e8re de Corbara\u201d, texte publi\u00e9 dans\u00a0<i>Le Gaulois<\/i>\u00a0du 5 octobre 1880, disait :<\/p>\t\t\t\t\t\t\t\t<\/div>\n\t\t\t\t<\/div>\n\t\t\t\t<div class=\"elementor-element elementor-element-2af1e27 elementor-widget elementor-widget-text-editor\" data-id=\"2af1e27\" data-element_type=\"widget\" data-e-type=\"widget\" data-widget_type=\"text-editor.default\">\n\t\t\t\t<div class=\"elementor-widget-container\">\n\t\t\t\t\t\t\t\t\t\u00ab \u00c0 la nuit tombante, j\u2019ai travers\u00e9 les\u00a0calanche di Piana. Je m\u2019arr\u00eatais d\u2019abord stup\u00e9fait devant ces \u00e9tonnants rochers de granit rose, hauts de quatre cents m\u00e8tres, \u00e9tranges, tortur\u00e9s, courb\u00e9s, rong\u00e9s par le temps, sanglants sous les derniers feux du cr\u00e9puscule et prenant toutes les formes comme un peuple fantastique de contes f\u00e9eriques, p\u00e9trifi\u00e9 par quelque pouvoir surnaturel. J\u2019aper\u00e7us alternativement deux moines debout, d\u2019une taille gigantesque ; un \u00e9v\u00eaque assis, crosse en main, mitre en t\u00eate ; de prodigieuses figures, un lion accroupi au bord de la route, une femme allaitant son enfant et une t\u00eate de diable immense, cornue, grima\u00e7ante, gardienne sans doute de cette foule emprisonn\u00e9e en des corps de pierre. Apr\u00e8s le\u00a0<a href=\"https:\/\/fr.wikipedia.org\/wiki\/Niolo_(r%C3%A9gion)\" target=\"_blank\" rel=\"noopener\" data-saferedirecturl=\"https:\/\/www.google.com\/url?q=https:\/\/fr.wikipedia.org\/wiki\/Niolo_(r%25C3%25A9gion)&amp;source=gmail&amp;ust=1527775562232000&amp;usg=AFQjCNGMVIRnlX6_Y-2ibCfUFZ_pNiu2ow\">Niolo<\/a>\u00a0dont tout le monde, sans doute, n\u2019admirera pas la saisissante et aride solitude, les calanche di Piana sont une des merveilles de la Corse ; on peut dire, je crois, une des merveilles du monde. \u00bb\n<h3 class=\"default-title\"><strong>A voir \u00e0 Piana<\/strong><\/h3>\n<ul>\n \t<li>Son village<\/li>\n \t<li>Eglise de l\u2019Assomption au coeur du village<\/li>\n \t<li>Tour g\u00e9noise de Turghju au sommet du Capo Rosso<\/li>\n \t<li>Site naturel prot\u00e9g\u00e9 de Capo Rosso (par la mer)<\/li>\n \t<li>For\u00eat de Piana<\/li>\n \t<li>La marine de Ficaghjola<\/li>\n \t<li>Les calanques de Piana<\/li>\n \t<li>La vue sur le Mont-Senino<\/li>\n \t<li>La plage d\u2019Arone<\/li>\n<\/ul>\nDepuis Piana, plusieurs randonn\u00e9es sont accessibles !\n\n<strong>Apr\u00e8s avoir vu\u00a0les calanques par la route, comment r\u00e9sister \u00e0 une <a href=\"https:\/\/scandola-girolata-piana.com\/les-circuits\/circuit-3-les-calanques-de-piana-et-les-grottes-du-capo-rosso\/\">balade en mer<\/a> \u00e0\u00a0bord de l\u2019Alpana pour d\u00e9couvrir ce paradis vu de la mer ?<\/strong>\t\t\t\t\t\t\t\t<\/div>\n\t\t\t\t<\/div>\n\t\t\t\t<div class=\"elementor-element elementor-element-256945d elementor-widget elementor-widget-google_maps\" data-id=\"256945d\" data-element_type=\"widget\" data-e-type=\"widget\" data-widget_type=\"google_maps.default\">\n\t\t\t\t<div class=\"elementor-widget-container\">\n\t\t\t\t\t\t\t<div class=\"elementor-custom-embed\">\n\t\t\t<iframe loading=\"lazy\"\n\t\t\t\t\tsrc=\"https:\/\/maps.google.com\/maps?q=calanques%20piana%2C%20corse&#038;t=m&#038;z=11&#038;output=embed&#038;iwloc=near\"\n\t\t\t\t\ttitle=\"calanques piana, corse\"\n\t\t\t\t\taria-label=\"calanques piana, corse\"\n\t\t\t><\/iframe>\n\t\t<\/div>\n\t\t\t\t\t\t<\/div>\n\t\t\t\t<\/div>\n\t\t\t\t\t<\/div>\n\t\t<\/div>\n\t\t\t\t<div class=\"elementor-column elementor-col-50 elementor-top-column elementor-element elementor-element-a8237e5\" data-id=\"a8237e5\" data-element_type=\"column\" data-e-type=\"column\" data-settings=\"{&quot;background_background&quot;:&quot;classic&quot;}\">\n\t\t\t<div class=\"elementor-widget-wrap elementor-element-populated\">\n\t\t\t\t\t\t<section class=\"elementor-section elementor-inner-section elementor-element elementor-element-287a113 elementor-section-boxed elementor-section-height-default elementor-section-height-default\" data-id=\"287a113\" data-element_type=\"section\" data-e-type=\"section\" data-settings=\"{&quot;sticky&quot;:&quot;top&quot;,&quot;sticky_parent&quot;:&quot;yes&quot;,&quot;sticky_on&quot;:[&quot;desktop&quot;,&quot;tablet&quot;,&quot;mobile&quot;],&quot;sticky_offset&quot;:0,&quot;sticky_effects_offset&quot;:0,&quot;sticky_anchor_link_offset&quot;:0}\">\n\t\t\t\t\t\t<div class=\"elementor-container elementor-column-gap-default\">\n\t\t\t\t\t<div class=\"elementor-column elementor-col-100 elementor-inner-column elementor-element elementor-element-5d8e2c4\" data-id=\"5d8e2c4\" data-element_type=\"column\" data-e-type=\"column\">\n\t\t\t<div class=\"elementor-widget-wrap elementor-element-populated\">\n\t\t\t\t\t\t<div class=\"elementor-element elementor-element-99abb0a elementor-widget elementor-widget-heading\" data-id=\"99abb0a\" data-element_type=\"widget\" data-e-type=\"widget\" data-widget_type=\"heading.default\">\n\t\t\t\t<div class=\"elementor-widget-container\">\n\t\t\t\t\t<h4 class=\"elementor-heading-title elementor-size-default\">Excursions en Corse<\/h4>\t\t\t\t<\/div>\n\t\t\t\t<\/div>\n\t\t\t\t<div class=\"elementor-element elementor-element-5e39ccc elementor-align-center sidebar-reservez elementor-widget elementor-widget-button\" data-id=\"5e39ccc\" data-element_type=\"widget\" data-e-type=\"widget\" data-widget_type=\"button.default\">\n\t\t\t\t<div class=\"elementor-widget-container\">\n\t\t\t\t\t\t\t\t\t<div class=\"elementor-button-wrapper\">\n\t\t\t\t\t<a class=\"elementor-button elementor-button-link elementor-size-md\" href=\"#elementor-action%3Aaction%3Dpopup%3Aopen%26settings%3DeyJpZCI6IjU0OTEiLCJ0b2dnbGUiOmZhbHNlfQ%3D%3D\">\n\t\t\t\t\t\t<span class=\"elementor-button-content-wrapper\">\n\t\t\t\t\t\t\t\t\t<span class=\"elementor-button-text\">r\u00e9servez ici<\/span>\n\t\t\t\t\t<\/span>\n\t\t\t\t\t<\/a>\n\t\t\t\t<\/div>\n\t\t\t\t\t\t\t\t<\/div>\n\t\t\t\t<\/div>\n\t\t\t\t<div class=\"elementor-element elementor-element-2fd2747 elementor-icon-list--layout-traditional elementor-list-item-link-full_width elementor-widget elementor-widget-icon-list\" data-id=\"2fd2747\" data-element_type=\"widget\" data-e-type=\"widget\" data-widget_type=\"icon-list.default\">\n\t\t\t\t<div class=\"elementor-widget-container\">\n\t\t\t\t\t\t\t<ul class=\"elementor-icon-list-items\">\n\t\t\t\t\t\t\t<li class=\"elementor-icon-list-item\">\n\t\t\t\t\t\t\t\t\t\t\t<span class=\"elementor-icon-list-icon\">\n\t\t\t\t\t\t\t<i aria-hidden=\"true\" class=\"icofont icofont-certificate-alt-1\"><\/i>\t\t\t\t\t\t<\/span>\n\t\t\t\t\t\t\t\t\t\t<span class=\"elementor-icon-list-text\">Guide professionnel agr\u00e9\u00e9<\/span>\n\t\t\t\t\t\t\t\t\t<\/li>\n\t\t\t\t\t\t\t\t<li class=\"elementor-icon-list-item\">\n\t\t\t\t\t\t\t\t\t\t\t<span class=\"elementor-icon-list-icon\">\n\t\t\t\t\t\t\t<i aria-hidden=\"true\" class=\" ti-lock\"><\/i>\t\t\t\t\t\t<\/span>\n\t\t\t\t\t\t\t\t\t\t<span class=\"elementor-icon-list-text\">Paiement s\u00e9curis\u00e9<\/span>\n\t\t\t\t\t\t\t\t\t<\/li>\n\t\t\t\t\t\t\t\t<li class=\"elementor-icon-list-item\">\n\t\t\t\t\t\t\t\t\t\t\t<span class=\"elementor-icon-list-icon\">\n\t\t\t\t\t\t\t<i aria-hidden=\"true\" class=\"icofont icofont-eco-energy\"><\/i>\t\t\t\t\t\t<\/span>\n\t\t\t\t\t\t\t\t\t\t<span class=\"elementor-icon-list-text\">Une attitude eco-responsable<\/span>\n\t\t\t\t\t\t\t\t\t<\/li>\n\t\t\t\t\t\t<\/ul>\n\t\t\t\t\t\t<\/div>\n\t\t\t\t<\/div>\n\t\t\t\t<div class=\"elementor-element elementor-element-2eca755 elementor-widget elementor-widget-html\" data-id=\"2eca755\" data-element_type=\"widget\" data-e-type=\"widget\" data-widget_type=\"html.default\">\n\t\t\t\t<div class=\"elementor-widget-container\">\n\t\t\t\t\t<script src=\"https:\/\/apps.elfsight.com\/p\/platform.js\" defer><\/script>\n<div class=\"elfsight-app-27fadf7b-a6c3-4b52-9e0b-62bd26c4e533\"><\/div>\t\t\t\t<\/div>\n\t\t\t\t<\/div>\n\t\t\t\t<div class=\"elementor-element elementor-element-3efac92 elementor-align-center sidebar-reservez elementor-widget elementor-widget-button\" data-id=\"3efac92\" data-element_type=\"widget\" data-e-type=\"widget\" data-widget_type=\"button.default\">\n\t\t\t\t<div class=\"elementor-widget-container\">\n\t\t\t\t\t\t\t\t\t<div class=\"elementor-button-wrapper\">\n\t\t\t\t\t<a class=\"elementor-button elementor-button-link elementor-size-md\" href=\"#elementor-action%3Aaction%3Dpopup%3Aopen%26settings%3DeyJpZCI6IjU0OTEiLCJ0b2dnbGUiOmZhbHNlfQ%3D%3D\">\n\t\t\t\t\t\t<span class=\"elementor-button-content-wrapper\">\n\t\t\t\t\t\t\t\t\t<span class=\"elementor-button-text\">Contactez-nous<\/span>\n\t\t\t\t\t<\/span>\n\t\t\t\t\t<\/a>\n\t\t\t\t<\/div>\n\t\t\t\t\t\t\t\t<\/div>\n\t\t\t\t<\/div>\n\t\t\t\t\t<\/div>\n\t\t<\/div>\n\t\t\t\t\t<\/div>\n\t\t<\/section>\n\t\t\t\t\t<\/div>\n\t\t<\/div>\n\t\t\t\t\t<\/div>\n\t\t<\/section>\n\t\t\t\t<\/div>\n\t\t","protected":false},"excerpt":{"rendered":"<p>Excursion dans les calanques de Piana Au d\u00e9part du port de Porto, Alpana vous propose de visiter les Calanques de Piana lors d\u2019une balade en mer.\u00a0Accessible uniquement par bateau, vous longerez ces 10kms de c\u00f4te et d\u00e9couvrirez les nombreuses grottes qui s\u2019y cachent. Pour ceux qui souhaitent un autre point de vue,\u00a0il est possible de [&hellip;]<\/p>\n","protected":false},"author":1,"featured_media":0,"parent":4584,"menu_order":0,"comment_status":"closed","ping_status":"closed","template":"","meta":{"footnotes":""},"class_list":["post-4660","page","type-page","status-publish","hentry"],"_links":{"self":[{"href":"https:\/\/scandola-girolata-piana.com\/en\/wp-json\/wp\/v2\/pages\/4660","targetHints":{"allow":["GET"]}}],"collection":[{"href":"https:\/\/scandola-girolata-piana.com\/en\/wp-json\/wp\/v2\/pages"}],"about":[{"href":"https:\/\/scandola-girolata-piana.com\/en\/wp-json\/wp\/v2\/types\/page"}],"author":[{"embeddable":true,"href":"https:\/\/scandola-girolata-piana.com\/en\/wp-json\/wp\/v2\/users\/1"}],"replies":[{"embeddable":true,"href":"https:\/\/scandola-girolata-piana.com\/en\/wp-json\/wp\/v2\/comments?post=4660"}],"version-history":[{"count":19,"href":"https:\/\/scandola-girolata-piana.com\/en\/wp-json\/wp\/v2\/pages\/4660\/revisions"}],"predecessor-version":[{"id":7093,"href":"https:\/\/scandola-girolata-piana.com\/en\/wp-json\/wp\/v2\/pages\/4660\/revisions\/7093"}],"up":[{"embeddable":true,"href":"https:\/\/scandola-girolata-piana.com\/en\/wp-json\/wp\/v2\/pages\/4584"}],"wp:attachment":[{"href":"https:\/\/scandola-girolata-piana.com\/en\/wp-json\/wp\/v2\/media?parent=4660"}],"curies":[{"name":"wp","href":"https:\/\/api.w.org\/{rel}","templated":true}]}}