{"id":4671,"date":"2022-06-21T21:59:51","date_gmt":"2022-06-21T19:59:51","guid":{"rendered":"https:\/\/quizzical-haslett.91-121-78-195.plesk.page\/?page_id=4671"},"modified":"2025-06-30T11:53:48","modified_gmt":"2025-06-30T09:53:48","slug":"decouvrir-scandola-girolata","status":"publish","type":"page","link":"https:\/\/scandola-girolata-piana.com\/en\/la-region\/decouvrir-scandola-girolata\/","title":{"rendered":"Discover Scandola \u2013 Girolata"},"content":{"rendered":"\t\t<div data-elementor-type=\"wp-page\" data-elementor-id=\"4671\" class=\"elementor elementor-4671\" data-elementor-post-type=\"page\">\n\t\t\t\t\t\t<section class=\"elementor-section elementor-top-section elementor-element elementor-element-c57a576 elementor-section-boxed elementor-section-height-default elementor-section-height-default\" data-id=\"c57a576\" data-element_type=\"section\" data-e-type=\"section\">\n\t\t\t\t\t\t<div class=\"elementor-container elementor-column-gap-default\">\n\t\t\t\t\t<div class=\"elementor-column elementor-col-100 elementor-top-column elementor-element elementor-element-8383779\" data-id=\"8383779\" data-element_type=\"column\" data-e-type=\"column\">\n\t\t\t<div class=\"elementor-widget-wrap elementor-element-populated\">\n\t\t\t\t\t\t\t<\/div>\n\t\t<\/div>\n\t\t\t\t\t<\/div>\n\t\t<\/section>\n\t\t\t\t<section class=\"elementor-section elementor-top-section elementor-element elementor-element-dbf9dda elementor-section-boxed elementor-section-height-default elementor-section-height-default\" data-id=\"dbf9dda\" data-element_type=\"section\" data-e-type=\"section\">\n\t\t\t\t\t\t<div class=\"elementor-container elementor-column-gap-default\">\n\t\t\t\t\t<div class=\"elementor-column elementor-col-50 elementor-top-column elementor-element elementor-element-3023d8c\" data-id=\"3023d8c\" data-element_type=\"column\" data-e-type=\"column\" data-settings=\"{&quot;background_background&quot;:&quot;classic&quot;}\">\n\t\t\t<div class=\"elementor-widget-wrap elementor-element-populated\">\n\t\t\t\t\t\t<div class=\"elementor-element elementor-element-6ad9a4a elementor-widget elementor-widget-image\" data-id=\"6ad9a4a\" data-element_type=\"widget\" data-e-type=\"widget\" data-widget_type=\"image.default\">\n\t\t\t\t<div class=\"elementor-widget-container\">\n\t\t\t\t\t\t\t\t\t\t\t\t\t\t\t<img fetchpriority=\"high\" decoding=\"async\" width=\"545\" height=\"364\" src=\"https:\/\/scandola-girolata-piana.com\/wp-content\/uploads\/2017\/03\/scandola-et-girolata-alpana-1.jpg\" class=\"attachment-full size-full wp-image-3594\" alt=\"balade sortie en mer corse alpana depart porto scandola girolata piana\" srcset=\"https:\/\/scandola-girolata-piana.com\/wp-content\/uploads\/2017\/03\/scandola-et-girolata-alpana-1.jpg 545w, https:\/\/scandola-girolata-piana.com\/wp-content\/uploads\/2017\/03\/scandola-et-girolata-alpana-1-300x200.jpg 300w\" sizes=\"(max-width: 545px) 100vw, 545px\" \/>\t\t\t\t\t\t\t\t\t\t\t\t\t\t\t<\/div>\n\t\t\t\t<\/div>\n\t\t\t\t<div class=\"elementor-element elementor-element-85536b9 elementor-widget elementor-widget-text-editor\" data-id=\"85536b9\" data-element_type=\"widget\" data-e-type=\"widget\" data-widget_type=\"text-editor.default\">\n\t\t\t\t<div class=\"elementor-widget-container\">\n\t\t\t\t\t\t\t\t\t<p><b>Le village de Girolata <\/b>est aux <b>portes d\u2019entr\u00e9es de la r\u00e9serve naturelle de Scandola, r\u00e9serve \u00e0 la fois terrestre et maritime<\/b>.<\/p><p>Le village est accessible uniquement par le \u201cchemin du facteur\u201d, balade d\u2019une heure et demi, ou par bateau depuis le port de Porto. On compte l\u2019hiver une dizaine d\u2019habitants tandis que l\u2019\u00e9t\u00e9 le village est investi par de nombreux touristes en recherche d\u2019authenticit\u00e9.<\/p><p><b>Girolata offre l\u2019acc\u00e8s \u00e0 la r\u00e9serve naturelle de Scandola, \u00a0qui s\u2019\u00e9tend jusqu\u2019\u00e0 la marine d\u2019Elbu au sud de Gal\u00e9ria<\/b>.<\/p><p>Scandola ne peut se visiter que par voie maritime et les r\u00e8gles de navigation y sont strictes car ce territoire naturel, avec les Calanques de Piana, est inscrit au patrimoine mondial de l\u2019UNESCO.<\/p><p>\u00a0<\/p>\t\t\t\t\t\t\t\t<\/div>\n\t\t\t\t<\/div>\n\t\t\t\t<div class=\"elementor-element elementor-element-d521867 elementor-widget elementor-widget-text-editor\" data-id=\"d521867\" data-element_type=\"widget\" data-e-type=\"widget\" data-widget_type=\"text-editor.default\">\n\t\t\t\t<div class=\"elementor-widget-container\">\n\t\t\t\t\t\t\t\t\t<p><b>La presqu\u2019\u00eele dite de Scandola est constitu\u00e9e de structures rocheuses en caldeira qui correspondent \u00e0 un ancien volcan effondr\u00e9 en mer.<\/b> L\u2019\u00e9rosion marine et \u00e9olienne ont sculpt\u00e9 <b>un paysage aux roches aux allures surnaturelles. Tafoni, orgues ryolitiques, \u00eelots vertigineux et grottes ne manqueront pas de vous \u00e9merveiller.<\/b><\/p><p>La r\u00e9serve est le<b> terrain de jeu des balbuzards, aigles royaux, cormorans, faucons p\u00e8lerins, mais aussi des coraux, gorgones, m\u00e9rous, dentis, mur\u00e8nes, rougets et mammif\u00e8res marins ! Sa flore recense plus de 30 v\u00e9g\u00e9taux dont plus de la moiti\u00e9 sont des esp\u00e8ces prot\u00e9g\u00e9es.<\/b><\/p><p>Vous l\u2019aurez compris, <b>Scandola est un endroit unique \u00e0 d\u00e9couvrir absolument lors d\u2019une excursion en mer avec un guide chevronn\u00e9.<\/b><\/p>\t\t\t\t\t\t\t\t<\/div>\n\t\t\t\t<\/div>\n\t\t\t\t<div class=\"elementor-element elementor-element-0726809 elementor-widget elementor-widget-google_maps\" data-id=\"0726809\" data-element_type=\"widget\" data-e-type=\"widget\" data-widget_type=\"google_maps.default\">\n\t\t\t\t<div class=\"elementor-widget-container\">\n\t\t\t\t\t\t\t<div class=\"elementor-custom-embed\">\n\t\t\t<iframe loading=\"lazy\"\n\t\t\t\t\tsrc=\"https:\/\/maps.google.com\/maps?q=reserve%20naturelle%20de%20scandola%2C%20corse&#038;t=m&#038;z=12&#038;output=embed&#038;iwloc=near\"\n\t\t\t\t\ttitle=\"reserve naturelle de scandola, corse\"\n\t\t\t\t\taria-label=\"reserve naturelle de scandola, corse\"\n\t\t\t><\/iframe>\n\t\t<\/div>\n\t\t\t\t\t\t<\/div>\n\t\t\t\t<\/div>\n\t\t\t\t\t<\/div>\n\t\t<\/div>\n\t\t\t\t<div class=\"elementor-column elementor-col-50 elementor-top-column elementor-element elementor-element-ed73e5f\" data-id=\"ed73e5f\" data-element_type=\"column\" data-e-type=\"column\" data-settings=\"{&quot;background_background&quot;:&quot;classic&quot;}\">\n\t\t\t<div class=\"elementor-widget-wrap elementor-element-populated\">\n\t\t\t\t\t\t<section class=\"elementor-section elementor-inner-section elementor-element elementor-element-ab10870 elementor-section-boxed elementor-section-height-default elementor-section-height-default\" data-id=\"ab10870\" data-element_type=\"section\" data-e-type=\"section\" data-settings=\"{&quot;sticky&quot;:&quot;top&quot;,&quot;sticky_parent&quot;:&quot;yes&quot;,&quot;sticky_on&quot;:[&quot;desktop&quot;,&quot;tablet&quot;,&quot;mobile&quot;],&quot;sticky_offset&quot;:0,&quot;sticky_effects_offset&quot;:0,&quot;sticky_anchor_link_offset&quot;:0}\">\n\t\t\t\t\t\t<div class=\"elementor-container elementor-column-gap-default\">\n\t\t\t\t\t<div class=\"elementor-column elementor-col-100 elementor-inner-column elementor-element elementor-element-bb50723\" data-id=\"bb50723\" data-element_type=\"column\" data-e-type=\"column\">\n\t\t\t<div class=\"elementor-widget-wrap elementor-element-populated\">\n\t\t\t\t\t\t<div class=\"elementor-element elementor-element-9133151 elementor-widget elementor-widget-heading\" data-id=\"9133151\" data-element_type=\"widget\" data-e-type=\"widget\" data-widget_type=\"heading.default\">\n\t\t\t\t<div class=\"elementor-widget-container\">\n\t\t\t\t\t<h4 class=\"elementor-heading-title elementor-size-default\">Excursions en Corse<\/h4>\t\t\t\t<\/div>\n\t\t\t\t<\/div>\n\t\t\t\t<div class=\"elementor-element elementor-element-dd0d478 elementor-align-center sidebar-reservez elementor-widget elementor-widget-button\" data-id=\"dd0d478\" data-element_type=\"widget\" data-e-type=\"widget\" data-widget_type=\"button.default\">\n\t\t\t\t<div class=\"elementor-widget-container\">\n\t\t\t\t\t\t\t\t\t<div class=\"elementor-button-wrapper\">\n\t\t\t\t\t<a class=\"elementor-button elementor-button-link elementor-size-md\" href=\"#elementor-action%3Aaction%3Dpopup%3Aopen%26settings%3DeyJpZCI6IjU0OTEiLCJ0b2dnbGUiOmZhbHNlfQ%3D%3D\">\n\t\t\t\t\t\t<span class=\"elementor-button-content-wrapper\">\n\t\t\t\t\t\t\t\t\t<span class=\"elementor-button-text\">r\u00e9servez ici<\/span>\n\t\t\t\t\t<\/span>\n\t\t\t\t\t<\/a>\n\t\t\t\t<\/div>\n\t\t\t\t\t\t\t\t<\/div>\n\t\t\t\t<\/div>\n\t\t\t\t<div class=\"elementor-element elementor-element-c8a570a elementor-icon-list--layout-traditional elementor-list-item-link-full_width elementor-widget elementor-widget-icon-list\" data-id=\"c8a570a\" data-element_type=\"widget\" data-e-type=\"widget\" data-widget_type=\"icon-list.default\">\n\t\t\t\t<div class=\"elementor-widget-container\">\n\t\t\t\t\t\t\t<ul class=\"elementor-icon-list-items\">\n\t\t\t\t\t\t\t<li class=\"elementor-icon-list-item\">\n\t\t\t\t\t\t\t\t\t\t\t<span class=\"elementor-icon-list-icon\">\n\t\t\t\t\t\t\t<i aria-hidden=\"true\" class=\"icofont icofont-certificate-alt-1\"><\/i>\t\t\t\t\t\t<\/span>\n\t\t\t\t\t\t\t\t\t\t<span class=\"elementor-icon-list-text\">Guide professionnel agr\u00e9\u00e9<\/span>\n\t\t\t\t\t\t\t\t\t<\/li>\n\t\t\t\t\t\t\t\t<li class=\"elementor-icon-list-item\">\n\t\t\t\t\t\t\t\t\t\t\t<span class=\"elementor-icon-list-icon\">\n\t\t\t\t\t\t\t<i aria-hidden=\"true\" class=\" ti-lock\"><\/i>\t\t\t\t\t\t<\/span>\n\t\t\t\t\t\t\t\t\t\t<span class=\"elementor-icon-list-text\">Paiement s\u00e9curis\u00e9<\/span>\n\t\t\t\t\t\t\t\t\t<\/li>\n\t\t\t\t\t\t\t\t<li class=\"elementor-icon-list-item\">\n\t\t\t\t\t\t\t\t\t\t\t<span class=\"elementor-icon-list-icon\">\n\t\t\t\t\t\t\t<i aria-hidden=\"true\" class=\"icofont icofont-eco-energy\"><\/i>\t\t\t\t\t\t<\/span>\n\t\t\t\t\t\t\t\t\t\t<span class=\"elementor-icon-list-text\">Une attitude eco-responsable<\/span>\n\t\t\t\t\t\t\t\t\t<\/li>\n\t\t\t\t\t\t<\/ul>\n\t\t\t\t\t\t<\/div>\n\t\t\t\t<\/div>\n\t\t\t\t<div class=\"elementor-element elementor-element-aa10b03 elementor-widget elementor-widget-html\" data-id=\"aa10b03\" data-element_type=\"widget\" data-e-type=\"widget\" data-widget_type=\"html.default\">\n\t\t\t\t<div class=\"elementor-widget-container\">\n\t\t\t\t\t<script src=\"https:\/\/apps.elfsight.com\/p\/platform.js\" defer><\/script>\n<div class=\"elfsight-app-27fadf7b-a6c3-4b52-9e0b-62bd26c4e533\"><\/div>\t\t\t\t<\/div>\n\t\t\t\t<\/div>\n\t\t\t\t<div class=\"elementor-element elementor-element-37fc940 elementor-align-center sidebar-reservez elementor-widget elementor-widget-button\" data-id=\"37fc940\" data-element_type=\"widget\" data-e-type=\"widget\" data-widget_type=\"button.default\">\n\t\t\t\t<div class=\"elementor-widget-container\">\n\t\t\t\t\t\t\t\t\t<div class=\"elementor-button-wrapper\">\n\t\t\t\t\t<a class=\"elementor-button elementor-button-link elementor-size-md\" href=\"#elementor-action%3Aaction%3Dpopup%3Aopen%26settings%3DeyJpZCI6IjU0OTEiLCJ0b2dnbGUiOmZhbHNlfQ%3D%3D\">\n\t\t\t\t\t\t<span class=\"elementor-button-content-wrapper\">\n\t\t\t\t\t\t\t\t\t<span class=\"elementor-button-text\">Contactez-nous<\/span>\n\t\t\t\t\t<\/span>\n\t\t\t\t\t<\/a>\n\t\t\t\t<\/div>\n\t\t\t\t\t\t\t\t<\/div>\n\t\t\t\t<\/div>\n\t\t\t\t\t<\/div>\n\t\t<\/div>\n\t\t\t\t\t<\/div>\n\t\t<\/section>\n\t\t\t\t\t<\/div>\n\t\t<\/div>\n\t\t\t\t\t<\/div>\n\t\t<\/section>\n\t\t\t\t<\/div>\n\t\t","protected":false},"excerpt":{"rendered":"<p>Le village de Girolata est aux portes d\u2019entr\u00e9es de la r\u00e9serve naturelle de Scandola, r\u00e9serve \u00e0 la fois terrestre et maritime. Le village est accessible uniquement par le \u201cchemin du facteur\u201d, balade d\u2019une heure et demi, ou par bateau depuis le port de Porto. On compte l\u2019hiver une dizaine d\u2019habitants tandis que l\u2019\u00e9t\u00e9 le village [&hellip;]<\/p>\n","protected":false},"author":1,"featured_media":0,"parent":4584,"menu_order":0,"comment_status":"closed","ping_status":"closed","template":"","meta":{"footnotes":""},"class_list":["post-4671","page","type-page","status-publish","hentry"],"_links":{"self":[{"href":"https:\/\/scandola-girolata-piana.com\/en\/wp-json\/wp\/v2\/pages\/4671","targetHints":{"allow":["GET"]}}],"collection":[{"href":"https:\/\/scandola-girolata-piana.com\/en\/wp-json\/wp\/v2\/pages"}],"about":[{"href":"https:\/\/scandola-girolata-piana.com\/en\/wp-json\/wp\/v2\/types\/page"}],"author":[{"embeddable":true,"href":"https:\/\/scandola-girolata-piana.com\/en\/wp-json\/wp\/v2\/users\/1"}],"replies":[{"embeddable":true,"href":"https:\/\/scandola-girolata-piana.com\/en\/wp-json\/wp\/v2\/comments?post=4671"}],"version-history":[{"count":37,"href":"https:\/\/scandola-girolata-piana.com\/en\/wp-json\/wp\/v2\/pages\/4671\/revisions"}],"predecessor-version":[{"id":7089,"href":"https:\/\/scandola-girolata-piana.com\/en\/wp-json\/wp\/v2\/pages\/4671\/revisions\/7089"}],"up":[{"embeddable":true,"href":"https:\/\/scandola-girolata-piana.com\/en\/wp-json\/wp\/v2\/pages\/4584"}],"wp:attachment":[{"href":"https:\/\/scandola-girolata-piana.com\/en\/wp-json\/wp\/v2\/media?parent=4671"}],"curies":[{"name":"wp","href":"https:\/\/api.w.org\/{rel}","templated":true}]}}