{"id":4676,"date":"2022-06-21T22:03:31","date_gmt":"2022-06-21T20:03:31","guid":{"rendered":"https:\/\/quizzical-haslett.91-121-78-195.plesk.page\/?page_id=4676"},"modified":"2025-06-30T11:57:40","modified_gmt":"2025-06-30T09:57:40","slug":"decouvrir-porto","status":"publish","type":"page","link":"https:\/\/scandola-girolata-piana.com\/en\/la-region\/decouvrir-porto\/","title":{"rendered":"Discover Porto"},"content":{"rendered":"\t\t<div data-elementor-type=\"wp-page\" data-elementor-id=\"4676\" class=\"elementor elementor-4676\" data-elementor-post-type=\"page\">\n\t\t\t\t\t\t<section class=\"elementor-section elementor-top-section elementor-element elementor-element-e4605aa elementor-section-boxed elementor-section-height-default elementor-section-height-default\" data-id=\"e4605aa\" data-element_type=\"section\" data-e-type=\"section\">\n\t\t\t\t\t\t<div class=\"elementor-container elementor-column-gap-default\">\n\t\t\t\t\t<div class=\"elementor-column elementor-col-100 elementor-top-column elementor-element elementor-element-340b46d\" data-id=\"340b46d\" data-element_type=\"column\" data-e-type=\"column\">\n\t\t\t<div class=\"elementor-widget-wrap elementor-element-populated\">\n\t\t\t\t\t\t\t<\/div>\n\t\t<\/div>\n\t\t\t\t\t<\/div>\n\t\t<\/section>\n\t\t\t\t<section class=\"elementor-section elementor-top-section elementor-element elementor-element-b2aef44 elementor-section-boxed elementor-section-height-default elementor-section-height-default\" data-id=\"b2aef44\" data-element_type=\"section\" data-e-type=\"section\">\n\t\t\t\t\t\t<div class=\"elementor-container elementor-column-gap-default\">\n\t\t\t\t\t<div class=\"elementor-column elementor-col-50 elementor-top-column elementor-element elementor-element-4a038d2\" data-id=\"4a038d2\" data-element_type=\"column\" data-e-type=\"column\" data-settings=\"{&quot;background_background&quot;:&quot;classic&quot;}\">\n\t\t\t<div class=\"elementor-widget-wrap elementor-element-populated\">\n\t\t\t\t\t\t<div class=\"elementor-element elementor-element-cbb9a91 elementor-widget elementor-widget-image\" data-id=\"cbb9a91\" data-element_type=\"widget\" data-e-type=\"widget\" data-widget_type=\"image.default\">\n\t\t\t\t<div class=\"elementor-widget-container\">\n\t\t\t\t\t\t\t\t\t\t\t\t\t\t\t<img fetchpriority=\"high\" decoding=\"async\" width=\"1050\" height=\"800\" src=\"https:\/\/scandola-girolata-piana.com\/wp-content\/uploads\/2017\/03\/porto-alpana-1.jpg\" class=\"attachment-full size-full wp-image-3593\" alt=\"balade sortie en mer corse alpana depart porto scandola girolata piana\" srcset=\"https:\/\/scandola-girolata-piana.com\/wp-content\/uploads\/2017\/03\/porto-alpana-1.jpg 1050w, https:\/\/scandola-girolata-piana.com\/wp-content\/uploads\/2017\/03\/porto-alpana-1-300x229.jpg 300w, https:\/\/scandola-girolata-piana.com\/wp-content\/uploads\/2017\/03\/porto-alpana-1-1024x780.jpg 1024w, https:\/\/scandola-girolata-piana.com\/wp-content\/uploads\/2017\/03\/porto-alpana-1-768x585.jpg 768w\" sizes=\"(max-width: 1050px) 100vw, 1050px\" \/>\t\t\t\t\t\t\t\t\t\t\t\t\t\t\t<\/div>\n\t\t\t\t<\/div>\n\t\t\t\t<div class=\"elementor-element elementor-element-b8ab22b elementor-widget elementor-widget-text-editor\" data-id=\"b8ab22b\" data-element_type=\"widget\" data-e-type=\"widget\" data-widget_type=\"text-editor.default\">\n\t\t\t\t<div class=\"elementor-widget-container\">\n\t\t\t\t\t\t\t\t\t<h2 class=\"default-title\">Croisi\u00e8re dans les calanques de Piana<\/h2><p>D\u00e9couvrez\u00a0<a href=\"https:\/\/scandola-girolata-piana.com\/region-de-porto\/\"><strong>Porto<\/strong><\/a>,\u00a0le\u00a0petit port sur la\u00a0c\u00f4te<strong> Ouest de la Corse.<\/strong><\/p><p>Situ\u00e9 \u00e0 mi-chemin entre Ajaccio et Calvi, Porto se trouve au centre d\u2019un <strong>des plus beaux endroits de l\u2019Ile.<\/strong><\/p><h2 class=\"default-title\">Excursions en bateau depuis Porto, Corse<\/h2><p>Porto est id\u00e9alement situ\u00e9 pr\u00e8s des plus beaux sites \u00e0 visiter lors de votre s\u00e9jour en Corse. En effet, Porto est le point de d\u00e9part de nombreuses <a href=\"https:\/\/scandola-girolata-piana.com\/balades-en-mer-circuit-depart-porto\/\">sorties en bateau<\/a> en direction des incontournables\u00a0<a href=\"https:\/\/scandola-girolata-piana.com\/decouvrir-piana-calanques\/\">Calanques de Piana<\/a> aux roches rougeoyantes, de la r\u00e9serve naturelle de <a href=\"https:\/\/scandola-girolata-piana.com\/decouvrir-scandola-girolata\/\">Scandola<\/a> et du village de Girolata.<\/p><h2 class=\"default-title\">Promenade en mer dans la r\u00e9serve de Scandola Girolata<\/h2><p><strong>La commune de Porto-Ota<\/strong> est blottie au creux d\u2019une vall\u00e9e verdoyante surmont\u00e9e d\u2019impressionnantes falaises et blocs rocheux laissant place au magnifique <a href=\"https:\/\/scandola-girolata-piana.com\/tour\/grand-tour-du-golfe\/\">Golfe de Porto<\/a>, class\u00e9 au\u00a0Patrimoine Mondial de l\u2019Humanit\u00e9 par l\u2019UNESCO depuis 1983<\/p><p>C\u2019est un des endroits incontournables de votre s\u00e9jour en Corse !<\/p><h3 class=\"default-title\"><strong>A voir \u00e0 Porto-Ota<\/strong><\/h3><ul><li>L\u2019Eglise St Jean-Baptiste d\u2019Ota (fin XVIII), situ\u00e9e au centre du village<\/li><li>La tour g\u00e9noise de Porto<\/li><li>Les gorges de la Spelunca<\/li><\/ul>\t\t\t\t\t\t\t\t<\/div>\n\t\t\t\t<\/div>\n\t\t\t\t<div class=\"elementor-element elementor-element-2324340 elementor-widget elementor-widget-google_maps\" data-id=\"2324340\" data-element_type=\"widget\" data-e-type=\"widget\" data-widget_type=\"google_maps.default\">\n\t\t\t\t<div class=\"elementor-widget-container\">\n\t\t\t\t\t\t\t<div class=\"elementor-custom-embed\">\n\t\t\t<iframe loading=\"lazy\"\n\t\t\t\t\tsrc=\"https:\/\/maps.google.com\/maps?q=porto%2C%20corse&#038;t=m&#038;z=11&#038;output=embed&#038;iwloc=near\"\n\t\t\t\t\ttitle=\"porto, corse\"\n\t\t\t\t\taria-label=\"porto, corse\"\n\t\t\t><\/iframe>\n\t\t<\/div>\n\t\t\t\t\t\t<\/div>\n\t\t\t\t<\/div>\n\t\t\t\t\t<\/div>\n\t\t<\/div>\n\t\t\t\t<div class=\"elementor-column elementor-col-50 elementor-top-column elementor-element elementor-element-d2bbb9f\" data-id=\"d2bbb9f\" data-element_type=\"column\" data-e-type=\"column\" data-settings=\"{&quot;background_background&quot;:&quot;classic&quot;}\">\n\t\t\t<div class=\"elementor-widget-wrap elementor-element-populated\">\n\t\t\t\t\t\t<section class=\"elementor-section elementor-inner-section elementor-element elementor-element-82fac11 elementor-section-boxed elementor-section-height-default elementor-section-height-default\" data-id=\"82fac11\" data-element_type=\"section\" data-e-type=\"section\" data-settings=\"{&quot;sticky&quot;:&quot;top&quot;,&quot;sticky_parent&quot;:&quot;yes&quot;,&quot;sticky_on&quot;:[&quot;desktop&quot;,&quot;tablet&quot;,&quot;mobile&quot;],&quot;sticky_offset&quot;:0,&quot;sticky_effects_offset&quot;:0,&quot;sticky_anchor_link_offset&quot;:0}\">\n\t\t\t\t\t\t<div class=\"elementor-container elementor-column-gap-default\">\n\t\t\t\t\t<div class=\"elementor-column elementor-col-100 elementor-inner-column elementor-element elementor-element-b39a475\" data-id=\"b39a475\" data-element_type=\"column\" data-e-type=\"column\">\n\t\t\t<div class=\"elementor-widget-wrap elementor-element-populated\">\n\t\t\t\t\t\t<div class=\"elementor-element elementor-element-bcc6523 elementor-widget elementor-widget-heading\" data-id=\"bcc6523\" data-element_type=\"widget\" data-e-type=\"widget\" data-widget_type=\"heading.default\">\n\t\t\t\t<div class=\"elementor-widget-container\">\n\t\t\t\t\t<h4 class=\"elementor-heading-title elementor-size-default\">Excursions en Corse<\/h4>\t\t\t\t<\/div>\n\t\t\t\t<\/div>\n\t\t\t\t<div class=\"elementor-element elementor-element-de57d5f elementor-align-center sidebar-reservez elementor-widget elementor-widget-button\" data-id=\"de57d5f\" data-element_type=\"widget\" data-e-type=\"widget\" data-widget_type=\"button.default\">\n\t\t\t\t<div class=\"elementor-widget-container\">\n\t\t\t\t\t\t\t\t\t<div class=\"elementor-button-wrapper\">\n\t\t\t\t\t<a class=\"elementor-button elementor-button-link elementor-size-md\" href=\"#elementor-action%3Aaction%3Dpopup%3Aopen%26settings%3DeyJpZCI6IjU0OTEiLCJ0b2dnbGUiOmZhbHNlfQ%3D%3D\">\n\t\t\t\t\t\t<span class=\"elementor-button-content-wrapper\">\n\t\t\t\t\t\t\t\t\t<span class=\"elementor-button-text\">r\u00e9servez ici<\/span>\n\t\t\t\t\t<\/span>\n\t\t\t\t\t<\/a>\n\t\t\t\t<\/div>\n\t\t\t\t\t\t\t\t<\/div>\n\t\t\t\t<\/div>\n\t\t\t\t<div class=\"elementor-element elementor-element-4705ac5 elementor-icon-list--layout-traditional elementor-list-item-link-full_width elementor-widget elementor-widget-icon-list\" data-id=\"4705ac5\" data-element_type=\"widget\" data-e-type=\"widget\" data-widget_type=\"icon-list.default\">\n\t\t\t\t<div class=\"elementor-widget-container\">\n\t\t\t\t\t\t\t<ul class=\"elementor-icon-list-items\">\n\t\t\t\t\t\t\t<li class=\"elementor-icon-list-item\">\n\t\t\t\t\t\t\t\t\t\t\t<span class=\"elementor-icon-list-icon\">\n\t\t\t\t\t\t\t<i aria-hidden=\"true\" class=\"icofont icofont-certificate-alt-1\"><\/i>\t\t\t\t\t\t<\/span>\n\t\t\t\t\t\t\t\t\t\t<span class=\"elementor-icon-list-text\">Guide professionnel agr\u00e9\u00e9<\/span>\n\t\t\t\t\t\t\t\t\t<\/li>\n\t\t\t\t\t\t\t\t<li class=\"elementor-icon-list-item\">\n\t\t\t\t\t\t\t\t\t\t\t<span class=\"elementor-icon-list-icon\">\n\t\t\t\t\t\t\t<i aria-hidden=\"true\" class=\" ti-lock\"><\/i>\t\t\t\t\t\t<\/span>\n\t\t\t\t\t\t\t\t\t\t<span class=\"elementor-icon-list-text\">Paiement s\u00e9curis\u00e9<\/span>\n\t\t\t\t\t\t\t\t\t<\/li>\n\t\t\t\t\t\t\t\t<li class=\"elementor-icon-list-item\">\n\t\t\t\t\t\t\t\t\t\t\t<span class=\"elementor-icon-list-icon\">\n\t\t\t\t\t\t\t<i aria-hidden=\"true\" class=\"icofont icofont-eco-energy\"><\/i>\t\t\t\t\t\t<\/span>\n\t\t\t\t\t\t\t\t\t\t<span class=\"elementor-icon-list-text\">Une attitude eco-responsable<\/span>\n\t\t\t\t\t\t\t\t\t<\/li>\n\t\t\t\t\t\t<\/ul>\n\t\t\t\t\t\t<\/div>\n\t\t\t\t<\/div>\n\t\t\t\t<div class=\"elementor-element elementor-element-5be28c3 elementor-widget elementor-widget-html\" data-id=\"5be28c3\" data-element_type=\"widget\" data-e-type=\"widget\" data-widget_type=\"html.default\">\n\t\t\t\t<div class=\"elementor-widget-container\">\n\t\t\t\t\t<script src=\"https:\/\/apps.elfsight.com\/p\/platform.js\" defer><\/script>\n<div class=\"elfsight-app-27fadf7b-a6c3-4b52-9e0b-62bd26c4e533\"><\/div>\t\t\t\t<\/div>\n\t\t\t\t<\/div>\n\t\t\t\t<div class=\"elementor-element elementor-element-3185d9e elementor-align-center sidebar-reservez elementor-widget elementor-widget-button\" data-id=\"3185d9e\" data-element_type=\"widget\" data-e-type=\"widget\" data-widget_type=\"button.default\">\n\t\t\t\t<div class=\"elementor-widget-container\">\n\t\t\t\t\t\t\t\t\t<div class=\"elementor-button-wrapper\">\n\t\t\t\t\t<a class=\"elementor-button elementor-button-link elementor-size-md\" href=\"#elementor-action%3Aaction%3Dpopup%3Aopen%26settings%3DeyJpZCI6IjU0OTEiLCJ0b2dnbGUiOmZhbHNlfQ%3D%3D\">\n\t\t\t\t\t\t<span class=\"elementor-button-content-wrapper\">\n\t\t\t\t\t\t\t\t\t<span class=\"elementor-button-text\">Contactez-nous<\/span>\n\t\t\t\t\t<\/span>\n\t\t\t\t\t<\/a>\n\t\t\t\t<\/div>\n\t\t\t\t\t\t\t\t<\/div>\n\t\t\t\t<\/div>\n\t\t\t\t\t<\/div>\n\t\t<\/div>\n\t\t\t\t\t<\/div>\n\t\t<\/section>\n\t\t\t\t\t<\/div>\n\t\t<\/div>\n\t\t\t\t\t<\/div>\n\t\t<\/section>\n\t\t\t\t<\/div>\n\t\t","protected":false},"excerpt":{"rendered":"<p>Croisi\u00e8re dans les calanques de Piana D\u00e9couvrez\u00a0Porto,\u00a0le\u00a0petit port sur la\u00a0c\u00f4te Ouest de la Corse. Situ\u00e9 \u00e0 mi-chemin entre Ajaccio et Calvi, Porto se trouve au centre d\u2019un des plus beaux endroits de l\u2019Ile. Excursions en bateau depuis Porto, Corse Porto est id\u00e9alement situ\u00e9 pr\u00e8s des plus beaux sites \u00e0 visiter lors de votre s\u00e9jour en [&hellip;]<\/p>\n","protected":false},"author":1,"featured_media":0,"parent":4584,"menu_order":0,"comment_status":"closed","ping_status":"closed","template":"","meta":{"footnotes":""},"class_list":["post-4676","page","type-page","status-publish","hentry"],"_links":{"self":[{"href":"https:\/\/scandola-girolata-piana.com\/en\/wp-json\/wp\/v2\/pages\/4676","targetHints":{"allow":["GET"]}}],"collection":[{"href":"https:\/\/scandola-girolata-piana.com\/en\/wp-json\/wp\/v2\/pages"}],"about":[{"href":"https:\/\/scandola-girolata-piana.com\/en\/wp-json\/wp\/v2\/types\/page"}],"author":[{"embeddable":true,"href":"https:\/\/scandola-girolata-piana.com\/en\/wp-json\/wp\/v2\/users\/1"}],"replies":[{"embeddable":true,"href":"https:\/\/scandola-girolata-piana.com\/en\/wp-json\/wp\/v2\/comments?post=4676"}],"version-history":[{"count":25,"href":"https:\/\/scandola-girolata-piana.com\/en\/wp-json\/wp\/v2\/pages\/4676\/revisions"}],"predecessor-version":[{"id":7096,"href":"https:\/\/scandola-girolata-piana.com\/en\/wp-json\/wp\/v2\/pages\/4676\/revisions\/7096"}],"up":[{"embeddable":true,"href":"https:\/\/scandola-girolata-piana.com\/en\/wp-json\/wp\/v2\/pages\/4584"}],"wp:attachment":[{"href":"https:\/\/scandola-girolata-piana.com\/en\/wp-json\/wp\/v2\/media?parent=4676"}],"curies":[{"name":"wp","href":"https:\/\/api.w.org\/{rel}","templated":true}]}}