{"id":4829,"date":"2022-06-25T00:21:26","date_gmt":"2022-06-24T22:21:26","guid":{"rendered":"https:\/\/quizzical-haslett.91-121-78-195.plesk.page\/?page_id=4829"},"modified":"2025-06-15T12:54:34","modified_gmt":"2025-06-15T10:54:34","slug":"cgv","status":"publish","type":"page","link":"https:\/\/scandola-girolata-piana.com\/en\/contact-reservations\/cgv\/","title":{"rendered":"GTC"},"content":{"rendered":"<div data-elementor-type=\"wp-page\" data-elementor-id=\"4829\" class=\"elementor elementor-4829\" data-elementor-post-type=\"page\">\n\t\t\t\t\t\t<section class=\"elementor-section elementor-top-section elementor-element elementor-element-c44f037 elementor-section-boxed elementor-section-height-default elementor-section-height-default\" data-id=\"c44f037\" data-element_type=\"section\" data-e-type=\"section\">\n\t\t\t\t\t\t<div class=\"elementor-container elementor-column-gap-default\">\n\t\t\t\t\t<div class=\"elementor-column elementor-col-100 elementor-top-column elementor-element elementor-element-fa3c9c9\" data-id=\"fa3c9c9\" data-element_type=\"column\" data-e-type=\"column\">\n\t\t\t<div class=\"elementor-widget-wrap elementor-element-populated\">\n\t\t\t\t\t\t\t<\/div>\n\t\t<\/div>\n\t\t\t\t\t<\/div>\n\t\t<\/section>\n\t\t\t\t<section class=\"elementor-section elementor-top-section elementor-element elementor-element-3a710b8 elementor-section-boxed elementor-section-height-default elementor-section-height-default\" data-id=\"3a710b8\" data-element_type=\"section\" data-e-type=\"section\">\n\t\t\t\t\t\t<div class=\"elementor-container elementor-column-gap-default\">\n\t\t\t\t\t<div class=\"elementor-column elementor-col-100 elementor-top-column elementor-element elementor-element-0b717f4\" data-id=\"0b717f4\" data-element_type=\"column\" data-e-type=\"column\">\n\t\t\t<div class=\"elementor-widget-wrap elementor-element-populated\">\n\t\t\t\t\t\t<div class=\"elementor-element elementor-element-0e49f19 elementor-widget elementor-widget-text-editor\" data-id=\"0e49f19\" data-element_type=\"widget\" data-e-type=\"widget\" data-widget_type=\"text-editor.default\">\n\t\t\t\t<div class=\"elementor-widget-container\">\n\t\t\t\t\t\t\t\t\t<h2 class=\"default-title\">General Conditions of Sale<\/h2><ul><li>Schedules may be changed or cancelled due to weather conditions.<\/li><li>The Alpana reserves the right to cancel a reservation in case of an insufficient number of passengers.<\/li><li>The owner declines any responsibility in case of theft, loss or damage to personal effects of the passengers on board.<\/li><li>Pregnant women are urged to report at the time of booking.<\/li><\/ul><p>We take no responsibility in the event of problems occurring on a temporary pregnant and who has a concern due to the trip by sea.<\/p><ul><li>The price includes the tax Barnier, for the protection of natural spaces.<\/li><li>In the event of cancellation, the total amount paid will be fully refunded.<\/li><li>In case of cancellation by the client less than 48 hours prior to departure, the total amount is still due.<\/li><li><span data-olk-copy-source=\"MessageBody\">For groups of 6 ( included ) to 12 people, and the total amount is due if the cancellation date is less than 72 hours before the departure time.<\/span><\/li><\/ul><ul><li>Payments can be made by credit card, cash, cheque or holiday vouchers.<\/li><\/ul>\t\t\t\t\t\t\t\t<\/div>\n\t\t\t\t<\/div>\n\t\t\t\t\t<\/div>\n\t\t<\/div>\n\t\t\t\t\t<\/div>\n\t\t<\/section>\n\t\t\t\t<\/div>","protected":false},"excerpt":{"rendered":"<p>Conditions G\u00e9n\u00e9rales de Vente Les horaires peuvent \u00eatre modifi\u00e9s ou annul\u00e9s en fonction des conditions m\u00e9t\u00e9orologiques. L\u2019Alpana se r\u00e9serve le droit d\u2019annuler une r\u00e9servation en cas de nombre insuffisant de passagers. L\u2019armateur d\u00e9cline toute responsabilit\u00e9 en cas de vol, perte ou d\u00e9t\u00e9rioration des effets personnels des passagers \u00e0 bord. Les femmes enceintes sont invit\u00e9es \u00e0 [&hellip;]<\/p>\n","protected":false},"author":1,"featured_media":0,"parent":364,"menu_order":0,"comment_status":"closed","ping_status":"closed","template":"tpl-default-elementor.php","meta":{"footnotes":""},"class_list":["post-4829","page","type-page","status-publish","hentry"],"_links":{"self":[{"href":"https:\/\/scandola-girolata-piana.com\/en\/wp-json\/wp\/v2\/pages\/4829","targetHints":{"allow":["GET"]}}],"collection":[{"href":"https:\/\/scandola-girolata-piana.com\/en\/wp-json\/wp\/v2\/pages"}],"about":[{"href":"https:\/\/scandola-girolata-piana.com\/en\/wp-json\/wp\/v2\/types\/page"}],"author":[{"embeddable":true,"href":"https:\/\/scandola-girolata-piana.com\/en\/wp-json\/wp\/v2\/users\/1"}],"replies":[{"embeddable":true,"href":"https:\/\/scandola-girolata-piana.com\/en\/wp-json\/wp\/v2\/comments?post=4829"}],"version-history":[{"count":16,"href":"https:\/\/scandola-girolata-piana.com\/en\/wp-json\/wp\/v2\/pages\/4829\/revisions"}],"predecessor-version":[{"id":6524,"href":"https:\/\/scandola-girolata-piana.com\/en\/wp-json\/wp\/v2\/pages\/4829\/revisions\/6524"}],"up":[{"embeddable":true,"href":"https:\/\/scandola-girolata-piana.com\/en\/wp-json\/wp\/v2\/pages\/364"}],"wp:attachment":[{"href":"https:\/\/scandola-girolata-piana.com\/en\/wp-json\/wp\/v2\/media?parent=4829"}],"curies":[{"name":"wp","href":"https:\/\/api.w.org\/{rel}","templated":true}]}}