{"id":4916,"date":"2022-07-09T00:07:11","date_gmt":"2022-07-08T22:07:11","guid":{"rendered":"https:\/\/quizzical-haslett.91-121-78-195.plesk.page\/?page_id=4916"},"modified":"2025-06-30T11:48:33","modified_gmt":"2025-06-30T09:48:33","slug":"comment-reserver","status":"publish","type":"page","link":"https:\/\/scandola-girolata-piana.com\/en\/contact-reservations\/comment-reserver\/","title":{"rendered":"How To Book"},"content":{"rendered":"<div data-elementor-type=\"wp-page\" data-elementor-id=\"4916\" class=\"elementor elementor-4916\" data-elementor-post-type=\"page\">\n\t\t\t\t\t\t<section class=\"elementor-section elementor-top-section elementor-element elementor-element-135e638 elementor-section-boxed elementor-section-height-default elementor-section-height-default\" data-id=\"135e638\" data-element_type=\"section\" data-e-type=\"section\">\n\t\t\t\t\t\t<div class=\"elementor-container elementor-column-gap-default\">\n\t\t\t\t\t<div class=\"elementor-column elementor-col-100 elementor-top-column elementor-element elementor-element-83d3d14\" data-id=\"83d3d14\" data-element_type=\"column\" data-e-type=\"column\">\n\t\t\t<div class=\"elementor-widget-wrap elementor-element-populated\">\n\t\t\t\t\t\t<div class=\"elementor-element elementor-element-147ce0f elementor-widget elementor-widget-text-editor\" data-id=\"147ce0f\" data-element_type=\"widget\" data-e-type=\"widget\" data-widget_type=\"text-editor.default\">\n\t\t\t\t<div class=\"elementor-widget-container\">\n\t\t\t\t\t\t\t\t\t<p class=\"x_p3\"><strong><span class=\"x_s3\" data-olk-copy-source=\"MessageBody\">Our tips for booking :<\/span><\/strong><\/p><p class=\"x_p3\"><span class=\"x_s3\">\u00a0<strong>1 :<\/strong><\/span><span class=\"x_s2\"><strong>\u00a0<\/strong>We advise you to book in advance because the boat is limited to 12 people and the boat is often full in advance.<\/span><\/p><p class=\"x_p3\"><strong><span class=\"x_s3\">2:<\/span><\/strong><span class=\"x_s2\">\u00a0The ideal is to choose a day at the beginning of your stay so as to have a margin of manoeuvre in a sea of bad.<\/span><\/p><p class=\"x_p3\"><strong><span class=\"x_s3\">\u00a03 :<\/span><\/strong><span class=\"x_s2\">\u00a0Book by focusing on the morning even if you have a little bit of the road , because in general there is less wind in the afternoon, the conditions are often the best ,\u00a0<span class=\"x_Apple-converted-space\">\u00a0<\/span>even if it is not mathematical.<\/span><\/p><p class=\"x_p3\"><strong><span class=\"x_s3\">When we call and at what time ?<\/span><\/strong><\/p><p class=\"x_p3\"><strong><span class=\"x_s3\">You can book in just a few clicks on our internet site.<\/span><\/strong><\/p><p class=\"x_p3\"><span class=\"x_s2\">We are open from April to November ( closing November 4, in general ) on all days including Sundays and public holidays.<\/span><\/p><p class=\"x_p3\"><span class=\"x_s2\">By phone :\u00a0<\/span><\/p><p class=\"x_p3\"><span class=\"x_s2\">For any information requests or reservations\u00a0<\/span><strong><span class=\"x_s3\">8: 00 to 20: 00.<\/span><\/strong><\/p><p class=\"x_p3\"><strong><span class=\"x_s3\">After 20: 00 please do not hesitate to book online .<\/span><\/strong><\/p><p class=\"x_p3\"><span class=\"x_s2\">In the case of reservations well in advance\u00a0<\/span><strong><span class=\"x_s3\">10: 00 am to 12: 00 and from 15: 00 to 18: 00<\/span><\/strong><span class=\"x_s2\">\u00a0time is ideal.<\/span><\/p><p class=\"x_p3\"><span class=\"x_s2\">In case of an emergency outside of these hours please do not hesitate to send us an sms at\u00a0<a title=\"tel:+33669690405\" href=\"tel:+33669690405\" target=\"_blank\" rel=\"noopener noreferrer\" data-auth=\"NotApplicable\" data-linkindex=\"0\">0669690405<\/a><\/span><\/p>\t\t\t\t\t\t\t\t<\/div>\n\t\t\t\t<\/div>\n\t\t\t\t<div class=\"elementor-element elementor-element-f67a4e8 elementor-align-center sidebar-reservez elementor-widget elementor-widget-button\" data-id=\"f67a4e8\" data-element_type=\"widget\" data-e-type=\"widget\" data-widget_type=\"button.default\">\n\t\t\t\t<div class=\"elementor-widget-container\">\n\t\t\t\t\t\t\t\t\t<div class=\"elementor-button-wrapper\">\n\t\t\t\t\t<a class=\"elementor-button elementor-button-link elementor-size-md\" href=\"#elementor-action%3Aaction%3Dpopup%3Aopen%26settings%3DeyJpZCI6IjU0OTEiLCJ0b2dnbGUiOmZhbHNlfQ%3D%3D\">\n\t\t\t\t\t\t<span class=\"elementor-button-content-wrapper\">\n\t\t\t\t\t\t\t\t\t<span class=\"elementor-button-text\">book here<\/span>\n\t\t\t\t\t<\/span>\n\t\t\t\t\t<\/a>\n\t\t\t\t<\/div>\n\t\t\t\t\t\t\t\t<\/div>\n\t\t\t\t<\/div>\n\t\t\t\t\t<\/div>\n\t\t<\/div>\n\t\t\t\t\t<\/div>\n\t\t<\/section>\n\t\t\t\t<\/div>","protected":false},"excerpt":{"rendered":"<p>Nos conseils pour r\u00e9server : \u00a01 :\u00a0Nous vous conseillons de r\u00e9server \u00e0 l\u2019avance car le bateau est limit\u00e9 \u00e0 12 personnes et le bateau est souvent complet \u00e0 l\u2019avance. 2:\u00a0L\u2019id\u00e9al est de choisir un jour au tout d\u00e9but de votre s\u00e9jour de mani\u00e8re \u00e0 avoir une marge de man\u0153uvre en cas de mer mauvaise. \u00a03 [&hellip;]<\/p>\n","protected":false},"author":1,"featured_media":0,"parent":364,"menu_order":0,"comment_status":"closed","ping_status":"closed","template":"","meta":{"footnotes":""},"class_list":["post-4916","page","type-page","status-publish","hentry"],"_links":{"self":[{"href":"https:\/\/scandola-girolata-piana.com\/en\/wp-json\/wp\/v2\/pages\/4916","targetHints":{"allow":["GET"]}}],"collection":[{"href":"https:\/\/scandola-girolata-piana.com\/en\/wp-json\/wp\/v2\/pages"}],"about":[{"href":"https:\/\/scandola-girolata-piana.com\/en\/wp-json\/wp\/v2\/types\/page"}],"author":[{"embeddable":true,"href":"https:\/\/scandola-girolata-piana.com\/en\/wp-json\/wp\/v2\/users\/1"}],"replies":[{"embeddable":true,"href":"https:\/\/scandola-girolata-piana.com\/en\/wp-json\/wp\/v2\/comments?post=4916"}],"version-history":[{"count":28,"href":"https:\/\/scandola-girolata-piana.com\/en\/wp-json\/wp\/v2\/pages\/4916\/revisions"}],"predecessor-version":[{"id":7080,"href":"https:\/\/scandola-girolata-piana.com\/en\/wp-json\/wp\/v2\/pages\/4916\/revisions\/7080"}],"up":[{"embeddable":true,"href":"https:\/\/scandola-girolata-piana.com\/en\/wp-json\/wp\/v2\/pages\/364"}],"wp:attachment":[{"href":"https:\/\/scandola-girolata-piana.com\/en\/wp-json\/wp\/v2\/media?parent=4916"}],"curies":[{"name":"wp","href":"https:\/\/api.w.org\/{rel}","templated":true}]}}