{"id":4920,"date":"2022-07-09T00:08:30","date_gmt":"2022-07-08T22:08:30","guid":{"rendered":"https:\/\/quizzical-haslett.91-121-78-195.plesk.page\/?page_id=4920"},"modified":"2025-06-30T11:42:31","modified_gmt":"2025-06-30T09:42:31","slug":"pourquoi-naviguer-avec-nous","status":"publish","type":"page","link":"https:\/\/scandola-girolata-piana.com\/en\/la-compagnie\/pourquoi-naviguer-avec-nous\/","title":{"rendered":"Why choose us"},"content":{"rendered":"\t\t<div data-elementor-type=\"wp-page\" data-elementor-id=\"4920\" class=\"elementor elementor-4920\" data-elementor-post-type=\"page\">\n\t\t\t\t\t\t<section class=\"elementor-section elementor-top-section elementor-element elementor-element-86490c2 elementor-section-boxed elementor-section-height-default elementor-section-height-default\" data-id=\"86490c2\" data-element_type=\"section\" data-e-type=\"section\">\n\t\t\t\t\t\t<div class=\"elementor-container elementor-column-gap-default\">\n\t\t\t\t\t<div class=\"elementor-column elementor-col-100 elementor-top-column elementor-element elementor-element-3f9108b\" data-id=\"3f9108b\" data-element_type=\"column\" data-e-type=\"column\">\n\t\t\t<div class=\"elementor-widget-wrap elementor-element-populated\">\n\t\t\t\t\t\t\t<\/div>\n\t\t<\/div>\n\t\t\t\t\t<\/div>\n\t\t<\/section>\n\t\t\t\t<section class=\"elementor-section elementor-top-section elementor-element elementor-element-dab39b6 elementor-section-boxed elementor-section-height-default elementor-section-height-default\" data-id=\"dab39b6\" data-element_type=\"section\" data-e-type=\"section\">\n\t\t\t\t\t\t<div class=\"elementor-container elementor-column-gap-default\">\n\t\t\t\t\t<div class=\"elementor-column elementor-col-50 elementor-top-column elementor-element elementor-element-cd1088f\" data-id=\"cd1088f\" data-element_type=\"column\" data-e-type=\"column\" data-settings=\"{&quot;background_background&quot;:&quot;classic&quot;}\">\n\t\t\t<div class=\"elementor-widget-wrap elementor-element-populated\">\n\t\t\t\t\t\t<div class=\"elementor-element elementor-element-3876195 elementor-widget elementor-widget-heading\" data-id=\"3876195\" data-element_type=\"widget\" data-e-type=\"widget\" data-widget_type=\"heading.default\">\n\t\t\t\t<div class=\"elementor-widget-container\">\n\t\t\t\t\t<h2 class=\"elementor-heading-title elementor-size-default\">1\/Notre m\u00e9tier, notre passion.<\/h2>\t\t\t\t<\/div>\n\t\t\t\t<\/div>\n\t\t\t\t<div class=\"elementor-element elementor-element-e9a0917 elementor-widget elementor-widget-text-editor\" data-id=\"e9a0917\" data-element_type=\"widget\" data-e-type=\"widget\" data-widget_type=\"text-editor.default\">\n\t\t\t\t<div class=\"elementor-widget-container\">\n\t\t\t\t\t\t\t\t\t<p>N\u00e9 dans une famille de p\u00eacheurs de Piana et moniteur de p\u00eache sportive, Fran\u00e7ois-Ren\u00e9 Castellani vous invite \u00e0 d\u00e9couvrir les tr\u00e9sors les plus secrets du Golfe de Porto.<\/p><p>\u00c0 bord de nos bateaux, vous naviguerez en \u00ab rase-cailloux \u00bb tout en profitant des commentaires passionn\u00e9s et anecdotes de notre \u00e9quipe d\u2019experts de la mer.<\/p><p>Premi\u00e8re compagnie pianaise \u00e0 proposer des excursions vers la r\u00e9serve de Scandola et les calanques de Piana, nous avons acquis en pr\u00e8s de 20 ans une solide exp\u00e9rience et une connaissance approfondie du golfe de Porto.<\/p><p>Nous aimons partager notre savoir sur la faune, la flore et la fascinante g\u00e9ologie locale.<\/p><p>Notre expertise est votre meilleure garantie pour un moment unique.<\/p>\t\t\t\t\t\t\t\t<\/div>\n\t\t\t\t<\/div>\n\t\t\t\t<div class=\"elementor-element elementor-element-5b74b18 elementor-widget elementor-widget-heading\" data-id=\"5b74b18\" data-element_type=\"widget\" data-e-type=\"widget\" data-widget_type=\"heading.default\">\n\t\t\t\t<div class=\"elementor-widget-container\">\n\t\t\t\t\t<h2 class=\"elementor-heading-title elementor-size-default\">\n\n2\/Nos valeurs.<\/h2>\t\t\t\t<\/div>\n\t\t\t\t<\/div>\n\t\t\t\t<div class=\"elementor-element elementor-element-2b9345b elementor-widget elementor-widget-text-editor\" data-id=\"2b9345b\" data-element_type=\"widget\" data-e-type=\"widget\" data-widget_type=\"text-editor.default\">\n\t\t\t\t<div class=\"elementor-widget-container\">\n\t\t\t\t\t\t\t\t\t<p class=\"x_p2\"><span class=\"x_s2\">Depuis pr\u00e8s de deux d\u00e9cennies, quatre valeurs fondamentales guident notre entreprise et d\u00e9finissent notre identit\u00e9 : loyaut\u00e9, \u00e9coute, qualit\u00e9 et plaisir partag\u00e9.<\/span><\/p><p class=\"x_p2\"><span class=\"x_s2\">La satisfaction, la joie et le sourire de nos clients sont notre plus grande r\u00e9compense.<\/span><\/p><p class=\"x_p2\"><span class=\"x_s2\">Qualit\u00e9 des prestations, professionnalisme de nos capitaines, confort et s\u00e9curit\u00e9 \u00e0 bord, commentaires riches et conviviaux : autant d\u2019engagements qui font la force de notre m\u00e9tier.<\/span><\/p><p class=\"x_p2\"><span class=\"x_s2\">Depuis quelques ann\u00e9es, certaines compagnies concurrentes proposent des offres de quelques euros moins cher tout en proposant les 3 sites embl\u00e9matiques que sont les calanques de Piana , Scandola et Girolata.<\/span><\/p><p class=\"x_p2\"><span class=\"x_s2\">Cependant nous remarquons un \u00e9courtement de la visite.<\/span><\/p><p class=\"x_p2\"><span class=\"x_s2\">Nous tenons donc \u00e0 souligner que nous nous engageons a vous pr\u00e9senter l\u2019ensemble des points clefs des calanques de Piana , de la r\u00e9serve naturelle de Scandola et du village de Girolata.<\/span><\/p><p class=\"x_p2\"><span class=\"x_s2\">Avec nous si il n\u2019y a pas de vent de nord trop fort vous n\u2019allez rien rater.<\/span><\/p><p class=\"x_p2\"><span class=\"x_s2\">Nous nous engageons \u00e0 respecter aussi les zones de qui\u00e9tudes pour les nids de balbuzards.<\/span><\/p><p class=\"x_p2\"><span class=\"x_s2\">Ces zones \u00e9volues sans cesse , c\u2019est pourquoi si vous d\u00e9j\u00e0 fait la balade nous faisons parfois des petits d\u00e9tours.<\/span><\/p>\t\t\t\t\t\t\t\t<\/div>\n\t\t\t\t<\/div>\n\t\t\t\t<div class=\"elementor-element elementor-element-8db22b6 elementor-widget elementor-widget-heading\" data-id=\"8db22b6\" data-element_type=\"widget\" data-e-type=\"widget\" data-widget_type=\"heading.default\">\n\t\t\t\t<div class=\"elementor-widget-container\">\n\t\t\t\t\t<h2 class=\"elementor-heading-title elementor-size-default\">3\/ Nos bateaux.<\/h2>\t\t\t\t<\/div>\n\t\t\t\t<\/div>\n\t\t\t\t<div class=\"elementor-element elementor-element-47960b8 elementor-widget elementor-widget-text-editor\" data-id=\"47960b8\" data-element_type=\"widget\" data-e-type=\"widget\" data-widget_type=\"text-editor.default\">\n\t\t\t\t<div class=\"elementor-widget-container\">\n\t\t\t\t\t\t\t\t\t<p>Nous mettons un point d\u2019honneur \u00e0 vous faire d\u00e9couvrir le site en prenant le temps n\u00e9cessaire.<\/p><p>Nos commentaires sont donn\u00e9s \u00e0 l\u2019arr\u00eat, pour que vous puissiez pleinement profiter des calanques de Piana et de la r\u00e9serve de Scandola.<\/p><p>Nos vedettes Alpana allient design, confort, stabilit\u00e9 et s\u00e9curit\u00e9 pour une balade en toute s\u00e9r\u00e9nit\u00e9.<\/p><p>Mesurant entre 10 et 12 m\u00e8tres, nos bateaux sont limit\u00e9s \u00e0 12 passagers, id\u00e9aux pour un moment convivial en famille, en couple ou entre amis.<\/p><p><strong>Les petits + :<\/strong><\/p><ul><li><strong>Navigation en rase-cailloux :<\/strong>nos bateaux se faufilent dans les recoins et les grottes inaccessibles aux plus grands navires.<\/li><li><strong>\u00c9quipements \u00e0 bord :<\/strong>WC, douchette, lavabo, syst\u00e8me audio et \u00e9chelles de bain pour un confort optimal.<\/li><li><strong><span class=\"x_s3\" data-olk-copy-source=\"MessageBody\">Moteurs silencieux et puissants : <\/span><\/strong><span class=\"x_s2\">\u00e9quip\u00e9s de moteurs Yamaha de derni\u00e8re g\u00e9n\u00e9ration (600 chevaux),pour Alpana Storicu et 900 chevaux pour Alpana 3 , nos bateaux vous conduisent rapidement vers les plus beaux spots, tout en douceur.<\/span><\/li><li><strong>S\u00e9curit\u00e9 :<\/strong>nos bateaux homologu\u00e9s N.U.C disposent de tout le mat\u00e9riel n\u00e9cessaire pour une excursion en toute tranquillit\u00e9.<\/li><\/ul>\t\t\t\t\t\t\t\t<\/div>\n\t\t\t\t<\/div>\n\t\t\t\t<div class=\"elementor-element elementor-element-f5925bc elementor-widget elementor-widget-heading\" data-id=\"f5925bc\" data-element_type=\"widget\" data-e-type=\"widget\" data-widget_type=\"heading.default\">\n\t\t\t\t<div class=\"elementor-widget-container\">\n\t\t\t\t\t<h2 class=\"elementor-heading-title elementor-size-default\">4\/Notre r\u00e9putation.<\/h2>\t\t\t\t<\/div>\n\t\t\t\t<\/div>\n\t\t\t\t<div class=\"elementor-element elementor-element-e367ec0 elementor-widget elementor-widget-text-editor\" data-id=\"e367ec0\" data-element_type=\"widget\" data-e-type=\"widget\" data-widget_type=\"text-editor.default\">\n\t\t\t\t<div class=\"elementor-widget-container\">\n\t\t\t\t\t\t\t\t\t<p><strong>Qui mieux que nos clients pour en parler ?<\/strong><\/p><p>Avec plus de 7 000 avis laiss\u00e9s sur TripAdvisor, Google et Facebook, nous sommes profond\u00e9ment touch\u00e9s par tous ceux qui ont pris le temps de partager leur exp\u00e9rience. Vos retours sont notre plus belle r\u00e9compense.<\/p><p>Depuis 2011, nous avons le plaisir d\u2019\u00eatre recommand\u00e9s par le\u00a0<em>Guide du Routard<\/em>, ainsi que par le\u00a0<em>Petit Fut\u00e9<\/em>,\u00a0<em>Lonely Planet<\/em>\u00a0et le\u00a0<em>Guide Vert Michelin<\/em>.<\/p><p>Ces reconnaissances refl\u00e8tent notre engagement quotidien, notre s\u00e9rieux et les efforts que nous d\u00e9ployons pour vous offrir des moments inoubliables. Votre satisfaction est, et restera toujours, au c\u0153ur de nos priorit\u00e9s.<\/p>\t\t\t\t\t\t\t\t<\/div>\n\t\t\t\t<\/div>\n\t\t\t\t\t<\/div>\n\t\t<\/div>\n\t\t\t\t<div class=\"elementor-column elementor-col-50 elementor-top-column elementor-element elementor-element-cf82144\" data-id=\"cf82144\" data-element_type=\"column\" data-e-type=\"column\" data-settings=\"{&quot;background_background&quot;:&quot;classic&quot;}\">\n\t\t\t<div class=\"elementor-widget-wrap elementor-element-populated\">\n\t\t\t\t\t\t<section class=\"elementor-section elementor-inner-section elementor-element elementor-element-48a3e3f elementor-section-boxed elementor-section-height-default elementor-section-height-default\" data-id=\"48a3e3f\" data-element_type=\"section\" data-e-type=\"section\" data-settings=\"{&quot;sticky&quot;:&quot;top&quot;,&quot;sticky_parent&quot;:&quot;yes&quot;,&quot;sticky_on&quot;:[&quot;desktop&quot;,&quot;tablet&quot;,&quot;mobile&quot;],&quot;sticky_offset&quot;:0,&quot;sticky_effects_offset&quot;:0,&quot;sticky_anchor_link_offset&quot;:0}\">\n\t\t\t\t\t\t<div class=\"elementor-container elementor-column-gap-default\">\n\t\t\t\t\t<div class=\"elementor-column elementor-col-100 elementor-inner-column elementor-element elementor-element-d8798bc\" data-id=\"d8798bc\" data-element_type=\"column\" data-e-type=\"column\">\n\t\t\t<div class=\"elementor-widget-wrap elementor-element-populated\">\n\t\t\t\t\t\t<div class=\"elementor-element elementor-element-87a92b9 elementor-widget elementor-widget-heading\" data-id=\"87a92b9\" data-element_type=\"widget\" data-e-type=\"widget\" data-widget_type=\"heading.default\">\n\t\t\t\t<div class=\"elementor-widget-container\">\n\t\t\t\t\t<h4 class=\"elementor-heading-title elementor-size-default\">Excursions en Corse<\/h4>\t\t\t\t<\/div>\n\t\t\t\t<\/div>\n\t\t\t\t<div class=\"elementor-element elementor-element-dd6ee3f elementor-align-center sidebar-reservez elementor-widget elementor-widget-button\" data-id=\"dd6ee3f\" data-element_type=\"widget\" data-e-type=\"widget\" data-widget_type=\"button.default\">\n\t\t\t\t<div class=\"elementor-widget-container\">\n\t\t\t\t\t\t\t\t\t<div class=\"elementor-button-wrapper\">\n\t\t\t\t\t<a class=\"elementor-button elementor-button-link elementor-size-md\" href=\"#elementor-action%3Aaction%3Dpopup%3Aopen%26settings%3DeyJpZCI6IjU0OTEiLCJ0b2dnbGUiOmZhbHNlfQ%3D%3D\">\n\t\t\t\t\t\t<span class=\"elementor-button-content-wrapper\">\n\t\t\t\t\t\t\t\t\t<span class=\"elementor-button-text\">r\u00e9servez ici<\/span>\n\t\t\t\t\t<\/span>\n\t\t\t\t\t<\/a>\n\t\t\t\t<\/div>\n\t\t\t\t\t\t\t\t<\/div>\n\t\t\t\t<\/div>\n\t\t\t\t<div class=\"elementor-element elementor-element-63231af elementor-icon-list--layout-traditional elementor-list-item-link-full_width elementor-widget elementor-widget-icon-list\" data-id=\"63231af\" data-element_type=\"widget\" data-e-type=\"widget\" data-widget_type=\"icon-list.default\">\n\t\t\t\t<div class=\"elementor-widget-container\">\n\t\t\t\t\t\t\t<ul class=\"elementor-icon-list-items\">\n\t\t\t\t\t\t\t<li class=\"elementor-icon-list-item\">\n\t\t\t\t\t\t\t\t\t\t\t<span class=\"elementor-icon-list-icon\">\n\t\t\t\t\t\t\t<i aria-hidden=\"true\" class=\"icofont icofont-certificate-alt-1\"><\/i>\t\t\t\t\t\t<\/span>\n\t\t\t\t\t\t\t\t\t\t<span class=\"elementor-icon-list-text\">Guide professionnel agr\u00e9\u00e9<\/span>\n\t\t\t\t\t\t\t\t\t<\/li>\n\t\t\t\t\t\t\t\t<li class=\"elementor-icon-list-item\">\n\t\t\t\t\t\t\t\t\t\t\t<span class=\"elementor-icon-list-icon\">\n\t\t\t\t\t\t\t<i aria-hidden=\"true\" class=\" ti-lock\"><\/i>\t\t\t\t\t\t<\/span>\n\t\t\t\t\t\t\t\t\t\t<span class=\"elementor-icon-list-text\">Paiement s\u00e9curis\u00e9<\/span>\n\t\t\t\t\t\t\t\t\t<\/li>\n\t\t\t\t\t\t\t\t<li class=\"elementor-icon-list-item\">\n\t\t\t\t\t\t\t\t\t\t\t<span class=\"elementor-icon-list-icon\">\n\t\t\t\t\t\t\t<i aria-hidden=\"true\" class=\"icofont icofont-eco-energy\"><\/i>\t\t\t\t\t\t<\/span>\n\t\t\t\t\t\t\t\t\t\t<span class=\"elementor-icon-list-text\">Une attitude eco-responsable<\/span>\n\t\t\t\t\t\t\t\t\t<\/li>\n\t\t\t\t\t\t<\/ul>\n\t\t\t\t\t\t<\/div>\n\t\t\t\t<\/div>\n\t\t\t\t<div class=\"elementor-element elementor-element-88b5149 elementor-widget elementor-widget-html\" data-id=\"88b5149\" data-element_type=\"widget\" data-e-type=\"widget\" data-widget_type=\"html.default\">\n\t\t\t\t<div class=\"elementor-widget-container\">\n\t\t\t\t\t<script src=\"https:\/\/apps.elfsight.com\/p\/platform.js\" defer><\/script>\n<div class=\"elfsight-app-27fadf7b-a6c3-4b52-9e0b-62bd26c4e533\"><\/div>\t\t\t\t<\/div>\n\t\t\t\t<\/div>\n\t\t\t\t<div class=\"elementor-element elementor-element-a69016b elementor-align-center sidebar-reservez elementor-widget elementor-widget-button\" data-id=\"a69016b\" data-element_type=\"widget\" data-e-type=\"widget\" data-widget_type=\"button.default\">\n\t\t\t\t<div class=\"elementor-widget-container\">\n\t\t\t\t\t\t\t\t\t<div class=\"elementor-button-wrapper\">\n\t\t\t\t\t<a class=\"elementor-button elementor-button-link elementor-size-md\" href=\"#elementor-action%3Aaction%3Dpopup%3Aopen%26settings%3DeyJpZCI6IjU0OTEiLCJ0b2dnbGUiOmZhbHNlfQ%3D%3D\">\n\t\t\t\t\t\t<span class=\"elementor-button-content-wrapper\">\n\t\t\t\t\t\t\t\t\t<span class=\"elementor-button-text\">Contactez-nous<\/span>\n\t\t\t\t\t<\/span>\n\t\t\t\t\t<\/a>\n\t\t\t\t<\/div>\n\t\t\t\t\t\t\t\t<\/div>\n\t\t\t\t<\/div>\n\t\t\t\t\t<\/div>\n\t\t<\/div>\n\t\t\t\t\t<\/div>\n\t\t<\/section>\n\t\t\t\t\t<\/div>\n\t\t<\/div>\n\t\t\t\t\t<\/div>\n\t\t<\/section>\n\t\t\t\t<\/div>\n\t\t","protected":false},"excerpt":{"rendered":"<p>1\/Notre m\u00e9tier, notre passion. N\u00e9 dans une famille de p\u00eacheurs de Piana et moniteur de p\u00eache sportive, Fran\u00e7ois-Ren\u00e9 Castellani vous invite \u00e0 d\u00e9couvrir les tr\u00e9sors les plus secrets du Golfe de Porto. \u00c0 bord de nos bateaux, vous naviguerez en \u00ab rase-cailloux \u00bb tout en profitant des commentaires passionn\u00e9s et anecdotes de notre \u00e9quipe d\u2019experts [&hellip;]<\/p>\n","protected":false},"author":1,"featured_media":0,"parent":4874,"menu_order":0,"comment_status":"closed","ping_status":"closed","template":"","meta":{"footnotes":""},"class_list":["post-4920","page","type-page","status-publish","hentry"],"_links":{"self":[{"href":"https:\/\/scandola-girolata-piana.com\/en\/wp-json\/wp\/v2\/pages\/4920","targetHints":{"allow":["GET"]}}],"collection":[{"href":"https:\/\/scandola-girolata-piana.com\/en\/wp-json\/wp\/v2\/pages"}],"about":[{"href":"https:\/\/scandola-girolata-piana.com\/en\/wp-json\/wp\/v2\/types\/page"}],"author":[{"embeddable":true,"href":"https:\/\/scandola-girolata-piana.com\/en\/wp-json\/wp\/v2\/users\/1"}],"replies":[{"embeddable":true,"href":"https:\/\/scandola-girolata-piana.com\/en\/wp-json\/wp\/v2\/comments?post=4920"}],"version-history":[{"count":41,"href":"https:\/\/scandola-girolata-piana.com\/en\/wp-json\/wp\/v2\/pages\/4920\/revisions"}],"predecessor-version":[{"id":7073,"href":"https:\/\/scandola-girolata-piana.com\/en\/wp-json\/wp\/v2\/pages\/4920\/revisions\/7073"}],"up":[{"embeddable":true,"href":"https:\/\/scandola-girolata-piana.com\/en\/wp-json\/wp\/v2\/pages\/4874"}],"wp:attachment":[{"href":"https:\/\/scandola-girolata-piana.com\/en\/wp-json\/wp\/v2\/media?parent=4920"}],"curies":[{"name":"wp","href":"https:\/\/api.w.org\/{rel}","templated":true}]}}