{"id":4921,"date":"2022-07-09T00:08:40","date_gmt":"2022-07-08T22:08:40","guid":{"rendered":"https:\/\/quizzical-haslett.91-121-78-195.plesk.page\/?page_id=4921"},"modified":"2025-06-30T11:41:56","modified_gmt":"2025-06-30T09:41:56","slug":"charte-natura-2000","status":"publish","type":"page","link":"https:\/\/scandola-girolata-piana.com\/en\/la-compagnie\/charte-natura-2000\/","title":{"rendered":"Charter Natura 2000"},"content":{"rendered":"<div data-elementor-type=\"wp-page\" data-elementor-id=\"4921\" class=\"elementor elementor-4921\" data-elementor-post-type=\"page\">\n\t\t\t\t\t\t<section class=\"elementor-section elementor-top-section elementor-element elementor-element-602b341 elementor-section-boxed elementor-section-height-default elementor-section-height-default\" data-id=\"602b341\" data-element_type=\"section\" data-e-type=\"section\">\n\t\t\t\t\t\t<div class=\"elementor-container elementor-column-gap-default\">\n\t\t\t\t\t<div class=\"elementor-column elementor-col-100 elementor-top-column elementor-element elementor-element-031d549\" data-id=\"031d549\" data-element_type=\"column\" data-e-type=\"column\">\n\t\t\t<div class=\"elementor-widget-wrap elementor-element-populated\">\n\t\t\t\t\t\t<div class=\"elementor-element elementor-element-d307311 elementor-widget elementor-widget-text-editor\" data-id=\"d307311\" data-element_type=\"widget\" data-e-type=\"widget\" data-widget_type=\"text-editor.default\">\n\t\t\t\t<div class=\"elementor-widget-container\">\n\t\t\t\t\t\t\t\t\t<p class=\"x_p2\"><span class=\"x_s1\" data-olk-copy-source=\"MessageBody\">Aware of the opportunity that we have to exercise in an exceptional site, but so fragile, we are fully committed to a sustainable development approach.<\/span><\/p><p class=\"x_p2\"><span class=\"x_s1\">As a member of the association of the boatmen of Scandola, we respect a charter rigorous guide us to minimize our impact on the marine ecosystem.<\/span><\/p><p class=\"x_p2\"><span class=\"x_s1\">Signatories of the charter Natura 2000, dedicated to the good practices of the sector Calvi-Carg\u00e8se, we encourage our passengers to the richness of the fauna, the flora and the local geology through our comments enthusiasts.<\/span><\/p><p class=\"x_p2\"><span class=\"x_s1\">We work every day to preserve this unique environment while supporting the local economy.<\/span><\/p><p class=\"x_p2\"><span class=\"x_s1\">Because future generations deserve to discover a nature as untouched as we know, the protection of the reserve of Scandola is our top priority.<\/span><\/p><p class=\"x_p2\"><span class=\"x_s1\">Fishermen and lovers of this nature, we like to share our knowledge to better understand, love and protect this precious heritage.<\/span><\/p>\t\t\t\t\t\t\t\t<\/div>\n\t\t\t\t<\/div>\n\t\t\t\t<div class=\"elementor-element elementor-element-c2531fd elementor-widget elementor-widget-image\" data-id=\"c2531fd\" data-element_type=\"widget\" data-e-type=\"widget\" data-widget_type=\"image.default\">\n\t\t\t\t<div class=\"elementor-widget-container\">\n\t\t\t\t\t\t\t\t\t\t\t\t\t\t\t<img fetchpriority=\"high\" decoding=\"async\" width=\"1024\" height=\"768\" src=\"https:\/\/scandola-girolata-piana.com\/wp-content\/uploads\/2025\/05\/thumbnail_image3-1.jpg\" class=\"attachment-full size-full wp-image-6035\" alt=\"\" srcset=\"https:\/\/scandola-girolata-piana.com\/wp-content\/uploads\/2025\/05\/thumbnail_image3-1.jpg 1024w, https:\/\/scandola-girolata-piana.com\/wp-content\/uploads\/2025\/05\/thumbnail_image3-1-300x225.jpg 300w, https:\/\/scandola-girolata-piana.com\/wp-content\/uploads\/2025\/05\/thumbnail_image3-1-768x576.jpg 768w\" sizes=\"(max-width: 1024px) 100vw, 1024px\" \/>\t\t\t\t\t\t\t\t\t\t\t\t\t\t\t<\/div>\n\t\t\t\t<\/div>\n\t\t\t\t\t<\/div>\n\t\t<\/div>\n\t\t\t\t\t<\/div>\n\t\t<\/section>\n\t\t\t\t<\/div>","protected":false},"excerpt":{"rendered":"<p>Conscients de la chance que nous avons d\u2019exercer dans un site exceptionnel mais tout autant fragile, nous sommes pleinement engag\u00e9s dans une d\u00e9marche de d\u00e9veloppement durable. En tant que membres de l\u2019association des bateliers de Scandola, nous respectons une charte rigoureuse qui nous guide pour minimiser notre impact sur l\u2019\u00e9cosyst\u00e8me marin. Signataires de la charte [&hellip;]<\/p>\n","protected":false},"author":1,"featured_media":0,"parent":4874,"menu_order":0,"comment_status":"closed","ping_status":"closed","template":"","meta":{"footnotes":""},"class_list":["post-4921","page","type-page","status-publish","hentry"],"_links":{"self":[{"href":"https:\/\/scandola-girolata-piana.com\/en\/wp-json\/wp\/v2\/pages\/4921","targetHints":{"allow":["GET"]}}],"collection":[{"href":"https:\/\/scandola-girolata-piana.com\/en\/wp-json\/wp\/v2\/pages"}],"about":[{"href":"https:\/\/scandola-girolata-piana.com\/en\/wp-json\/wp\/v2\/types\/page"}],"author":[{"embeddable":true,"href":"https:\/\/scandola-girolata-piana.com\/en\/wp-json\/wp\/v2\/users\/1"}],"replies":[{"embeddable":true,"href":"https:\/\/scandola-girolata-piana.com\/en\/wp-json\/wp\/v2\/comments?post=4921"}],"version-history":[{"count":16,"href":"https:\/\/scandola-girolata-piana.com\/en\/wp-json\/wp\/v2\/pages\/4921\/revisions"}],"predecessor-version":[{"id":7070,"href":"https:\/\/scandola-girolata-piana.com\/en\/wp-json\/wp\/v2\/pages\/4921\/revisions\/7070"}],"up":[{"embeddable":true,"href":"https:\/\/scandola-girolata-piana.com\/en\/wp-json\/wp\/v2\/pages\/4874"}],"wp:attachment":[{"href":"https:\/\/scandola-girolata-piana.com\/en\/wp-json\/wp\/v2\/media?parent=4921"}],"curies":[{"name":"wp","href":"https:\/\/api.w.org\/{rel}","templated":true}]}}