{"id":4924,"date":"2022-07-09T00:10:10","date_gmt":"2022-07-08T22:10:10","guid":{"rendered":"https:\/\/quizzical-haslett.91-121-78-195.plesk.page\/?page_id=4924"},"modified":"2025-06-30T11:40:06","modified_gmt":"2025-06-30T09:40:06","slug":"lequipe","status":"publish","type":"page","link":"https:\/\/scandola-girolata-piana.com\/en\/la-compagnie\/lequipe\/","title":{"rendered":"The team"},"content":{"rendered":"\t\t<div data-elementor-type=\"wp-page\" data-elementor-id=\"4924\" class=\"elementor elementor-4924\" data-elementor-post-type=\"page\">\n\t\t\t\t\t\t<section class=\"elementor-section elementor-top-section elementor-element elementor-element-3b899a52 elementor-section-boxed elementor-section-height-default elementor-section-height-default\" data-id=\"3b899a52\" data-element_type=\"section\" data-e-type=\"section\">\n\t\t\t\t\t\t<div class=\"elementor-container elementor-column-gap-default\">\n\t\t\t\t\t<div class=\"elementor-column elementor-col-100 elementor-top-column elementor-element elementor-element-678db866\" data-id=\"678db866\" data-element_type=\"column\" data-e-type=\"column\">\n\t\t\t<div class=\"elementor-widget-wrap elementor-element-populated\">\n\t\t\t\t\t\t\t<\/div>\n\t\t<\/div>\n\t\t\t\t\t<\/div>\n\t\t<\/section>\n\t\t\t\t<section class=\"elementor-section elementor-top-section elementor-element elementor-element-e3b3ef3 elementor-section-boxed elementor-section-height-default elementor-section-height-default\" data-id=\"e3b3ef3\" data-element_type=\"section\" data-e-type=\"section\">\n\t\t\t\t\t\t<div class=\"elementor-container elementor-column-gap-default\">\n\t\t\t\t\t<div class=\"elementor-column elementor-col-50 elementor-top-column elementor-element elementor-element-a2a8022\" data-id=\"a2a8022\" data-element_type=\"column\" data-e-type=\"column\" data-settings=\"{&quot;background_background&quot;:&quot;classic&quot;}\">\n\t\t\t<div class=\"elementor-widget-wrap elementor-element-populated\">\n\t\t\t\t\t\t<div class=\"elementor-element elementor-element-5fdb3d2 elementor-widget elementor-widget-heading\" data-id=\"5fdb3d2\" data-element_type=\"widget\" data-e-type=\"widget\" data-widget_type=\"heading.default\">\n\t\t\t\t<div class=\"elementor-widget-container\">\n\t\t\t\t\t<h2 class=\"elementor-heading-title elementor-size-default\">Fran\u00e7ois-Ren\u00e9, votre capitaine et guide \u00e0 Porto, Corse<\/h2>\t\t\t\t<\/div>\n\t\t\t\t<\/div>\n\t\t\t\t<div class=\"elementor-element elementor-element-e38d2ab elementor-widget elementor-widget-image\" data-id=\"e38d2ab\" data-element_type=\"widget\" data-e-type=\"widget\" data-widget_type=\"image.default\">\n\t\t\t\t<div class=\"elementor-widget-container\">\n\t\t\t\t\t\t\t\t\t\t\t\t\t\t\t<img fetchpriority=\"high\" decoding=\"async\" width=\"1920\" height=\"1440\" src=\"https:\/\/scandola-girolata-piana.com\/wp-content\/uploads\/2024\/06\/thumbnail_image1.jpg\" class=\"attachment-full size-full wp-image-5947\" alt=\"\" srcset=\"https:\/\/scandola-girolata-piana.com\/wp-content\/uploads\/2024\/06\/thumbnail_image1.jpg 1920w, https:\/\/scandola-girolata-piana.com\/wp-content\/uploads\/2024\/06\/thumbnail_image1-300x225.jpg 300w, https:\/\/scandola-girolata-piana.com\/wp-content\/uploads\/2024\/06\/thumbnail_image1-1024x768.jpg 1024w, https:\/\/scandola-girolata-piana.com\/wp-content\/uploads\/2024\/06\/thumbnail_image1-768x576.jpg 768w, https:\/\/scandola-girolata-piana.com\/wp-content\/uploads\/2024\/06\/thumbnail_image1-1536x1152.jpg 1536w\" sizes=\"(max-width: 1920px) 100vw, 1920px\" \/>\t\t\t\t\t\t\t\t\t\t\t\t\t\t\t<\/div>\n\t\t\t\t<\/div>\n\t\t\t\t<div class=\"elementor-element elementor-element-f6348e5 elementor-widget elementor-widget-text-editor\" data-id=\"f6348e5\" data-element_type=\"widget\" data-e-type=\"widget\" data-widget_type=\"text-editor.default\">\n\t\t\t\t<div class=\"elementor-widget-container\">\n\t\t\t\t\t\t\t\t\t<p><strong>Fran\u00e7ois-Ren\u00e9 Castellani, enfant de Piana et h\u00e9ritier d\u2019une lign\u00e9e de p\u00eacheurs de Ficaghjola, est un amoureux inconditionnel de sa r\u00e9gion.<\/strong><\/p><p>Pionnier dans l\u2019\u00e2me, il a fond\u00e9 la toute premi\u00e8re compagnie maritime du village de Piana \u00e0 proposer la d\u00e9couverte des calanques par la mer.<\/p><p>Accompagn\u00e9 de son \u00e9quipe, C\u00e9cilia qui vous accueille et g\u00e8re vos r\u00e9servations\u00a0\u00a0ainsi que Thibault et Marc \u00e0 la barre des bateaux , nous vous invitons \u00e0 explorer les tr\u00e9sors cach\u00e9s de la c\u00f4te ouest de la Corse : la majestueuse r\u00e9serve naturelle de Scandola, le charmant village de Girolata, et bien s\u00fbr, les mythiques calanques de Piana.<\/p><p>Entre navigation \u00ab rase-cailloux \u00bb et commentaires passionn\u00e9s m\u00ealant faune, flore, histoire et anecdotes locales, vous d\u00e9couvrirez des criques secr\u00e8tes d\u2019une beaut\u00e9 \u00e0 couper le souffle.<\/p><p>\u2693\u00a0<strong>Excursions en mer dans le golfe de Porto<\/strong><\/p><p>Guide moniteur professionnel de p\u00eache sportive, Fran\u00e7ois-Ren\u00e9 propose \u00e9galement des sessions en mer autour de la c\u00f4te ouest corse, durant lesquelles il partage avec enthousiasme ses connaissances du monde marin.<\/p><p>Pour garantir votre s\u00e9curit\u00e9 et votre confort, tous nos guides sont titulaires du permis professionnel\u00a0<strong>Capitaine 200<\/strong>, indispensable pour le transport de passagers.<\/p><p>\u00a0<\/p>\t\t\t\t\t\t\t\t<\/div>\n\t\t\t\t<\/div>\n\t\t\t\t<div class=\"elementor-element elementor-element-e595fd3 elementor-widget elementor-widget-image\" data-id=\"e595fd3\" data-element_type=\"widget\" data-e-type=\"widget\" data-widget_type=\"image.default\">\n\t\t\t\t<div class=\"elementor-widget-container\">\n\t\t\t\t\t\t\t\t\t\t\t\t\t\t\t<img decoding=\"async\" width=\"1500\" height=\"1116\" src=\"https:\/\/scandola-girolata-piana.com\/wp-content\/uploads\/2024\/04\/alpana-peche-en-corse-depart-porto-5.jpg\" class=\"attachment-full size-full wp-image-5791\" alt=\"\" srcset=\"https:\/\/scandola-girolata-piana.com\/wp-content\/uploads\/2024\/04\/alpana-peche-en-corse-depart-porto-5.jpg 1500w, https:\/\/scandola-girolata-piana.com\/wp-content\/uploads\/2024\/04\/alpana-peche-en-corse-depart-porto-5-300x223.jpg 300w, https:\/\/scandola-girolata-piana.com\/wp-content\/uploads\/2024\/04\/alpana-peche-en-corse-depart-porto-5-1024x762.jpg 1024w, https:\/\/scandola-girolata-piana.com\/wp-content\/uploads\/2024\/04\/alpana-peche-en-corse-depart-porto-5-768x571.jpg 768w\" sizes=\"(max-width: 1500px) 100vw, 1500px\" \/>\t\t\t\t\t\t\t\t\t\t\t\t\t\t\t<\/div>\n\t\t\t\t<\/div>\n\t\t\t\t<div class=\"elementor-element elementor-element-fe43d11 elementor-widget elementor-widget-text-editor\" data-id=\"fe43d11\" data-element_type=\"widget\" data-e-type=\"widget\" data-widget_type=\"text-editor.default\">\n\t\t\t\t<div class=\"elementor-widget-container\">\n\t\t\t\t\t\t\t\t\t<h3>Une histoire de famille<\/h3><p>A l\u2019origine, la population de Piana vivait exclusivement des activit\u00e9s agricoles et pastorales. L\u2019\u00e9dition du Larousse de 1928 \u00e9voque notamment l\u2019exploitation de vignes et la qualit\u00e9 du vin de Muscat de la r\u00e9gion.<\/p><p>Au d\u00e9but du XX\u00e8me si\u00e8cle, la fr\u00e9quentation saisonni\u00e8re puis l\u2019installation d\u00e9finitive de plusieurs familles de p\u00eacheurs venues de Calvi va permettre le d\u00e9veloppement de la p\u00eache et verra na\u00eetre dans les ann\u00e9es 50 une dizaine d\u2019\u00e9quipage dont mon grand-p\u00e8re et mon oncle.<\/p><h3>Promenade en bateau dans les calanques de Piana<\/h3><p>La marine de Ficaghjola, seule plage des calanques de Piana, est accessible par la mer ou par un sentier. Elle conserve les vestiges du pass\u00e9 et abrite les maisons de ces p\u00eacheurs de langoustes. Fiert\u00e9 de ma famille, elle prend soin de cet h\u00e9ritage qui se transmet de g\u00e9n\u00e9ration en g\u00e9n\u00e9ration.<\/p>\t\t\t\t\t\t\t\t<\/div>\n\t\t\t\t<\/div>\n\t\t\t\t<div class=\"elementor-element elementor-element-758c06d elementor--h-position-center elementor--v-position-middle elementor-arrows-position-inside elementor-pagination-position-inside elementor-widget elementor-widget-slides\" data-id=\"758c06d\" data-element_type=\"widget\" data-e-type=\"widget\" data-settings=\"{&quot;navigation&quot;:&quot;both&quot;,&quot;autoplay&quot;:&quot;yes&quot;,&quot;pause_on_hover&quot;:&quot;yes&quot;,&quot;pause_on_interaction&quot;:&quot;yes&quot;,&quot;autoplay_speed&quot;:5000,&quot;infinite&quot;:&quot;yes&quot;,&quot;transition&quot;:&quot;slide&quot;,&quot;transition_speed&quot;:500}\" data-widget_type=\"slides.default\">\n\t\t\t\t<div class=\"elementor-widget-container\">\n\t\t\t\t\t\t\t\t\t<div class=\"elementor-swiper\">\n\t\t\t\t\t<div class=\"elementor-slides-wrapper elementor-main-swiper swiper\" role=\"region\" aria-roledescription=\"carousel\" aria-label=\"Diapositives\" dir=\"ltr\" data-animation=\"fadeInUp\">\n\t\t\t\t<div class=\"swiper-wrapper elementor-slides\">\n\t\t\t\t\t\t\t\t\t\t<div class=\"elementor-repeater-item-7cce619 swiper-slide\" role=\"group\" aria-roledescription=\"slide\"><div class=\"swiper-slide-bg\" role=\"img\" aria-label=\"alpana-peche-en-corse-depart-porto-4-1210x600\"><\/div><div class=\"swiper-slide-inner\" ><div class=\"swiper-slide-contents\"><\/div><\/div><\/div><div class=\"elementor-repeater-item-65e6e85 swiper-slide\" role=\"group\" aria-roledescription=\"slide\"><div class=\"swiper-slide-bg\" role=\"img\" aria-label=\"alpana-peche-en-corse-depart-porto-5\"><\/div><div class=\"swiper-slide-inner\" ><div class=\"swiper-slide-contents\"><\/div><\/div><\/div><div class=\"elementor-repeater-item-54639f5 swiper-slide\" role=\"group\" aria-roledescription=\"slide\"><div class=\"swiper-slide-bg\" role=\"img\" aria-label=\"alpana-peche-en-corse-depart-porto--1210x600\"><\/div><div class=\"swiper-slide-inner\" ><div class=\"swiper-slide-contents\"><\/div><\/div><\/div><div class=\"elementor-repeater-item-fe2d4ee swiper-slide\" role=\"group\" aria-roledescription=\"slide\"><div class=\"swiper-slide-bg\" role=\"img\" aria-label=\"alpana-peche-en-corse-depart-porto-3-997x494\"><\/div><div class=\"swiper-slide-inner\" ><div class=\"swiper-slide-contents\"><\/div><\/div><\/div><div class=\"elementor-repeater-item-1479651 swiper-slide\" role=\"group\" aria-roledescription=\"slide\"><div class=\"swiper-slide-bg\" role=\"img\" aria-label=\"alpana-peche-en-corse-depart-porto-2-995x493\"><\/div><div class=\"swiper-slide-inner\" ><div class=\"swiper-slide-contents\"><\/div><\/div><\/div>\t\t\t\t<\/div>\n\t\t\t\t\t\t\t\t\t\t\t\t\t\t\t<div class=\"elementor-swiper-button elementor-swiper-button-prev\" role=\"button\" tabindex=\"0\" aria-label=\"Previous slide\">\n\t\t\t\t\t\t\t<svg aria-hidden=\"true\" class=\"e-font-icon-svg e-eicon-chevron-left\" viewBox=\"0 0 1000 1000\" xmlns=\"http:\/\/www.w3.org\/2000\/svg\"><path d=\"M646 125C629 125 613 133 604 142L308 442C296 454 292 471 292 487 292 504 296 521 308 533L604 854C617 867 629 875 646 875 663 875 679 871 692 858 704 846 713 829 713 812 713 796 708 779 692 767L438 487 692 225C700 217 708 204 708 187 708 171 704 154 692 142 675 129 663 125 646 125Z\"><\/path><\/svg>\t\t\t\t\t\t<\/div>\n\t\t\t\t\t\t<div class=\"elementor-swiper-button elementor-swiper-button-next\" role=\"button\" tabindex=\"0\" aria-label=\"Next slide\">\n\t\t\t\t\t\t\t<svg aria-hidden=\"true\" class=\"e-font-icon-svg e-eicon-chevron-right\" viewBox=\"0 0 1000 1000\" xmlns=\"http:\/\/www.w3.org\/2000\/svg\"><path d=\"M696 533C708 521 713 504 713 487 713 471 708 454 696 446L400 146C388 133 375 125 354 125 338 125 325 129 313 142 300 154 292 171 292 187 292 204 296 221 308 233L563 492 304 771C292 783 288 800 288 817 288 833 296 850 308 863 321 871 338 875 354 875 371 875 388 867 400 854L696 533Z\"><\/path><\/svg>\t\t\t\t\t\t<\/div>\n\t\t\t\t\t\t\t\t\t\t\t\t\t\t\t\t<div class=\"swiper-pagination\"><\/div>\n\t\t\t\t\t\t\t\t\t\t\t\t<\/div>\n\t\t\t\t<\/div>\n\t\t\t\t\t\t\t\t<\/div>\n\t\t\t\t<\/div>\n\t\t\t\t<div class=\"elementor-element elementor-element-f9cd2bf elementor-widget elementor-widget-text-editor\" data-id=\"f9cd2bf\" data-element_type=\"widget\" data-e-type=\"widget\" data-widget_type=\"text-editor.default\">\n\t\t\t\t<div class=\"elementor-widget-container\">\n\t\t\t\t\t\t\t\t\t<h3>Fran\u00e7ois-Ren\u00e9 CASTELLANI, votre capitaine et guide, parcourt le golfe et ses calanche depuis son enfance.<\/h3><p>Il vous fera alors d\u00e9couvrir les lieux les plus secrets du Golfe de Porto. Petit fils d\u2019un des anciens p\u00eacheurs de FICAGHJOLA et habitant \u00e0 Piana (village perch\u00e9 sur les hauteurs du Golfe de Porto), il se fera un plaisir de vous accompagner au c\u0153ur de ces monuments naturels\u2026<br \/>V\u00e9ritable passionn\u00e9 de p\u00eache depuis toujours, Fran\u00e7ois-Ren\u00e9, est \u00e9galement dipl\u00f4m\u00e9 \u00ab Guide moniteur de p\u00eache sportive \u00bb.<\/p>\t\t\t\t\t\t\t\t<\/div>\n\t\t\t\t<\/div>\n\t\t\t\t\t<\/div>\n\t\t<\/div>\n\t\t\t\t<div class=\"elementor-column elementor-col-50 elementor-top-column elementor-element elementor-element-1afccaa\" data-id=\"1afccaa\" data-element_type=\"column\" data-e-type=\"column\" data-settings=\"{&quot;background_background&quot;:&quot;classic&quot;}\">\n\t\t\t<div class=\"elementor-widget-wrap elementor-element-populated\">\n\t\t\t\t\t\t<section class=\"elementor-section elementor-inner-section elementor-element elementor-element-2919b61 elementor-section-boxed elementor-section-height-default elementor-section-height-default\" data-id=\"2919b61\" data-element_type=\"section\" data-e-type=\"section\" data-settings=\"{&quot;sticky&quot;:&quot;top&quot;,&quot;sticky_parent&quot;:&quot;yes&quot;,&quot;sticky_on&quot;:[&quot;desktop&quot;,&quot;tablet&quot;,&quot;mobile&quot;],&quot;sticky_offset&quot;:0,&quot;sticky_effects_offset&quot;:0,&quot;sticky_anchor_link_offset&quot;:0}\">\n\t\t\t\t\t\t<div class=\"elementor-container elementor-column-gap-default\">\n\t\t\t\t\t<div class=\"elementor-column elementor-col-100 elementor-inner-column elementor-element elementor-element-53459fa\" data-id=\"53459fa\" data-element_type=\"column\" data-e-type=\"column\">\n\t\t\t<div class=\"elementor-widget-wrap elementor-element-populated\">\n\t\t\t\t\t\t<div class=\"elementor-element elementor-element-305cbea elementor-widget elementor-widget-heading\" data-id=\"305cbea\" data-element_type=\"widget\" data-e-type=\"widget\" data-widget_type=\"heading.default\">\n\t\t\t\t<div class=\"elementor-widget-container\">\n\t\t\t\t\t<h4 class=\"elementor-heading-title elementor-size-default\">Excursions en Corse<\/h4>\t\t\t\t<\/div>\n\t\t\t\t<\/div>\n\t\t\t\t<div class=\"elementor-element elementor-element-acc3dd0 elementor-align-center sidebar-reservez elementor-widget elementor-widget-button\" data-id=\"acc3dd0\" data-element_type=\"widget\" data-e-type=\"widget\" data-widget_type=\"button.default\">\n\t\t\t\t<div class=\"elementor-widget-container\">\n\t\t\t\t\t\t\t\t\t<div class=\"elementor-button-wrapper\">\n\t\t\t\t\t<a class=\"elementor-button elementor-button-link elementor-size-md\" href=\"#elementor-action%3Aaction%3Dpopup%3Aopen%26settings%3DeyJpZCI6IjU0OTEiLCJ0b2dnbGUiOmZhbHNlfQ%3D%3D\">\n\t\t\t\t\t\t<span class=\"elementor-button-content-wrapper\">\n\t\t\t\t\t\t\t\t\t<span class=\"elementor-button-text\">r\u00e9servez ici<\/span>\n\t\t\t\t\t<\/span>\n\t\t\t\t\t<\/a>\n\t\t\t\t<\/div>\n\t\t\t\t\t\t\t\t<\/div>\n\t\t\t\t<\/div>\n\t\t\t\t<div class=\"elementor-element elementor-element-d21d4a7 elementor-icon-list--layout-traditional elementor-list-item-link-full_width elementor-widget elementor-widget-icon-list\" data-id=\"d21d4a7\" data-element_type=\"widget\" data-e-type=\"widget\" data-widget_type=\"icon-list.default\">\n\t\t\t\t<div class=\"elementor-widget-container\">\n\t\t\t\t\t\t\t<ul class=\"elementor-icon-list-items\">\n\t\t\t\t\t\t\t<li class=\"elementor-icon-list-item\">\n\t\t\t\t\t\t\t\t\t\t\t<span class=\"elementor-icon-list-icon\">\n\t\t\t\t\t\t\t<i aria-hidden=\"true\" class=\"icofont icofont-certificate-alt-1\"><\/i>\t\t\t\t\t\t<\/span>\n\t\t\t\t\t\t\t\t\t\t<span class=\"elementor-icon-list-text\">Guide professionnel agr\u00e9\u00e9<\/span>\n\t\t\t\t\t\t\t\t\t<\/li>\n\t\t\t\t\t\t\t\t<li class=\"elementor-icon-list-item\">\n\t\t\t\t\t\t\t\t\t\t\t<span class=\"elementor-icon-list-icon\">\n\t\t\t\t\t\t\t<i aria-hidden=\"true\" class=\" ti-lock\"><\/i>\t\t\t\t\t\t<\/span>\n\t\t\t\t\t\t\t\t\t\t<span class=\"elementor-icon-list-text\">Paiement s\u00e9curis\u00e9<\/span>\n\t\t\t\t\t\t\t\t\t<\/li>\n\t\t\t\t\t\t\t\t<li class=\"elementor-icon-list-item\">\n\t\t\t\t\t\t\t\t\t\t\t<span class=\"elementor-icon-list-icon\">\n\t\t\t\t\t\t\t<i aria-hidden=\"true\" class=\"icofont icofont-eco-energy\"><\/i>\t\t\t\t\t\t<\/span>\n\t\t\t\t\t\t\t\t\t\t<span class=\"elementor-icon-list-text\">Une attitude eco-responsable<\/span>\n\t\t\t\t\t\t\t\t\t<\/li>\n\t\t\t\t\t\t<\/ul>\n\t\t\t\t\t\t<\/div>\n\t\t\t\t<\/div>\n\t\t\t\t<div class=\"elementor-element elementor-element-bfe0858 elementor-widget elementor-widget-html\" data-id=\"bfe0858\" data-element_type=\"widget\" data-e-type=\"widget\" data-widget_type=\"html.default\">\n\t\t\t\t<div class=\"elementor-widget-container\">\n\t\t\t\t\t<script src=\"https:\/\/apps.elfsight.com\/p\/platform.js\" defer><\/script>\n<div class=\"elfsight-app-27fadf7b-a6c3-4b52-9e0b-62bd26c4e533\"><\/div>\t\t\t\t<\/div>\n\t\t\t\t<\/div>\n\t\t\t\t<div class=\"elementor-element elementor-element-346f64f elementor-align-center sidebar-reservez elementor-widget elementor-widget-button\" data-id=\"346f64f\" data-element_type=\"widget\" data-e-type=\"widget\" data-widget_type=\"button.default\">\n\t\t\t\t<div class=\"elementor-widget-container\">\n\t\t\t\t\t\t\t\t\t<div class=\"elementor-button-wrapper\">\n\t\t\t\t\t<a class=\"elementor-button elementor-button-link elementor-size-md\" href=\"#elementor-action%3Aaction%3Dpopup%3Aopen%26settings%3DeyJpZCI6IjU0OTEiLCJ0b2dnbGUiOmZhbHNlfQ%3D%3D\">\n\t\t\t\t\t\t<span class=\"elementor-button-content-wrapper\">\n\t\t\t\t\t\t\t\t\t<span class=\"elementor-button-text\">Contactez-nous<\/span>\n\t\t\t\t\t<\/span>\n\t\t\t\t\t<\/a>\n\t\t\t\t<\/div>\n\t\t\t\t\t\t\t\t<\/div>\n\t\t\t\t<\/div>\n\t\t\t\t\t<\/div>\n\t\t<\/div>\n\t\t\t\t\t<\/div>\n\t\t<\/section>\n\t\t\t\t\t<\/div>\n\t\t<\/div>\n\t\t\t\t\t<\/div>\n\t\t<\/section>\n\t\t\t\t<\/div>\n\t\t","protected":false},"excerpt":{"rendered":"<p>Fran\u00e7ois-Ren\u00e9, votre capitaine et guide \u00e0 Porto, Corse Fran\u00e7ois-Ren\u00e9 Castellani, enfant de Piana et h\u00e9ritier d\u2019une lign\u00e9e de p\u00eacheurs de Ficaghjola, est un amoureux inconditionnel de sa r\u00e9gion. Pionnier dans l\u2019\u00e2me, il a fond\u00e9 la toute premi\u00e8re compagnie maritime du village de Piana \u00e0 proposer la d\u00e9couverte des calanques par la mer. Accompagn\u00e9 de son [&hellip;]<\/p>\n","protected":false},"author":1,"featured_media":0,"parent":4874,"menu_order":0,"comment_status":"closed","ping_status":"closed","template":"","meta":{"footnotes":""},"class_list":["post-4924","page","type-page","status-publish","hentry"],"_links":{"self":[{"href":"https:\/\/scandola-girolata-piana.com\/en\/wp-json\/wp\/v2\/pages\/4924","targetHints":{"allow":["GET"]}}],"collection":[{"href":"https:\/\/scandola-girolata-piana.com\/en\/wp-json\/wp\/v2\/pages"}],"about":[{"href":"https:\/\/scandola-girolata-piana.com\/en\/wp-json\/wp\/v2\/types\/page"}],"author":[{"embeddable":true,"href":"https:\/\/scandola-girolata-piana.com\/en\/wp-json\/wp\/v2\/users\/1"}],"replies":[{"embeddable":true,"href":"https:\/\/scandola-girolata-piana.com\/en\/wp-json\/wp\/v2\/comments?post=4924"}],"version-history":[{"count":43,"href":"https:\/\/scandola-girolata-piana.com\/en\/wp-json\/wp\/v2\/pages\/4924\/revisions"}],"predecessor-version":[{"id":7067,"href":"https:\/\/scandola-girolata-piana.com\/en\/wp-json\/wp\/v2\/pages\/4924\/revisions\/7067"}],"up":[{"embeddable":true,"href":"https:\/\/scandola-girolata-piana.com\/en\/wp-json\/wp\/v2\/pages\/4874"}],"wp:attachment":[{"href":"https:\/\/scandola-girolata-piana.com\/en\/wp-json\/wp\/v2\/media?parent=4924"}],"curies":[{"name":"wp","href":"https:\/\/api.w.org\/{rel}","templated":true}]}}