{"id":6294,"date":"2025-06-10T13:25:11","date_gmt":"2025-06-10T11:25:11","guid":{"rendered":"https:\/\/blissful-heyrovsky.51-91-247-96.plesk.page\/?page_id=6294"},"modified":"2025-07-10T11:23:17","modified_gmt":"2025-07-10T09:23:17","slug":"circuit-3-les-calanques-de-piana-et-les-grottes-du-capo-rosso","status":"publish","type":"page","link":"https:\/\/scandola-girolata-piana.com\/en\/les-circuits\/circuit-3-les-calanques-de-piana-et-les-grottes-du-capo-rosso\/","title":{"rendered":"Circuit 3 : the calanques of Piana and the Caves of Capo Rosso"},"content":{"rendered":"<div data-elementor-type=\"wp-page\" data-elementor-id=\"6294\" class=\"elementor elementor-6294\" data-elementor-post-type=\"page\">\n\t\t\t\t<div class=\"elementor-element elementor-element-30b2e13 elementor-hidden-desktop elementor-hidden-tablet e-con-full e-flex e-con e-child\" data-id=\"30b2e13\" data-element_type=\"container\" data-e-type=\"container\" data-settings=\"{&quot;background_background&quot;:&quot;classic&quot;}\">\n\t\t<div class=\"elementor-element elementor-element-66c0ee4 e-con-full e-flex e-con e-child\" data-id=\"66c0ee4\" data-element_type=\"container\" data-e-type=\"container\">\n\t\t<div class=\"elementor-element elementor-element-a954631 e-con-full e-flex e-con e-child\" data-id=\"a954631\" data-element_type=\"container\" data-e-type=\"container\">\n\t\t<div class=\"elementor-element elementor-element-6252fc4 e-con-full e-flex e-con e-child\" data-id=\"6252fc4\" data-element_type=\"container\" data-e-type=\"container\">\n\t\t\t\t<div class=\"elementor-element elementor-element-ed2858a elementor-widget elementor-widget-image\" data-id=\"ed2858a\" data-element_type=\"widget\" data-e-type=\"widget\" data-widget_type=\"image.default\">\n\t\t\t\t<div class=\"elementor-widget-container\">\n\t\t\t\t\t\t\t\t\t\t\t\t\t\t\t<img decoding=\"async\" width=\"166\" height=\"166\" src=\"https:\/\/scandola-girolata-piana.com\/wp-content\/uploads\/2025\/06\/CERCLE-JAUNE.png\" class=\"attachment-full size-full wp-image-6312\" alt=\"\" srcset=\"https:\/\/scandola-girolata-piana.com\/wp-content\/uploads\/2025\/06\/CERCLE-JAUNE.png 166w, https:\/\/scandola-girolata-piana.com\/wp-content\/uploads\/2025\/06\/CERCLE-JAUNE-150x150.png 150w, https:\/\/scandola-girolata-piana.com\/wp-content\/uploads\/2025\/06\/CERCLE-JAUNE-70x70.png 70w, https:\/\/scandola-girolata-piana.com\/wp-content\/uploads\/2025\/06\/CERCLE-JAUNE-85x85.png 85w, https:\/\/scandola-girolata-piana.com\/wp-content\/uploads\/2025\/06\/CERCLE-JAUNE-135x135.png 135w, https:\/\/scandola-girolata-piana.com\/wp-content\/uploads\/2025\/06\/CERCLE-JAUNE-80x80.png 80w\" sizes=\"(max-width: 166px) 100vw, 166px\" \/>\t\t\t\t\t\t\t\t\t\t\t\t\t\t\t<\/div>\n\t\t\t\t<\/div>\n\t\t\t\t<\/div>\n\t\t<div class=\"elementor-element elementor-element-29d0995 e-con-full e-flex e-con e-child\" data-id=\"29d0995\" data-element_type=\"container\" data-e-type=\"container\">\n\t\t\t\t<div class=\"elementor-element elementor-element-8f919a4 elementor-widget elementor-widget-heading\" data-id=\"8f919a4\" data-element_type=\"widget\" data-e-type=\"widget\" data-widget_type=\"heading.default\">\n\t\t\t\t<div class=\"elementor-widget-container\">\n\t\t\t\t\t<h2 class=\"elementor-heading-title elementor-size-default\">CIRCUIT 3 :<\/h2>\t\t\t\t<\/div>\n\t\t\t\t<\/div>\n\t\t\t\t<\/div>\n\t\t\t\t<\/div>\n\t\t\t\t<div class=\"elementor-element elementor-element-da1039d e-transform elementor-widget elementor-widget-heading\" data-id=\"da1039d\" data-element_type=\"widget\" data-e-type=\"widget\" data-settings=\"{&quot;_transform_rotateZ_effect&quot;:{&quot;unit&quot;:&quot;px&quot;,&quot;size&quot;:-2.8,&quot;sizes&quot;:[]},&quot;_transform_rotateZ_effect_tablet&quot;:{&quot;unit&quot;:&quot;deg&quot;,&quot;size&quot;:&quot;&quot;,&quot;sizes&quot;:[]},&quot;_transform_rotateZ_effect_mobile&quot;:{&quot;unit&quot;:&quot;deg&quot;,&quot;size&quot;:&quot;&quot;,&quot;sizes&quot;:[]}}\" data-widget_type=\"heading.default\">\n\t\t\t\t<div class=\"elementor-widget-container\">\n\t\t\t\t\t<h2 class=\"elementor-heading-title elementor-size-default\">CALANQUES DE PIANA<\/h2>\t\t\t\t<\/div>\n\t\t\t\t<\/div>\n\t\t\t\t<div class=\"elementor-element elementor-element-31eadef e-transform elementor-widget elementor-widget-heading\" data-id=\"31eadef\" data-element_type=\"widget\" data-e-type=\"widget\" data-settings=\"{&quot;_transform_rotateZ_effect&quot;:{&quot;unit&quot;:&quot;px&quot;,&quot;size&quot;:-2.8,&quot;sizes&quot;:[]},&quot;_transform_rotateZ_effect_tablet&quot;:{&quot;unit&quot;:&quot;deg&quot;,&quot;size&quot;:&quot;&quot;,&quot;sizes&quot;:[]},&quot;_transform_rotateZ_effect_mobile&quot;:{&quot;unit&quot;:&quot;deg&quot;,&quot;size&quot;:&quot;&quot;,&quot;sizes&quot;:[]}}\" data-widget_type=\"heading.default\">\n\t\t\t\t<div class=\"elementor-widget-container\">\n\t\t\t\t\t<h2 class=\"elementor-heading-title elementor-size-default\">AND THE CAVES OF CAPO rOSSO <\/h2>\t\t\t\t<\/div>\n\t\t\t\t<\/div>\n\t\t<div class=\"elementor-element elementor-element-48d1300 e-flex e-con-boxed e-con e-child\" data-id=\"48d1300\" data-element_type=\"container\" data-e-type=\"container\">\n\t\t\t\t\t<div class=\"e-con-inner\">\n\t\t\t\t<div class=\"elementor-element elementor-element-4ac31b7 elementor-widget elementor-widget-text-editor\" data-id=\"4ac31b7\" data-element_type=\"widget\" data-e-type=\"widget\" data-widget_type=\"text-editor.default\">\n\t\t\t\t<div class=\"elementor-widget-container\">\n\t\t\t\t\t\t\t\t\t<p>Duration : 1h30<br \/>Travel Distance : 25km<br \/>Number of persons : 12<br \/>Departure : Port of Porto<br \/>Beginning of a season : April<br \/>The end of the season : October (included)<\/p><p>Price : 40\u20ac<\/p>\t\t\t\t\t\t\t\t<\/div>\n\t\t\t\t<\/div>\n\t\t\t\t\t<\/div>\n\t\t\t\t<\/div>\n\t\t\t\t<\/div>\n\t\t<div class=\"elementor-element elementor-element-50a1940 e-con-full e-flex e-con e-child\" data-id=\"50a1940\" data-element_type=\"container\" data-e-type=\"container\">\n\t\t\t\t<div class=\"elementor-element elementor-element-df58723 elementor-widget elementor-widget-image\" data-id=\"df58723\" data-element_type=\"widget\" data-e-type=\"widget\" data-widget_type=\"image.default\">\n\t\t\t\t<div class=\"elementor-widget-container\">\n\t\t\t\t\t\t\t\t\t\t\t\t\t\t\t<img fetchpriority=\"high\" decoding=\"async\" width=\"12489\" height=\"10403\" src=\"https:\/\/scandola-girolata-piana.com\/wp-content\/uploads\/2025\/05\/image0.png\" class=\"attachment-full size-full wp-image-6095\" alt=\"\" \/>\t\t\t\t\t\t\t\t\t\t\t\t\t\t\t<\/div>\n\t\t\t\t<\/div>\n\t\t\t\t<div class=\"elementor-element elementor-element-8dcc0f4 elementor-align-center elementor-widget elementor-widget-button\" data-id=\"8dcc0f4\" data-element_type=\"widget\" data-e-type=\"widget\" data-widget_type=\"button.default\">\n\t\t\t\t<div class=\"elementor-widget-container\">\n\t\t\t\t\t\t\t\t\t<div class=\"elementor-button-wrapper\">\n\t\t\t\t\t<a class=\"elementor-button elementor-button-link elementor-size-sm\" href=\"#elementor-action%3Aaction%3Dpopup%3Aopen%26settings%3DeyJpZCI6IjU0OTEiLCJ0b2dnbGUiOmZhbHNlfQ%3D%3D\">\n\t\t\t\t\t\t<span class=\"elementor-button-content-wrapper\">\n\t\t\t\t\t\t\t\t\t<span class=\"elementor-button-text\">Book now<\/span>\n\t\t\t\t\t<\/span>\n\t\t\t\t\t<\/a>\n\t\t\t\t<\/div>\n\t\t\t\t\t\t\t\t<\/div>\n\t\t\t\t<\/div>\n\t\t\t\t<\/div>\n\t\t\t\t<\/div>\n\t\t<div class=\"elementor-element elementor-element-44d9eec elementor-hidden-mobile e-con-full e-flex e-con e-parent\" data-id=\"44d9eec\" data-element_type=\"container\" data-e-type=\"container\" data-settings=\"{&quot;background_background&quot;:&quot;classic&quot;}\">\n\t\t<div class=\"elementor-element elementor-element-9d45ae4 e-con-full e-flex e-con e-child\" data-id=\"9d45ae4\" data-element_type=\"container\" data-e-type=\"container\">\n\t\t<div class=\"elementor-element elementor-element-bc4ec7e e-con-full e-flex e-con e-child\" data-id=\"bc4ec7e\" data-element_type=\"container\" data-e-type=\"container\">\n\t\t<div class=\"elementor-element elementor-element-82f356c e-con-full e-flex e-con e-child\" data-id=\"82f356c\" data-element_type=\"container\" data-e-type=\"container\">\n\t\t\t\t<div class=\"elementor-element elementor-element-dc390ac elementor-widget elementor-widget-image\" data-id=\"dc390ac\" data-element_type=\"widget\" data-e-type=\"widget\" data-widget_type=\"image.default\">\n\t\t\t\t<div class=\"elementor-widget-container\">\n\t\t\t\t\t\t\t\t\t\t\t\t\t\t\t<img decoding=\"async\" width=\"166\" height=\"166\" src=\"https:\/\/scandola-girolata-piana.com\/wp-content\/uploads\/2025\/06\/CERCLE-JAUNE.png\" class=\"attachment-full size-full wp-image-6312\" alt=\"\" srcset=\"https:\/\/scandola-girolata-piana.com\/wp-content\/uploads\/2025\/06\/CERCLE-JAUNE.png 166w, https:\/\/scandola-girolata-piana.com\/wp-content\/uploads\/2025\/06\/CERCLE-JAUNE-150x150.png 150w, https:\/\/scandola-girolata-piana.com\/wp-content\/uploads\/2025\/06\/CERCLE-JAUNE-70x70.png 70w, https:\/\/scandola-girolata-piana.com\/wp-content\/uploads\/2025\/06\/CERCLE-JAUNE-85x85.png 85w, https:\/\/scandola-girolata-piana.com\/wp-content\/uploads\/2025\/06\/CERCLE-JAUNE-135x135.png 135w, https:\/\/scandola-girolata-piana.com\/wp-content\/uploads\/2025\/06\/CERCLE-JAUNE-80x80.png 80w\" sizes=\"(max-width: 166px) 100vw, 166px\" \/>\t\t\t\t\t\t\t\t\t\t\t\t\t\t\t<\/div>\n\t\t\t\t<\/div>\n\t\t\t\t<\/div>\n\t\t<div class=\"elementor-element elementor-element-b996e24 e-con-full e-flex e-con e-child\" data-id=\"b996e24\" data-element_type=\"container\" data-e-type=\"container\">\n\t\t\t\t<div class=\"elementor-element elementor-element-82f3607 elementor-widget elementor-widget-heading\" data-id=\"82f3607\" data-element_type=\"widget\" data-e-type=\"widget\" data-widget_type=\"heading.default\">\n\t\t\t\t<div class=\"elementor-widget-container\">\n\t\t\t\t\t<h2 class=\"elementor-heading-title elementor-size-default\">CIRCUIT 3 :<\/h2>\t\t\t\t<\/div>\n\t\t\t\t<\/div>\n\t\t\t\t<\/div>\n\t\t\t\t<\/div>\n\t\t\t\t<div class=\"elementor-element elementor-element-aed080d e-transform elementor-widget elementor-widget-heading\" data-id=\"aed080d\" data-element_type=\"widget\" data-e-type=\"widget\" data-settings=\"{&quot;_transform_rotateZ_effect&quot;:{&quot;unit&quot;:&quot;px&quot;,&quot;size&quot;:-2.8,&quot;sizes&quot;:[]},&quot;_transform_rotateZ_effect_tablet&quot;:{&quot;unit&quot;:&quot;deg&quot;,&quot;size&quot;:&quot;&quot;,&quot;sizes&quot;:[]},&quot;_transform_rotateZ_effect_mobile&quot;:{&quot;unit&quot;:&quot;deg&quot;,&quot;size&quot;:&quot;&quot;,&quot;sizes&quot;:[]}}\" data-widget_type=\"heading.default\">\n\t\t\t\t<div class=\"elementor-widget-container\">\n\t\t\t\t\t<h2 class=\"elementor-heading-title elementor-size-default\">CALANQUES DE PIANA<\/h2>\t\t\t\t<\/div>\n\t\t\t\t<\/div>\n\t\t\t\t<div class=\"elementor-element elementor-element-21d70f8 e-transform elementor-widget elementor-widget-heading\" data-id=\"21d70f8\" data-element_type=\"widget\" data-e-type=\"widget\" data-settings=\"{&quot;_transform_rotateZ_effect&quot;:{&quot;unit&quot;:&quot;px&quot;,&quot;size&quot;:-2.8,&quot;sizes&quot;:[]},&quot;_transform_rotateZ_effect_tablet&quot;:{&quot;unit&quot;:&quot;deg&quot;,&quot;size&quot;:&quot;&quot;,&quot;sizes&quot;:[]},&quot;_transform_rotateZ_effect_mobile&quot;:{&quot;unit&quot;:&quot;deg&quot;,&quot;size&quot;:&quot;&quot;,&quot;sizes&quot;:[]}}\" data-widget_type=\"heading.default\">\n\t\t\t\t<div class=\"elementor-widget-container\">\n\t\t\t\t\t<h2 class=\"elementor-heading-title elementor-size-default\">AND THE CAVES OF CAPO rOSSO<\/h2>\t\t\t\t<\/div>\n\t\t\t\t<\/div>\n\t\t<div class=\"elementor-element elementor-element-f24b7d1 e-con-full e-flex e-con e-child\" data-id=\"f24b7d1\" data-element_type=\"container\" data-e-type=\"container\">\n\t\t\t\t<div class=\"elementor-element elementor-element-5114fad elementor-widget elementor-widget-text-editor\" data-id=\"5114fad\" data-element_type=\"widget\" data-e-type=\"widget\" data-widget_type=\"text-editor.default\">\n\t\t\t\t<div class=\"elementor-widget-container\">\n\t\t\t\t\t\t\t\t\t<p>Duration :<span style=\"font-weight: bold;\"> 1h30<\/span><br \/>Number of people :<span style=\"font-weight: bold;\"> 12<\/span><br \/>Departure :<span style=\"font-weight: bold;\"> The Port of Porto<\/span><br \/>Beginning of a season : <span style=\"font-weight: bold;\">April<\/span><br \/>The end of the season :<span style=\"font-weight: bold;\"> October (included)<\/span><br \/>Price :<span style=\"font-weight: bold;\"> 40\u20ac<\/span><\/p>\t\t\t\t\t\t\t\t<\/div>\n\t\t\t\t<\/div>\n\t\t\t\t<\/div>\n\t\t\t\t<\/div>\n\t\t<div class=\"elementor-element elementor-element-216126b e-con-full e-flex e-con e-child\" data-id=\"216126b\" data-element_type=\"container\" data-e-type=\"container\">\n\t\t\t\t<div class=\"elementor-element elementor-element-01fbb27 elementor-widget elementor-widget-image\" data-id=\"01fbb27\" data-element_type=\"widget\" data-e-type=\"widget\" data-widget_type=\"image.default\">\n\t\t\t\t<div class=\"elementor-widget-container\">\n\t\t\t\t\t\t\t\t\t\t\t\t\t\t\t<img fetchpriority=\"high\" decoding=\"async\" width=\"12489\" height=\"10403\" src=\"https:\/\/scandola-girolata-piana.com\/wp-content\/uploads\/2025\/05\/image0.png\" class=\"attachment-full size-full wp-image-6095\" alt=\"\" \/>\t\t\t\t\t\t\t\t\t\t\t\t\t\t\t<\/div>\n\t\t\t\t<\/div>\n\t\t\t\t<div class=\"elementor-element elementor-element-8d4bb80 elementor-align-center elementor-widget elementor-widget-button\" data-id=\"8d4bb80\" data-element_type=\"widget\" data-e-type=\"widget\" data-widget_type=\"button.default\">\n\t\t\t\t<div class=\"elementor-widget-container\">\n\t\t\t\t\t\t\t\t\t<div class=\"elementor-button-wrapper\">\n\t\t\t\t\t<a class=\"elementor-button elementor-button-link elementor-size-sm\" href=\"#elementor-action%3Aaction%3Dpopup%3Aopen%26settings%3DeyJpZCI6IjU0OTEiLCJ0b2dnbGUiOmZhbHNlfQ%3D%3D\">\n\t\t\t\t\t\t<span class=\"elementor-button-content-wrapper\">\n\t\t\t\t\t\t\t\t\t<span class=\"elementor-button-text\">Book now<\/span>\n\t\t\t\t\t<\/span>\n\t\t\t\t\t<\/a>\n\t\t\t\t<\/div>\n\t\t\t\t\t\t\t\t<\/div>\n\t\t\t\t<\/div>\n\t\t\t\t<\/div>\n\t\t\t\t<\/div>\n\t\t<div class=\"elementor-element elementor-element-8142f86 e-flex e-con-boxed e-con e-parent\" data-id=\"8142f86\" data-element_type=\"container\" data-e-type=\"container\" data-settings=\"{&quot;background_background&quot;:&quot;classic&quot;}\">\n\t\t\t\t\t<div class=\"e-con-inner\">\n\t\t<div class=\"elementor-element elementor-element-075318d e-con-full e-flex e-con e-child\" data-id=\"075318d\" data-element_type=\"container\" data-e-type=\"container\" data-settings=\"{&quot;background_background&quot;:&quot;classic&quot;}\">\n\t\t\t\t<div class=\"elementor-element elementor-element-1bde4d6 elementor-widget elementor-widget-heading\" data-id=\"1bde4d6\" data-element_type=\"widget\" data-e-type=\"widget\" data-widget_type=\"heading.default\">\n\t\t\t\t<div class=\"elementor-widget-container\">\n\t\t\t\t\t<h2 class=\"elementor-heading-title elementor-size-default\">CIRCUIT BOAT RIDE TO THE CALANQUES OF PIANA &amp; CAVES OF CAPO ROSSO<\/h2>\t\t\t\t<\/div>\n\t\t\t\t<\/div>\n\t\t\t\t<div class=\"elementor-element elementor-element-ebda24c elementor-widget elementor-widget-heading\" data-id=\"ebda24c\" data-element_type=\"widget\" data-e-type=\"widget\" data-widget_type=\"heading.default\">\n\t\t\t\t<div class=\"elementor-widget-container\">\n\t\t\t\t\t<h3 class=\"elementor-heading-title elementor-size-default\">Boat ride from Porto<\/h3>\t\t\t\t<\/div>\n\t\t\t\t<\/div>\n\t\t\t\t<div class=\"elementor-element elementor-element-5948a85 elementor-widget elementor-widget-text-editor\" data-id=\"5948a85\" data-element_type=\"widget\" data-e-type=\"widget\" data-widget_type=\"text-editor.default\">\n\t\t\t\t<div class=\"elementor-widget-container\">\n\t\t\t\t\t\t\t\t\t<p>Sea Excursion to the <strong>Calanques de Piana<\/strong>, the <strong>Caves of Capo Rosso<\/strong><\/p>\t\t\t\t\t\t\t\t<\/div>\n\t\t\t\t<\/div>\n\t\t\t\t<div class=\"elementor-element elementor-element-3198e8c elementor-widget elementor-widget-text-editor\" data-id=\"3198e8c\" data-element_type=\"widget\" data-e-type=\"widget\" data-widget_type=\"text-editor.default\">\n\t\t\t\t<div class=\"elementor-widget-container\">\n\t\t\t\t\t\t\t\t\t<p>Starting from the port of Porto, depart for a visit full of one of the world heritage sites of UNESCO. This is without doubt one of the most beautiful walks in the sea to do in Corsica !<br \/><br \/>Once you are on the Alpana, the captain will take the direction of the famous calanques de Piana. You will spend close to fisherman&#039;s beach of Ficaghjola accessible by sea or by a path.<br \/><br \/>Thanks to a conduct in the \u201cclean-slate-stones\u201d you will spend the most close to the rocks and enter the famous caves of Capo Rosso completely inaccessible to vessels of a larger size.<\/p>\t\t\t\t\t\t\t\t<\/div>\n\t\t\t\t<\/div>\n\t\t\t\t<\/div>\n\t\t<div class=\"elementor-element elementor-element-c21b79a e-con-full e-flex e-con e-child\" data-id=\"c21b79a\" data-element_type=\"container\" data-e-type=\"container\">\n\t\t\t\t<div class=\"elementor-element elementor-element-effa655 elementor--h-position-center elementor--v-position-middle elementor-arrows-position-inside elementor-pagination-position-inside elementor-widget elementor-widget-slides\" data-id=\"effa655\" data-element_type=\"widget\" data-e-type=\"widget\" data-settings=\"{&quot;navigation&quot;:&quot;both&quot;,&quot;autoplay&quot;:&quot;yes&quot;,&quot;pause_on_hover&quot;:&quot;yes&quot;,&quot;pause_on_interaction&quot;:&quot;yes&quot;,&quot;autoplay_speed&quot;:5000,&quot;infinite&quot;:&quot;yes&quot;,&quot;transition&quot;:&quot;slide&quot;,&quot;transition_speed&quot;:500}\" data-widget_type=\"slides.default\">\n\t\t\t\t<div class=\"elementor-widget-container\">\n\t\t\t\t\t\t\t\t\t<div class=\"elementor-swiper\">\n\t\t\t\t\t<div class=\"elementor-slides-wrapper elementor-main-swiper swiper\" role=\"region\" aria-roledescription=\"carousel\" aria-label=\"Slides\" dir=\"ltr\" data-animation=\"fadeInUp\">\n\t\t\t\t<div class=\"swiper-wrapper elementor-slides\">\n\t\t\t\t\t\t\t\t\t\t<div class=\"elementor-repeater-item-7cce619 swiper-slide\" role=\"group\" aria-roledescription=\"slide\"><div class=\"swiper-slide-bg\" role=\"img\" aria-label=\"thumbnail_152D8A78-8D49-4192-82DB-577A352270F6\"><\/div><div class=\"swiper-slide-inner\" ><div class=\"swiper-slide-contents\"><\/div><\/div><\/div><div class=\"elementor-repeater-item-2d68305 swiper-slide\" role=\"group\" aria-roledescription=\"slide\"><div class=\"swiper-slide-bg\" role=\"img\" aria-label=\"thumbnail_9DF690FC-6C7E-44E0-8D34-4C1245E8CAB6\"><\/div><div class=\"swiper-slide-inner\" ><div class=\"swiper-slide-contents\"><\/div><\/div><\/div><div class=\"elementor-repeater-item-88bcc37 swiper-slide\" role=\"group\" aria-roledescription=\"slide\"><div class=\"swiper-slide-bg\" role=\"img\" aria-label=\"thumbnail_IMG_6626\"><\/div><div class=\"swiper-slide-inner\" ><div class=\"swiper-slide-contents\"><\/div><\/div><\/div><div class=\"elementor-repeater-item-d8d4fa8 swiper-slide\" role=\"group\" aria-roledescription=\"slide\"><div class=\"swiper-slide-bg\" role=\"img\" aria-label=\"thumbnail_5825A03F-6739-4627-B2B9-55E6ADF15C3D\"><\/div><div class=\"swiper-slide-inner\" ><div class=\"swiper-slide-contents\"><\/div><\/div><\/div><div class=\"elementor-repeater-item-4204089 swiper-slide\" role=\"group\" aria-roledescription=\"slide\"><div class=\"swiper-slide-bg\" role=\"img\" aria-label=\"thumbnail_8B00DE6A-7C4C-4075-96C2-D37B8C778BB3\"><\/div><div class=\"swiper-slide-inner\" ><div class=\"swiper-slide-contents\"><\/div><\/div><\/div><div class=\"elementor-repeater-item-4c09713 swiper-slide\" role=\"group\" aria-roledescription=\"slide\"><div class=\"swiper-slide-bg\" role=\"img\" aria-label=\"thumbnail_IMG_2456\"><\/div><div class=\"swiper-slide-inner\" ><div class=\"swiper-slide-contents\"><\/div><\/div><\/div><div class=\"elementor-repeater-item-f939715 swiper-slide\" role=\"group\" aria-roledescription=\"slide\"><div class=\"swiper-slide-bg\" role=\"img\" aria-label=\"thumbnail_IMG_2417\"><\/div><div class=\"swiper-slide-inner\" ><div class=\"swiper-slide-contents\"><\/div><\/div><\/div><div class=\"elementor-repeater-item-40c29c3 swiper-slide\" role=\"group\" aria-roledescription=\"slide\"><div class=\"swiper-slide-bg\" role=\"img\" aria-label=\"thumbnail_IMG_1475\"><\/div><div class=\"swiper-slide-inner\" ><div class=\"swiper-slide-contents\"><\/div><\/div><\/div><div class=\"elementor-repeater-item-79bf5ba swiper-slide\" role=\"group\" aria-roledescription=\"slide\"><div class=\"swiper-slide-bg\" role=\"img\" aria-label=\"thumbnail_IMG_1381\"><\/div><div class=\"swiper-slide-inner\" ><div class=\"swiper-slide-contents\"><\/div><\/div><\/div><div class=\"elementor-repeater-item-672dbf5 swiper-slide\" role=\"group\" aria-roledescription=\"slide\"><div class=\"swiper-slide-bg\" role=\"img\" aria-label=\"thumbnail_152D8A78-8D49-4192-82DB-577A352270F6\"0><\/div><div class=\"swiper-slide-inner\" ><div class=\"swiper-slide-contents\"><\/div><\/div><\/div>\t\t\t\t<\/div>\n\t\t\t\t\t\t\t\t\t\t\t\t\t\t\t<div class=\"elementor-swiper-button elementor-swiper-button-prev\" role=\"button\" tabindex=\"0\" aria-label=\"thumbnail_152D8A78-8D49-4192-82DB-577A352270F6\"1>\n\t\t\t\t\t\t\t<svg aria-hidden=\"true\" class=\"e-font-icon-svg e-eicon-chevron-left\" viewbox=\"0 0 1000 1000\" xmlns=\"http:\/\/www.w3.org\/2000\/svg\"><path d=\"M646 125C629 125 613 133 604 142L308 442C296 454 292 471 292 487 292 504 296 521 308 533L604 854C617 867 629 875 646 875 663 875 679 871 692 858 704 846 713 829 713 812 713 796 708 779 692 767L438 487 692 225C700 217 708 204 708 187 708 171 704 154 692 142 675 129 663 125 646 125Z\"><\/path><\/svg>\t\t\t\t\t\t<\/div>\n\t\t\t\t\t\t<div class=\"elementor-swiper-button elementor-swiper-button-next\" role=\"button\" tabindex=\"0\" aria-label=\"thumbnail_152D8A78-8D49-4192-82DB-577A352270F6\"2>\n\t\t\t\t\t\t\t<svg aria-hidden=\"true\" class=\"e-font-icon-svg e-eicon-chevron-right\" viewbox=\"0 0 1000 1000\" xmlns=\"http:\/\/www.w3.org\/2000\/svg\"><path d=\"M696 533C708 521 713 504 713 487 713 471 708 454 696 446L400 146C388 133 375 125 354 125 338 125 325 129 313 142 300 154 292 171 292 187 292 204 296 221 308 233L563 492 304 771C292 783 288 800 288 817 288 833 296 850 308 863 321 871 338 875 354 875 371 875 388 867 400 854L696 533Z\"><\/path><\/svg>\t\t\t\t\t\t<\/div>\n\t\t\t\t\t\t\t\t\t\t\t\t\t\t\t\t<div class=\"swiper-pagination\"><\/div>\n\t\t\t\t\t\t\t\t\t\t\t\t<\/div>\n\t\t\t\t<\/div>\n\t\t\t\t\t\t\t\t<\/div>\n\t\t\t\t<\/div>\n\t\t\t\t<\/div>\n\t\t\t\t\t<\/div>\n\t\t\t\t<\/div>\n\t\t<div class=\"elementor-element elementor-element-b84753e e-flex e-con-boxed e-con e-parent\" data-id=\"b84753e\" data-element_type=\"container\" data-e-type=\"container\" data-settings=\"{&quot;background_background&quot;:&quot;classic&quot;}\">\n\t\t\t\t\t<div class=\"e-con-inner\">\n\t\t\t\t<div class=\"elementor-element elementor-element-510f4e4 elementor-widget elementor-widget-text-editor\" data-id=\"510f4e4\" data-element_type=\"widget\" data-e-type=\"widget\" data-widget_type=\"text-editor.default\">\n\t\t\t\t<div class=\"elementor-widget-container\">\n\t\t\t\t\t\t\t\t\t<p>Whether you call it a walk in the sea, a boat cruise, a trip, a walk in the sea, a boat trip, The Alpana departing from Porto in corsica will make you live a dream day in an ocean of happiness. Scandola , Girolata and the calanques de Piana not have any more secrets for you !<\/p>\t\t\t\t\t\t\t\t<\/div>\n\t\t\t\t<\/div>\n\t\t\t\t\t<\/div>\n\t\t\t\t<\/div>\n\t\t\t\t<\/div>","protected":false},"excerpt":{"rendered":"<p>CIRCUIT 3 : LES CALANQUES DE PIANA ET LES GROTTES DU CAPO rOSSO Dur\u00e9e : 1h30Distance de parcours : 25kmNombre de personnes : 12D\u00e9part : Port de PortoD\u00e9but de saison : AvrilFin de saison : Octobre (inclus) Tarif : 40\u20ac R\u00e9servez maintenant CIRCUIT 3 : LES CALANQUES DE PIANA ET LES GROTTES DU CAPO rOSSO [&hellip;]<\/p>\n","protected":false},"author":1,"featured_media":0,"parent":6107,"menu_order":0,"comment_status":"closed","ping_status":"closed","template":"","meta":{"footnotes":""},"class_list":["post-6294","page","type-page","status-publish","hentry"],"_links":{"self":[{"href":"https:\/\/scandola-girolata-piana.com\/en\/wp-json\/wp\/v2\/pages\/6294","targetHints":{"allow":["GET"]}}],"collection":[{"href":"https:\/\/scandola-girolata-piana.com\/en\/wp-json\/wp\/v2\/pages"}],"about":[{"href":"https:\/\/scandola-girolata-piana.com\/en\/wp-json\/wp\/v2\/types\/page"}],"author":[{"embeddable":true,"href":"https:\/\/scandola-girolata-piana.com\/en\/wp-json\/wp\/v2\/users\/1"}],"replies":[{"embeddable":true,"href":"https:\/\/scandola-girolata-piana.com\/en\/wp-json\/wp\/v2\/comments?post=6294"}],"version-history":[{"count":116,"href":"https:\/\/scandola-girolata-piana.com\/en\/wp-json\/wp\/v2\/pages\/6294\/revisions"}],"predecessor-version":[{"id":7223,"href":"https:\/\/scandola-girolata-piana.com\/en\/wp-json\/wp\/v2\/pages\/6294\/revisions\/7223"}],"up":[{"embeddable":true,"href":"https:\/\/scandola-girolata-piana.com\/en\/wp-json\/wp\/v2\/pages\/6107"}],"wp:attachment":[{"href":"https:\/\/scandola-girolata-piana.com\/en\/wp-json\/wp\/v2\/media?parent=6294"}],"curies":[{"name":"wp","href":"https:\/\/api.w.org\/{rel}","templated":true}]}}